{"id":906,"date":"2013-09-05T03:21:22","date_gmt":"2013-09-05T02:21:22","guid":{"rendered":"http:\/\/www.jsp-saintmauricedebeynost.com\/?page_id=906"},"modified":"2020-09-10T17:57:39","modified_gmt":"2020-09-10T16:57:39","slug":"missions-des-sdis","status":"publish","type":"page","link":"https:\/\/www.jsp-saintmauricedebeynost.com\/?page_id=906","title":{"rendered":"Missions des SDIS"},"content":{"rendered":"<link type=\"text\/css\" rel=\"stylesheet\" href=\"http:\/\/www.jsp-saintmauricedebeynost.com\/wp-content\/plugins\/quizzin\/style.css\" \/>\r\n<script type=\"text\/javascript\" src=\"http:\/\/www.jsp-saintmauricedebeynost.com\/wp-includes\/js\/jquery\/jquery.js\"><\/script>\r\n<script type=\"text\/javascript\" src=\"http:\/\/www.jsp-saintmauricedebeynost.com\/wp-content\/plugins\/quizzin\/script.js\"><\/script>\r\n\r\n<div class=\"quiz-area single-page-quiz\">\r\n<form action=\"\" method=\"post\" class=\"quiz-form\" id=\"quiz-48\">\r\n<div class='quizzin-question' id='question-1'><div class='question-content'>1) SDIS signifie : <\/div><br \/><input type='hidden' name='question_id[]' value='451' \/><input type='radio' name='answer-451' id='answer-id-1753' class='answer answer-1 ' value='1753' \/><label for='answer-id-1753' id='answer-label-1753' class=' answer label-1'><span>Sch\u00e9ma D\u00e9partemental d\u2019Incendie et de Secours <\/span><\/label><br \/><input type='radio' name='answer-451' id='answer-id-1754' class='answer answer-1 ' value='1754' \/><label for='answer-id-1754' id='answer-label-1754' class=' answer label-1'><span>Service D\u00e9partemental d\u2019Incendie et de Secours<\/span><\/label><br \/><input type='radio' name='answer-451' id='answer-id-1755' class='answer answer-1 ' value='1755' \/><label for='answer-id-1755' id='answer-label-1755' class=' answer label-1'><span>Syst\u00e8me D\u00e9partemental d\u2019Incendie et de Secours<\/span><\/label><br \/><\/div><div class='quizzin-question' id='question-2'><div class='question-content'>2) SDACR signifie :<\/div><br \/><input type='hidden' name='question_id[]' value='452' \/><input type='radio' name='answer-452' id='answer-id-1756' class='answer answer-2 ' value='1756' \/><label for='answer-id-1756' id='answer-label-1756' class=' answer label-2'><span>Sch\u00e9ma D\u00e9partemental d\u2019Analyse et de Couverture des Risques<\/span><\/label><br \/><input type='radio' name='answer-452' id='answer-id-1757' class='answer answer-2 ' value='1757' \/><label for='answer-id-1757' id='answer-label-1757' class=' answer label-2'><span>Service D\u00e9partemental d\u2019Analyse et de Couverture des Risques<\/span><\/label><br \/><input type='radio' name='answer-452' id='answer-id-1758' class='answer answer-2 ' value='1758' \/><label for='answer-id-1758' id='answer-label-1758' class=' answer label-2'><span>Syst\u00e8me D\u00e9partemental d\u2019Analyse et de Couverture des Risques<\/span><\/label><br \/><\/div><div class='quizzin-question' id='question-3'><div class='question-content'>3) Les centres de premi\u00e8res interventions (CPI) assurent :<\/div><br \/><input type='hidden' name='question_id[]' value='453' \/><input type='radio' name='answer-453' id='answer-id-1759' class='answer answer-3 ' value='1759' \/><label for='answer-id-1759' id='answer-label-1759' class=' answer label-3'><span>Simultan\u00e9ment au moins 1 d\u00e9part pour l\u2019incendie, 2 pour secours \u00e0 personne et 1 autre d\u00e9part<\/span><\/label><br \/><input type='radio' name='answer-453' id='answer-id-1760' class='answer answer-3 ' value='1760' \/><label for='answer-id-1760' id='answer-label-1760' class=' answer label-3'><span>Simultan\u00e9ment au moins un d\u00e9part pour l\u2019incendie ou 1 secours \u00e0 personne et un autre d\u00e9part<\/span><\/label><br \/><input type='radio' name='answer-453' id='answer-id-1761' class='answer answer-3 ' value='1761' \/><label for='answer-id-1761' id='answer-label-1761' class=' answer label-3'><span>Une seule mission \u00e0 la fois<\/span><\/label><br \/><\/div><div class='quizzin-question' id='question-4'><div class='question-content'>4) Les centres de secours assurent :<\/div><br \/><input type='hidden' name='question_id[]' value='454' \/><input type='radio' name='answer-454' id='answer-id-1762' class='answer answer-4 ' value='1762' \/><label for='answer-id-1762' id='answer-label-1762' class=' answer label-4'><span>Simultan\u00e9ment au moins 1 d\u00e9part pour l\u2019incendie, 2 pour secours \u00e0 personne et 1 autre d\u00e9part<\/span><\/label><br \/><input type='radio' name='answer-454' id='answer-id-1763' class='answer answer-4 ' value='1763' \/><label for='answer-id-1763' id='answer-label-1763' class=' answer label-4'><span>Simultan\u00e9ment au moins un d\u00e9part pour l\u2019incendie ou 1 secours \u00e0 personne et un autre d\u00e9part<\/span><\/label><br \/><input type='radio' name='answer-454' id='answer-id-1764' class='answer answer-4 ' value='1764' \/><label for='answer-id-1764' id='answer-label-1764' class=' answer label-4'><span>Une seule mission \u00e0 la fois<\/span><\/label><br \/><\/div><div class='quizzin-question' id='question-5'><div class='question-content'>5) Les centres de secours principaux assurent :<\/div><br \/><input type='hidden' name='question_id[]' value='455' \/><input type='radio' name='answer-455' id='answer-id-1765' class='answer answer-5 ' value='1765' \/><label for='answer-id-1765' id='answer-label-1765' class=' answer label-5'><span>Simultan\u00e9ment au moins 1 d\u00e9part pour l\u2019incendie, 2 pour secours \u00e0 personne et 1 autre d\u00e9part <\/span><\/label><br \/><input type='radio' name='answer-455' id='answer-id-1766' class='answer answer-5 ' value='1766' \/><label for='answer-id-1766' id='answer-label-1766' class=' answer label-5'><span>Simultan\u00e9ment au moins un d\u00e9part pour l\u2019incendie ou 1 secours \u00e0 personne et un autre d\u00e9part<\/span><\/label><br \/><input type='radio' name='answer-455' id='answer-id-1767' class='answer answer-5 ' value='1767' \/><label for='answer-id-1767' id='answer-label-1767' class=' answer label-5'><span>Une seule mission \u00e0 la fois<\/span><\/label><br \/><\/div><div class='quizzin-question' id='question-6'><div class='question-content'>6) Un CIS est dit mixte lorsqu\u2019il comprend \u00e0 la fois des sapeurs pompiers \u2026<\/div><br \/><input type='hidden' name='question_id[]' value='456' \/><input type='radio' name='answer-456' id='answer-id-1768' class='answer answer-6 ' value='1768' \/><label for='answer-id-1768' id='answer-label-1768' class=' answer label-6'><span>Militaires et professionnels<\/span><\/label><br \/><input type='radio' name='answer-456' id='answer-id-1769' class='answer answer-6 ' value='1769' \/><label for='answer-id-1769' id='answer-label-1769' class=' answer label-6'><span>Priv\u00e9s et volontaires<\/span><\/label><br \/><input type='radio' name='answer-456' id='answer-id-1770' class='answer answer-6 ' value='1770' \/><label for='answer-id-1770' id='answer-label-1770' class=' answer label-6'><span>Professionnels et volontaires<\/span><\/label><br \/><\/div><div class='quizzin-question' id='question-7'><div class='question-content'>7) Laquelle de ces missions est du ressort du SDIS :<\/div><br \/><input type='hidden' name='question_id[]' value='457' \/><input type='radio' name='answer-457' id='answer-id-1771' class='answer answer-7 ' value='1771' \/><label for='answer-id-1771' id='answer-label-1771' class=' answer label-7'><span>Transport de corps<\/span><\/label><br \/><input type='radio' name='answer-457' id='answer-id-1772' class='answer answer-7 ' value='1772' \/><label for='answer-id-1772' id='answer-label-1772' class=' answer label-7'><span>Objet mena\u00e7ant de tomber sur la voie publique<\/span><\/label><br \/><input type='radio' name='answer-457' id='answer-id-1773' class='answer answer-7 ' value='1773' \/><label for='answer-id-1773' id='answer-label-1773' class=' answer label-7'><span>Destruction d\u2019abeille<\/span><\/label><br \/><\/div><div class='quizzin-question' id='question-8'><div class='question-content'>8) Laquelle de ces missions est du ressort du SDIS :<\/div><br \/><input type='hidden' name='question_id[]' value='458' \/><input type='radio' name='answer-458' id='answer-id-1774' class='answer answer-8 ' value='1774' \/><label for='answer-id-1774' id='answer-label-1774' class=' answer label-8'><span>Ivresse sur voie publique<\/span><\/label><br \/><input type='radio' name='answer-458' id='answer-id-1775' class='answer answer-8 ' value='1775' \/><label for='answer-id-1775' id='answer-label-1775' class=' answer label-8'><span>D\u00e9pannage de gros v\u00e9hicule<\/span><\/label><br \/><input type='radio' name='answer-458' id='answer-id-1776' class='answer answer-8 ' value='1776' \/><label for='answer-id-1776' id='answer-label-1776' class=' answer label-8'><span>Ouverture de porte pour personne ne r\u00e9pondant pas aux appels<\/span><\/label><br \/><\/div><div class='quizzin-question' id='question-9'><div class='question-content'>9) Laquelle de ces missions est du ressort du SDIS :<\/div><br \/><input type='hidden' name='question_id[]' value='459' \/><input type='radio' name='answer-459' id='answer-id-1777' class='answer answer-9 ' value='1777' \/><label for='answer-id-1777' id='answer-label-1777' class=' answer label-9'><span>Sauvetage d\u2019animaux<\/span><\/label><br \/><input type='radio' name='answer-459' id='answer-id-1778' class='answer answer-9 ' value='1778' \/><label for='answer-id-1778' id='answer-label-1778' class=' answer label-9'><span>Ouverture de porte pour personne ne pouvant pas rentrer chez elle<\/span><\/label><br \/><input type='radio' name='answer-459' id='answer-id-1779' class='answer answer-9 ' value='1779' \/><label for='answer-id-1779' id='answer-label-1779' class=' answer label-9'><span>Chat \u00e9cras\u00e9 sur la route<\/span><\/label><br \/><\/div><div class='quizzin-question' id='question-10'><div class='question-content'>10) Le SDACR \u2026<\/div><br \/><input type='hidden' name='question_id[]' value='460' \/><input type='radio' name='answer-460' id='answer-id-1780' class='answer answer-10 ' value='1780' \/><label for='answer-id-1780' id='answer-label-1780' class=' answer label-10'><span>Fixe les consignes op\u00e9rationnelles relatives aux diff\u00e9rentes missions du SIS<\/span><\/label><br \/><input type='radio' name='answer-460' id='answer-id-1781' class='answer answer-10 ' value='1781' \/><label for='answer-id-1781' id='answer-label-1781' class=' answer label-10'><span>Dresse l\u2019inventaire des risques quotidiens ou \u00e9ventuellement pour la s\u00e9curit\u00e9 des personnes et des biens <\/span><\/label><br \/><input type='radio' name='answer-460' id='answer-id-1782' class='answer answer-10 ' value='1782' \/><label for='answer-id-1782' id='answer-label-1782' class=' answer label-10'><span>Est charg\u00e9 de la mise en \u0153uvre op\u00e9rationnelle des moyens du SDIS sous l\u2019autorit\u00e9 du pr\u00e9fet et des maires int\u00e9ress\u00e9s<\/span><\/label><br \/><\/div><br \/>\r\n<input type=\"button\" id=\"next-question\" value=\"Suivant &gt;\"  \/><br \/>\r\n\r\n<input type=\"submit\" name=\"action\" id=\"action-button\" value=\"Voir le r\u00e9sultat\"  \/>\r\n<input type=\"hidden\" name=\"quiz_id\" value=\"48\" \/>\r\n<\/form>\r\n<\/div>\r\n\r\n\n","protected":false},"excerpt":{"rendered":"","protected":false},"author":1,"featured_media":0,"parent":2542,"menu_order":0,"comment_status":"closed","ping_status":"open","template":"","meta":{"ngg_post_thumbnail":0,"_themeisle_gutenberg_block_has_review":false,"footnotes":""},"class_list":["post-906","page","type-page","status-publish","hentry"],"_links":{"self":[{"href":"https:\/\/www.jsp-saintmauricedebeynost.com\/index.php?rest_route=\/wp\/v2\/pages\/906","targetHints":{"allow":["GET"]}}],"collection":[{"href":"https:\/\/www.jsp-saintmauricedebeynost.com\/index.php?rest_route=\/wp\/v2\/pages"}],"about":[{"href":"https:\/\/www.jsp-saintmauricedebeynost.com\/index.php?rest_route=\/wp\/v2\/types\/page"}],"author":[{"embeddable":true,"href":"https:\/\/www.jsp-saintmauricedebeynost.com\/index.php?rest_route=\/wp\/v2\/users\/1"}],"replies":[{"embeddable":true,"href":"https:\/\/www.jsp-saintmauricedebeynost.com\/index.php?rest_route=%2Fwp%2Fv2%2Fcomments&post=906"}],"version-history":[{"count":2,"href":"https:\/\/www.jsp-saintmauricedebeynost.com\/index.php?rest_route=\/wp\/v2\/pages\/906\/revisions"}],"predecessor-version":[{"id":908,"href":"https:\/\/www.jsp-saintmauricedebeynost.com\/index.php?rest_route=\/wp\/v2\/pages\/906\/revisions\/908"}],"up":[{"embeddable":true,"href":"https:\/\/www.jsp-saintmauricedebeynost.com\/index.php?rest_route=\/wp\/v2\/pages\/2542"}],"wp:attachment":[{"href":"https:\/\/www.jsp-saintmauricedebeynost.com\/index.php?rest_route=%2Fwp%2Fv2%2Fmedia&parent=906"}],"curies":[{"name":"wp","href":"https:\/\/api.w.org\/{rel}","templated":true}]}}