{"id":902,"date":"2013-09-05T03:02:30","date_gmt":"2013-09-05T02:02:30","guid":{"rendered":"http:\/\/www.jsp-saintmauricedebeynost.com\/?page_id=902"},"modified":"2020-09-10T17:57:39","modified_gmt":"2020-09-10T16:57:39","slug":"materiel-divers","status":"publish","type":"page","link":"https:\/\/www.jsp-saintmauricedebeynost.com\/?page_id=902","title":{"rendered":"Mat\u00e9riel divers"},"content":{"rendered":"<link type=\"text\/css\" rel=\"stylesheet\" href=\"http:\/\/www.jsp-saintmauricedebeynost.com\/wp-content\/plugins\/quizzin\/style.css\" \/>\r\n<script type=\"text\/javascript\" src=\"http:\/\/www.jsp-saintmauricedebeynost.com\/wp-includes\/js\/jquery\/jquery.js\"><\/script>\r\n<script type=\"text\/javascript\" src=\"http:\/\/www.jsp-saintmauricedebeynost.com\/wp-content\/plugins\/quizzin\/script.js\"><\/script>\r\n\r\n<div class=\"quiz-area single-page-quiz\">\r\n<form action=\"\" method=\"post\" class=\"quiz-form\" id=\"quiz-47\">\r\n<div class='quizzin-question' id='question-1'><div class='question-content'>1) Pour battre les herbes s\u00e8ches ou les broussailles en feu afin de les \u00e9teindre, j\u2019utilise :<\/div><br \/><input type='hidden' name='question_id[]' value='441' \/><input type='radio' name='answer-441' id='answer-id-1723' class='answer answer-1 ' value='1723' \/><label for='answer-id-1723' id='answer-label-1723' class=' answer label-1'><span>La fourche.<\/span><\/label><br \/><input type='radio' name='answer-441' id='answer-id-1724' class='answer answer-1 ' value='1724' \/><label for='answer-id-1724' id='answer-label-1724' class=' answer label-1'><span>La batte \u00e0 feu.<\/span><\/label><br \/><input type='radio' name='answer-441' id='answer-id-1725' class='answer answer-1 ' value='1725' \/><label for='answer-id-1725' id='answer-label-1725' class=' answer label-1'><span>La masse.<\/span><\/label><br \/><\/div><div class='quizzin-question' id='question-2'><div class='question-content'>2) Pour abattre murs et cloisons, j\u2019utilise :<\/div><br \/><input type='hidden' name='question_id[]' value='442' \/><input type='radio' name='answer-442' id='answer-id-1726' class='answer answer-2 ' value='1726' \/><label for='answer-id-1726' id='answer-label-1726' class=' answer label-2'><span>La fourche.<\/span><\/label><br \/><input type='radio' name='answer-442' id='answer-id-1727' class='answer answer-2 ' value='1727' \/><label for='answer-id-1727' id='answer-label-1727' class=' answer label-2'><span>La batte \u00e0 feu.<\/span><\/label><br \/><input type='radio' name='answer-442' id='answer-id-1728' class='answer answer-2 ' value='1728' \/><label for='answer-id-1728' id='answer-label-1728' class=' answer label-2'><span>La masse.<\/span><\/label><br \/><\/div><div class='quizzin-question' id='question-3'><div class='question-content'>3) Pour d\u00e9placer les mat\u00e9riaux brul\u00e9s, j\u2019utilise : <\/div><br \/><input type='hidden' name='question_id[]' value='443' \/><input type='radio' name='answer-443' id='answer-id-1729' class='answer answer-3 ' value='1729' \/><label for='answer-id-1729' id='answer-label-1729' class=' answer label-3'><span>La fourche.<\/span><\/label><br \/><input type='radio' name='answer-443' id='answer-id-1730' class='answer answer-3 ' value='1730' \/><label for='answer-id-1730' id='answer-label-1730' class=' answer label-3'><span>La batte \u00e0 feu.<\/span><\/label><br \/><input type='radio' name='answer-443' id='answer-id-1731' class='answer answer-3 ' value='1731' \/><label for='answer-id-1731' id='answer-label-1731' class=' answer label-3'><span>La masse.<\/span><\/label><br \/><\/div><div class='quizzin-question' id='question-4'><div class='question-content'>4) La courroie d\u2019amarre sert \u00e0 :<\/div><br \/><input type='hidden' name='question_id[]' value='444' \/><input type='radio' name='answer-444' id='answer-id-1732' class='answer answer-4 ' value='1732' \/><label for='answer-id-1732' id='answer-label-1732' class=' answer label-4'><span>Assurer le personnel travaillant en hauteur (EPA, BEA\u2026)<\/span><\/label><br \/><input type='radio' name='answer-444' id='answer-id-1733' class='answer answer-4 ' value='1733' \/><label for='answer-id-1733' id='answer-label-1733' class=' answer label-4'><span>Amarrer les tuyaux en \u00e9tablissement rampant.<\/span><\/label><br \/><input type='radio' name='answer-444' id='answer-id-1734' class='answer answer-4 ' value='1734' \/><label for='answer-id-1734' id='answer-label-1734' class=' answer label-4'><span>Amarrer le petit mat\u00e9riel pour le monter ou le descendre.<\/span><\/label><br \/><\/div><div class='quizzin-question' id='question-5'><div class='question-content'>5) Pour faire tomber les gravats, soulager les plafonds\u2026, j\u2019utilise :<\/div><br \/><input type='hidden' name='question_id[]' value='445' \/><input type='radio' name='answer-445' id='answer-id-1735' class='answer answer-5 ' value='1735' \/><label for='answer-id-1735' id='answer-label-1735' class=' answer label-5'><span>La grande pince ou le pied de biche.<\/span><\/label><br \/><input type='radio' name='answer-445' id='answer-id-1736' class='answer answer-5 ' value='1736' \/><label for='answer-id-1736' id='answer-label-1736' class=' answer label-5'><span>La gaffe.<\/span><\/label><br \/><input type='radio' name='answer-445' id='answer-id-1737' class='answer answer-5 ' value='1737' \/><label for='answer-id-1737' id='answer-label-1737' class=' answer label-5'><span>La hache d\u2019incendie.<\/span><\/label><br \/><\/div><div class='quizzin-question' id='question-6'><div class='question-content'>6) Pour forcer les portes et les fen\u00eatres, j\u2019utilise : <\/div><br \/><input type='hidden' name='question_id[]' value='446' \/><input type='radio' name='answer-446' id='answer-id-1738' class='answer answer-6 ' value='1738' \/><label for='answer-id-1738' id='answer-label-1738' class=' answer label-6'><span>La grande pince ou le pied de biche.<\/span><\/label><br \/><input type='radio' name='answer-446' id='answer-id-1739' class='answer answer-6 ' value='1739' \/><label for='answer-id-1739' id='answer-label-1739' class=' answer label-6'><span>La gaffe.<\/span><\/label><br \/><input type='radio' name='answer-446' id='answer-id-1740' class='answer answer-6 ' value='1740' \/><label for='answer-id-1740' id='answer-label-1740' class=' answer label-6'><span>La hache d\u2019incendie.<\/span><\/label><br \/><\/div><div class='quizzin-question' id='question-7'><div class='question-content'>7) Pour trouer, trancher les mat\u00e9riaux mena\u00e7ant de tomber ou gratter le carbone, j\u2019utilise :<\/div><br \/><input type='hidden' name='question_id[]' value='447' \/><input type='radio' name='answer-447' id='answer-id-1741' class='answer answer-7 ' value='1741' \/><label for='answer-id-1741' id='answer-label-1741' class=' answer label-7'><span>La grande pince ou le pied de biche.<\/span><\/label><br \/><input type='radio' name='answer-447' id='answer-id-1742' class='answer answer-7 ' value='1742' \/><label for='answer-id-1742' id='answer-label-1742' class=' answer label-7'><span>La gaffe.<\/span><\/label><br \/><input type='radio' name='answer-447' id='answer-id-1743' class='answer answer-7 ' value='1743' \/><label for='answer-id-1743' id='answer-label-1743' class=' answer label-7'><span>La hache d\u2019incendie.<\/span><\/label><br \/><\/div><div class='quizzin-question' id='question-8'><div class='question-content'>8) Pour assurer le personnel en toiture lors de la reconnaissance, j\u2019utilise :<\/div><br \/><input type='hidden' name='question_id[]' value='448' \/><input type='radio' name='answer-448' id='answer-id-1744' class='answer answer-8 ' value='1744' \/><label for='answer-id-1744' id='answer-label-1744' class=' answer label-8'><span>Le cordage.<\/span><\/label><br \/><input type='radio' name='answer-448' id='answer-id-1745' class='answer answer-8 ' value='1745' \/><label for='answer-id-1745' id='answer-label-1745' class=' answer label-8'><span>Le lot de sauvetage et protection contre les chutes (LSPCC)<\/span><\/label><br \/><input type='radio' name='answer-448' id='answer-id-1746' class='answer answer-8 ' value='1746' \/><label for='answer-id-1746' id='answer-label-1746' class=' answer label-8'><span>La commande.<\/span><\/label><br \/><\/div><div class='quizzin-question' id='question-9'><div class='question-content'>9) Un mat\u00e9riel pour feu de chemin\u00e9e :<\/div><br \/><input type='hidden' name='question_id[]' value='449' \/><input type='radio' name='answer-449' id='answer-id-1747' class='answer answer-9 ' value='1747' \/><label for='answer-id-1747' id='answer-label-1747' class=' answer label-9'><span>Le h\u00e9risson<\/span><\/label><br \/><input type='radio' name='answer-449' id='answer-id-1748' class='answer answer-9 ' value='1748' \/><label for='answer-id-1748' id='answer-label-1748' class=' answer label-9'><span>La scie \u00e9go\u00efne<\/span><\/label><br \/><input type='radio' name='answer-449' id='answer-id-1749' class='answer answer-9 ' value='1749' \/><label for='answer-id-1749' id='answer-label-1749' class=' answer label-9'><span>La serpe<\/span><\/label><br \/><\/div><div class='quizzin-question' id='question-10'><div class='question-content'>10) Pour v\u00e9rifier l\u2019\u00e9tat du conduit lors d\u2019un feu de chemin\u00e9e, j\u2019utilise :<\/div><br \/><input type='hidden' name='question_id[]' value='450' \/><input type='radio' name='answer-450' id='answer-id-1750' class='answer answer-10 ' value='1750' \/><label for='answer-id-1750' id='answer-label-1750' class=' answer label-10'><span>La hachette.<\/span><\/label><br \/><input type='radio' name='answer-450' id='answer-id-1751' class='answer answer-10 ' value='1751' \/><label for='answer-id-1751' id='answer-label-1751' class=' answer label-10'><span>La pelle.<\/span><\/label><br \/><input type='radio' name='answer-450' id='answer-id-1752' class='answer answer-10 ' value='1752' \/><label for='answer-id-1752' id='answer-label-1752' class=' answer label-10'><span>Le miroir<\/span><\/label><br \/><\/div><br \/>\r\n<input type=\"button\" id=\"next-question\" value=\"Suivant &gt;\"  \/><br \/>\r\n\r\n<input type=\"submit\" name=\"action\" id=\"action-button\" value=\"Voir le r\u00e9sultat\"  \/>\r\n<input type=\"hidden\" name=\"quiz_id\" value=\"47\" \/>\r\n<\/form>\r\n<\/div>\r\n\r\n\n","protected":false},"excerpt":{"rendered":"","protected":false},"author":1,"featured_media":0,"parent":2542,"menu_order":0,"comment_status":"closed","ping_status":"closed","template":"","meta":{"ngg_post_thumbnail":0,"_themeisle_gutenberg_block_has_review":false,"footnotes":""},"class_list":["post-902","page","type-page","status-publish","hentry"],"_links":{"self":[{"href":"https:\/\/www.jsp-saintmauricedebeynost.com\/index.php?rest_route=\/wp\/v2\/pages\/902","targetHints":{"allow":["GET"]}}],"collection":[{"href":"https:\/\/www.jsp-saintmauricedebeynost.com\/index.php?rest_route=\/wp\/v2\/pages"}],"about":[{"href":"https:\/\/www.jsp-saintmauricedebeynost.com\/index.php?rest_route=\/wp\/v2\/types\/page"}],"author":[{"embeddable":true,"href":"https:\/\/www.jsp-saintmauricedebeynost.com\/index.php?rest_route=\/wp\/v2\/users\/1"}],"replies":[{"embeddable":true,"href":"https:\/\/www.jsp-saintmauricedebeynost.com\/index.php?rest_route=%2Fwp%2Fv2%2Fcomments&post=902"}],"version-history":[{"count":2,"href":"https:\/\/www.jsp-saintmauricedebeynost.com\/index.php?rest_route=\/wp\/v2\/pages\/902\/revisions"}],"predecessor-version":[{"id":904,"href":"https:\/\/www.jsp-saintmauricedebeynost.com\/index.php?rest_route=\/wp\/v2\/pages\/902\/revisions\/904"}],"up":[{"embeddable":true,"href":"https:\/\/www.jsp-saintmauricedebeynost.com\/index.php?rest_route=\/wp\/v2\/pages\/2542"}],"wp:attachment":[{"href":"https:\/\/www.jsp-saintmauricedebeynost.com\/index.php?rest_route=%2Fwp%2Fv2%2Fmedia&parent=902"}],"curies":[{"name":"wp","href":"https:\/\/api.w.org\/{rel}","templated":true}]}}