{"id":893,"date":"2013-09-04T20:53:53","date_gmt":"2013-09-04T19:53:53","guid":{"rendered":"http:\/\/www.jsp-saintmauricedebeynost.com\/?page_id=893"},"modified":"2020-09-10T17:57:39","modified_gmt":"2020-09-10T16:57:39","slug":"les-sapeurs-pompiers-publics-militaires-ou-prives","status":"publish","type":"page","link":"https:\/\/www.jsp-saintmauricedebeynost.com\/?page_id=893","title":{"rendered":"Les sapeurs-pompiers publics, militaires ou priv\u00e9s"},"content":{"rendered":"<link type=\"text\/css\" rel=\"stylesheet\" href=\"http:\/\/www.jsp-saintmauricedebeynost.com\/wp-content\/plugins\/quizzin\/style.css\" \/>\r\n<script type=\"text\/javascript\" src=\"http:\/\/www.jsp-saintmauricedebeynost.com\/wp-includes\/js\/jquery\/jquery.js\"><\/script>\r\n<script type=\"text\/javascript\" src=\"http:\/\/www.jsp-saintmauricedebeynost.com\/wp-content\/plugins\/quizzin\/script.js\"><\/script>\r\n\r\n<div class=\"quiz-area single-page-quiz\">\r\n<form action=\"\" method=\"post\" class=\"quiz-form\" id=\"quiz-46\">\r\n<div class='quizzin-question' id='question-1'><div class='question-content'>1) Les sapeurs-pompiers publics constituent :<\/div><br \/><input type='hidden' name='question_id[]' value='431' \/><input type='radio' name='answer-431' id='answer-id-1690' class='answer answer-1 ' value='1690' \/><label for='answer-id-1690' id='answer-label-1690' class=' answer label-1'><span>La BSPP, le BMPM et l\u2019UIISC <\/span><\/label><br \/><input type='radio' name='answer-431' id='answer-id-1691' class='answer answer-1 ' value='1691' \/><label for='answer-id-1691' id='answer-label-1691' class=' answer label-1'><span>Les sapeurs-pompiers professionnels et volontaires<\/span><\/label><br \/><input type='radio' name='answer-431' id='answer-id-1692' class='answer answer-1 ' value='1692' \/><label for='answer-id-1692' id='answer-label-1692' class=' answer label-1'><span>D\u2019agents de s\u00e9curit\u00e9 et de sapeurs-pompiers dans les a\u00e9roports et industries<\/span><\/label><br \/><\/div><div class='quizzin-question' id='question-2'><div class='question-content'>2) Les sapeurs-pompiers militaires constituent :<\/div><br \/><input type='hidden' name='question_id[]' value='432' \/><input type='radio' name='answer-432' id='answer-id-1693' class='answer answer-2 ' value='1693' \/><label for='answer-id-1693' id='answer-label-1693' class=' answer label-2'><span>La BSPP, le BMPM et l\u2019UIISC<\/span><\/label><br \/><input type='radio' name='answer-432' id='answer-id-1694' class='answer answer-2 ' value='1694' \/><label for='answer-id-1694' id='answer-label-1694' class=' answer label-2'><span>Les sapeurs-pompiers professionnels et volontaires<\/span><\/label><br \/><input type='radio' name='answer-432' id='answer-id-1695' class='answer answer-2 ' value='1695' \/><label for='answer-id-1695' id='answer-label-1695' class=' answer label-2'><span>D\u2019agents de s\u00e9curit\u00e9 et de sapeurs-pompiers dans les a\u00e9roports et industries<\/span><\/label><br \/><\/div><div class='quizzin-question' id='question-3'><div class='question-content'>3) Les sapeurs-pompiers priv\u00e9s constituent : <\/div><br \/><input type='hidden' name='question_id[]' value='433' \/><input type='radio' name='answer-433' id='answer-id-1696' class='answer answer-3 ' value='1696' \/><label for='answer-id-1696' id='answer-label-1696' class=' answer label-3'><span>La BSPP, le BMPM et l\u2019UIISC<\/span><\/label><br \/><input type='radio' name='answer-433' id='answer-id-1697' class='answer answer-3 ' value='1697' \/><label for='answer-id-1697' id='answer-label-1697' class=' answer label-3'><span>Les sapeurs-pompiers professionnels et volontaires<\/span><\/label><br \/><input type='radio' name='answer-433' id='answer-id-1698' class='answer answer-3 ' value='1698' \/><label for='answer-id-1698' id='answer-label-1698' class=' answer label-3'><span>D\u2019agents de s\u00e9curit\u00e9 et de sapeurs-pompiers dans les a\u00e9roports et industries<\/span><\/label><br \/><\/div><div class='quizzin-question' id='question-4'><div class='question-content'>4) Les sapeurs-pompiers professionnels \u2026<\/div><br \/><input type='hidden' name='question_id[]' value='434' \/><input type='radio' name='answer-434' id='answer-id-2464' class='answer answer-4 ' value='2464' \/><label for='answer-id-2464' id='answer-label-2464' class=' answer label-4'><span>Accomplissent leurs missions en plus de leur profession dans un CS (Centre de Secours)<\/span><\/label><br \/><input type='radio' name='answer-434' id='answer-id-2465' class='answer answer-4 ' value='2465' \/><label for='answer-id-2465' id='answer-label-2465' class=' answer label-4'><span>Forment la brigade de sapeurs-pompiers de Paris, les marins-pompiers de Marseille et UIISC<\/span><\/label><br \/><input type='radio' name='answer-434' id='answer-id-2466' class='answer answer-4 ' value='2466' \/><label for='answer-id-2466' id='answer-label-2466' class=' answer label-4'><span>Sont fonctionnaires territoriaux et ils sont affect\u00e9s principalement dans les CS fortement sollicit\u00e9s<\/span><\/label><br \/><\/div><div class='quizzin-question' id='question-5'><div class='question-content'>\r\n5) Les sapeurs-pompiers volontaires\u2026\r\n<\/div><br \/><input type='hidden' name='question_id[]' value='435' \/><input type='radio' name='answer-435' id='answer-id-1702' class='answer answer-5 ' value='1702' \/><label for='answer-id-1702' id='answer-label-1702' class=' answer label-5'><span>Accomplissent leurs missions en plus de leur profession dans un CS<\/span><\/label><br \/><input type='radio' name='answer-435' id='answer-id-1703' class='answer answer-5 ' value='1703' \/><label for='answer-id-1703' id='answer-label-1703' class=' answer label-5'><span>Forment la brigade de sapeurs-pompiers de Paris, les marins-pompiers de Marseille et UIISC<\/span><\/label><br \/><input type='radio' name='answer-435' id='answer-id-1704' class='answer answer-5 ' value='1704' \/><label for='answer-id-1704' id='answer-label-1704' class=' answer label-5'><span>Sont fonctionnaires territoriaux et ils sont affect\u00e9s principalement dans les CS fortement sollicit\u00e9s<\/span><\/label><br \/><\/div><div class='quizzin-question' id='question-6'><div class='question-content'>6) Les sapeurs-pompiers militaires sont environ, en France, au nombre de :<\/div><br \/><input type='hidden' name='question_id[]' value='436' \/><input type='radio' name='answer-436' id='answer-id-1708' class='answer answer-6 ' value='1708' \/><label for='answer-id-1708' id='answer-label-1708' class=' answer label-6'><span>30 000<\/span><\/label><br \/><input type='radio' name='answer-436' id='answer-id-1709' class='answer answer-6 ' value='1709' \/><label for='answer-id-1709' id='answer-label-1709' class=' answer label-6'><span>200 000<\/span><\/label><br \/><input type='radio' name='answer-436' id='answer-id-1710' class='answer answer-6 ' value='1710' \/><label for='answer-id-1710' id='answer-label-1710' class=' answer label-6'><span>12 000<\/span><\/label><br \/><\/div><div class='quizzin-question' id='question-7'><div class='question-content'>7) Les sapeurs-pompiers volontaires sont environ, en France, au nombre de : <\/div><br \/><input type='hidden' name='question_id[]' value='437' \/><input type='radio' name='answer-437' id='answer-id-2467' class='answer answer-7 ' value='2467' \/><label for='answer-id-2467' id='answer-label-2467' class=' answer label-7'><span>30 000<\/span><\/label><br \/><input type='radio' name='answer-437' id='answer-id-2468' class='answer answer-7 ' value='2468' \/><label for='answer-id-2468' id='answer-label-2468' class=' answer label-7'><span>200 000<\/span><\/label><br \/><input type='radio' name='answer-437' id='answer-id-2469' class='answer answer-7 ' value='2469' \/><label for='answer-id-2469' id='answer-label-2469' class=' answer label-7'><span>12 000<\/span><\/label><br \/><\/div><div class='quizzin-question' id='question-8'><div class='question-content'>8) Les sapeurs-pompiers professionnel sont environ, en France, au nombre de : <\/div><br \/><input type='hidden' name='question_id[]' value='438' \/><input type='radio' name='answer-438' id='answer-id-2470' class='answer answer-8 ' value='2470' \/><label for='answer-id-2470' id='answer-label-2470' class=' answer label-8'><span>30 000<\/span><\/label><br \/><input type='radio' name='answer-438' id='answer-id-2471' class='answer answer-8 ' value='2471' \/><label for='answer-id-2471' id='answer-label-2471' class=' answer label-8'><span>200 000<\/span><\/label><br \/><input type='radio' name='answer-438' id='answer-id-2472' class='answer answer-8 ' value='2472' \/><label for='answer-id-2472' id='answer-label-2472' class=' answer label-8'><span>12 000<\/span><\/label><br \/><\/div><div class='quizzin-question' id='question-9'><div class='question-content'>9) La dur\u00e9e d\u2019un engagement d\u2019un SPV est de : <\/div><br \/><input type='hidden' name='question_id[]' value='439' \/><input type='radio' name='answer-439' id='answer-id-1717' class='answer answer-9 ' value='1717' \/><label for='answer-id-1717' id='answer-label-1717' class=' answer label-9'><span>3 ans<\/span><\/label><br \/><input type='radio' name='answer-439' id='answer-id-1718' class='answer answer-9 ' value='1718' \/><label for='answer-id-1718' id='answer-label-1718' class=' answer label-9'><span>5 ans<\/span><\/label><br \/><input type='radio' name='answer-439' id='answer-id-1719' class='answer answer-9 ' value='1719' \/><label for='answer-id-1719' id='answer-label-1719' class=' answer label-9'><span>10 ans<\/span><\/label><br \/><\/div><div class='quizzin-question' id='question-10'><div class='question-content'>10) Un sapeur-pompier dans un IGH ou un ERP est un sapeur-pompier :<\/div><br \/><input type='hidden' name='question_id[]' value='440' \/><input type='radio' name='answer-440' id='answer-id-1720' class='answer answer-10 ' value='1720' \/><label for='answer-id-1720' id='answer-label-1720' class=' answer label-10'><span>Professionnel ou volontaire<\/span><\/label><br \/><input type='radio' name='answer-440' id='answer-id-1721' class='answer answer-10 ' value='1721' \/><label for='answer-id-1721' id='answer-label-1721' class=' answer label-10'><span>Militaire<\/span><\/label><br \/><input type='radio' name='answer-440' id='answer-id-1722' class='answer answer-10 ' value='1722' \/><label for='answer-id-1722' id='answer-label-1722' class=' answer label-10'><span>Priv\u00e9s<\/span><\/label><br \/><\/div><br \/>\r\n<input type=\"button\" id=\"next-question\" value=\"Suivant &gt;\"  \/><br \/>\r\n\r\n<input type=\"submit\" name=\"action\" id=\"action-button\" value=\"Voir le r\u00e9sultat\"  \/>\r\n<input type=\"hidden\" name=\"quiz_id\" value=\"46\" \/>\r\n<\/form>\r\n<\/div>\r\n\r\n\n","protected":false},"excerpt":{"rendered":"","protected":false},"author":1,"featured_media":0,"parent":2542,"menu_order":0,"comment_status":"closed","ping_status":"open","template":"","meta":{"ngg_post_thumbnail":0,"_themeisle_gutenberg_block_has_review":false,"footnotes":""},"class_list":["post-893","page","type-page","status-publish","hentry"],"_links":{"self":[{"href":"https:\/\/www.jsp-saintmauricedebeynost.com\/index.php?rest_route=\/wp\/v2\/pages\/893","targetHints":{"allow":["GET"]}}],"collection":[{"href":"https:\/\/www.jsp-saintmauricedebeynost.com\/index.php?rest_route=\/wp\/v2\/pages"}],"about":[{"href":"https:\/\/www.jsp-saintmauricedebeynost.com\/index.php?rest_route=\/wp\/v2\/types\/page"}],"author":[{"embeddable":true,"href":"https:\/\/www.jsp-saintmauricedebeynost.com\/index.php?rest_route=\/wp\/v2\/users\/1"}],"replies":[{"embeddable":true,"href":"https:\/\/www.jsp-saintmauricedebeynost.com\/index.php?rest_route=%2Fwp%2Fv2%2Fcomments&post=893"}],"version-history":[{"count":2,"href":"https:\/\/www.jsp-saintmauricedebeynost.com\/index.php?rest_route=\/wp\/v2\/pages\/893\/revisions"}],"predecessor-version":[{"id":895,"href":"https:\/\/www.jsp-saintmauricedebeynost.com\/index.php?rest_route=\/wp\/v2\/pages\/893\/revisions\/895"}],"up":[{"embeddable":true,"href":"https:\/\/www.jsp-saintmauricedebeynost.com\/index.php?rest_route=\/wp\/v2\/pages\/2542"}],"wp:attachment":[{"href":"https:\/\/www.jsp-saintmauricedebeynost.com\/index.php?rest_route=%2Fwp%2Fv2%2Fmedia&parent=893"}],"curies":[{"name":"wp","href":"https:\/\/api.w.org\/{rel}","templated":true}]}}