{"id":890,"date":"2013-09-04T19:36:18","date_gmt":"2013-09-04T18:36:18","guid":{"rendered":"http:\/\/www.jsp-saintmauricedebeynost.com\/?page_id=890"},"modified":"2020-09-10T17:57:39","modified_gmt":"2020-09-10T16:57:39","slug":"les-extincteurs","status":"publish","type":"page","link":"https:\/\/www.jsp-saintmauricedebeynost.com\/?page_id=890","title":{"rendered":"Les extincteurs"},"content":{"rendered":"<link type=\"text\/css\" rel=\"stylesheet\" href=\"http:\/\/www.jsp-saintmauricedebeynost.com\/wp-content\/plugins\/quizzin\/style.css\" \/>\r\n<script type=\"text\/javascript\" src=\"http:\/\/www.jsp-saintmauricedebeynost.com\/wp-includes\/js\/jquery\/jquery.js\"><\/script>\r\n<script type=\"text\/javascript\" src=\"http:\/\/www.jsp-saintmauricedebeynost.com\/wp-content\/plugins\/quizzin\/script.js\"><\/script>\r\n\r\n<div class=\"quiz-area single-page-quiz\">\r\n<form action=\"\" method=\"post\" class=\"quiz-form\" id=\"quiz-45\">\r\n<div class='quizzin-question' id='question-1'><div class='question-content'>1) L\u2019eau peut \u00eatre utilis\u00e9e sur les feux de classe :<\/div><br \/><input type='hidden' name='question_id[]' value='421' \/><input type='radio' name='answer-421' id='answer-id-1657' class='answer answer-1 ' value='1657' \/><label for='answer-id-1657' id='answer-label-1657' class=' answer label-1'><span>A<\/span><\/label><br \/><input type='radio' name='answer-421' id='answer-id-1658' class='answer answer-1 ' value='1658' \/><label for='answer-id-1658' id='answer-label-1658' class=' answer label-1'><span>B<\/span><\/label><br \/><input type='radio' name='answer-421' id='answer-id-1659' class='answer answer-1 ' value='1659' \/><label for='answer-id-1659' id='answer-label-1659' class=' answer label-1'><span>F<\/span><\/label><br \/><\/div><div class='quizzin-question' id='question-2'><div class='question-content'>2) AFFF signifie :<\/div><br \/><input type='hidden' name='question_id[]' value='422' \/><input type='radio' name='answer-422' id='answer-id-1660' class='answer answer-2 ' value='1660' \/><label for='answer-id-1660' id='answer-label-1660' class=' answer label-2'><span>Agent  Formant un Film Flexible<\/span><\/label><br \/><input type='radio' name='answer-422' id='answer-id-1661' class='answer answer-2 ' value='1661' \/><label for='answer-id-1661' id='answer-label-1661' class=' answer label-2'><span>Additif  Formant un Film Fixe<\/span><\/label><br \/><input type='radio' name='answer-422' id='answer-id-1662' class='answer answer-2 ' value='1662' \/><label for='answer-id-1662' id='answer-label-1662' class=' answer label-2'><span>Agent  Formant un Film Flottant<\/span><\/label><br \/><\/div><div class='quizzin-question' id='question-3'><div class='question-content'>3) La poudre polyvalente, le CO2 et l\u2019eau + additif peuvent tous \u00eatre utilis\u00e9s sur la classe :<\/div><br \/><input type='hidden' name='question_id[]' value='423' \/><input type='radio' name='answer-423' id='answer-id-2561' class='answer answer-3 ' value='2561' \/><label for='answer-id-2561' id='answer-label-2561' class=' answer label-3'><span>B<\/span><\/label><br \/><input type='radio' name='answer-423' id='answer-id-2562' class='answer answer-3 ' value='2562' \/><label for='answer-id-2562' id='answer-label-2562' class=' answer label-3'><span>C<\/span><\/label><br \/><input type='radio' name='answer-423' id='answer-id-2563' class='answer answer-3 ' value='2563' \/><label for='answer-id-2563' id='answer-label-2563' class=' answer label-3'><span>D<\/span><\/label><br \/><\/div><div class='quizzin-question' id='question-4'><div class='question-content'>4) Sur un feu d\u2019origine \u00e9lectrique, j\u2019utilise : <\/div><br \/><input type='hidden' name='question_id[]' value='424' \/><input type='radio' name='answer-424' id='answer-id-2564' class='answer answer-4 ' value='2564' \/><label for='answer-id-2564' id='answer-label-2564' class=' answer label-4'><span>L\u2019eau + additif <\/span><\/label><br \/><input type='radio' name='answer-424' id='answer-id-2565' class='answer answer-4 ' value='2565' \/><label for='answer-id-2565' id='answer-label-2565' class=' answer label-4'><span>La poudre polyvalente<\/span><\/label><br \/><input type='radio' name='answer-424' id='answer-id-2566' class='answer answer-4 ' value='2566' \/><label for='answer-id-2566' id='answer-label-2566' class=' answer label-4'><span>Le CO2<\/span><\/label><br \/><\/div><div class='quizzin-question' id='question-5'><div class='question-content'>5) Sur un feu d\u2019aluminium, je peux utiliser l\u2019extincteur :<\/div><br \/><input type='hidden' name='question_id[]' value='425' \/><input type='radio' name='answer-425' id='answer-id-2567' class='answer answer-5 ' value='2567' \/><label for='answer-id-2567' id='answer-label-2567' class=' answer label-5'><span>Eau + additif<\/span><\/label><br \/><input type='radio' name='answer-425' id='answer-id-2568' class='answer answer-5 ' value='2568' \/><label for='answer-id-2568' id='answer-label-2568' class=' answer label-5'><span>Poudre D<\/span><\/label><br \/><input type='radio' name='answer-425' id='answer-id-2569' class='answer answer-5 ' value='2569' \/><label for='answer-id-2569' id='answer-label-2569' class=' answer label-5'><span>Eau pulv\u00e9ris\u00e9e<\/span><\/label><br \/><\/div><div class='quizzin-question' id='question-6'><div class='question-content'>6) L\u2019extincteur CO2 est un extincteur \u00e0 pression :<\/div><br \/><input type='hidden' name='question_id[]' value='426' \/><input type='radio' name='answer-426' id='answer-id-1672' class='answer answer-6 ' value='1672' \/><label for='answer-id-1672' id='answer-label-1672' class=' answer label-6'><span>Permanente <\/span><\/label><br \/><input type='radio' name='answer-426' id='answer-id-1673' class='answer answer-6 ' value='1673' \/><label for='answer-id-1673' id='answer-label-1673' class=' answer label-6'><span>Auxiliaire <\/span><\/label><br \/><input type='radio' name='answer-426' id='answer-id-1674' class='answer answer-6 ' value='1674' \/><label for='answer-id-1674' id='answer-label-1674' class=' answer label-6'><span>Mixte <\/span><\/label><br \/><\/div><div class='quizzin-question' id='question-7'><div class='question-content'>7) L\u2019extincteur poudre polyvalente et eau + additif sont des extincteurs \u00e0 pression :<\/div><br \/><input type='hidden' name='question_id[]' value='427' \/><input type='radio' name='answer-427' id='answer-id-2570' class='answer answer-7 ' value='2570' \/><label for='answer-id-2570' id='answer-label-2570' class=' answer label-7'><span>Permanente  <\/span><\/label><br \/><input type='radio' name='answer-427' id='answer-id-2571' class='answer answer-7 ' value='2571' \/><label for='answer-id-2571' id='answer-label-2571' class=' answer label-7'><span>Auxiliaire<\/span><\/label><br \/><input type='radio' name='answer-427' id='answer-id-2572' class='answer answer-7 ' value='2572' \/><label for='answer-id-2572' id='answer-label-2572' class=' answer label-7'><span>Mixte <\/span><\/label><br \/><\/div><div class='quizzin-question' id='question-8'><div class='question-content'>8) Un extincteur doit \u00eatre v\u00e9rifi\u00e9 tous les :<\/div><br \/><input type='hidden' name='question_id[]' value='428' \/><input type='radio' name='answer-428' id='answer-id-1678' class='answer answer-8 ' value='1678' \/><label for='answer-id-1678' id='answer-label-1678' class=' answer label-8'><span>an<\/span><\/label><br \/><input type='radio' name='answer-428' id='answer-id-1679' class='answer answer-8 ' value='1679' \/><label for='answer-id-1679' id='answer-label-1679' class=' answer label-8'><span>5 ans<\/span><\/label><br \/><input type='radio' name='answer-428' id='answer-id-1680' class='answer answer-8 ' value='1680' \/><label for='answer-id-1680' id='answer-label-1680' class=' answer label-8'><span>10 ans<\/span><\/label><br \/><\/div><div class='quizzin-question' id='question-9'><div class='question-content'>9) Lorsque j\u2019utilise un extincteur poudre polyvalente, je dois \u00eatre entre :<\/div><br \/><input type='hidden' name='question_id[]' value='429' \/><input type='radio' name='answer-429' id='answer-id-2576' class='answer answer-9 ' value='2576' \/><label for='answer-id-2576' id='answer-label-2576' class=' answer label-9'><span>0.5 et 1 m\u00e8tre<\/span><\/label><br \/><input type='radio' name='answer-429' id='answer-id-2577' class='answer answer-9 ' value='2577' \/><label for='answer-id-2577' id='answer-label-2577' class=' answer label-9'><span>2 et 3 m\u00e8tres<\/span><\/label><br \/><input type='radio' name='answer-429' id='answer-id-2578' class='answer answer-9 ' value='2578' \/><label for='answer-id-2578' id='answer-label-2578' class=' answer label-9'><span>3 et 4 m\u00e8tres<\/span><\/label><br \/><\/div><div class='quizzin-question' id='question-10'><div class='question-content'>10) Lorsque j\u2019utilise un extincteur CO2, je dois \u00eatre entre :<\/div><br \/><input type='hidden' name='question_id[]' value='430' \/><input type='radio' name='answer-430' id='answer-id-1684' class='answer answer-10 ' value='1684' \/><label for='answer-id-1684' id='answer-label-1684' class=' answer label-10'><span>0.5 et 1 m\u00e8tre<\/span><\/label><br \/><input type='radio' name='answer-430' id='answer-id-1685' class='answer answer-10 ' value='1685' \/><label for='answer-id-1685' id='answer-label-1685' class=' answer label-10'><span>2 et 3 m\u00e8tres<\/span><\/label><br \/><input type='radio' name='answer-430' id='answer-id-1686' class='answer answer-10 ' value='1686' \/><label for='answer-id-1686' id='answer-label-1686' class=' answer label-10'><span>3 et 4 m\u00e8tres<\/span><\/label><br \/><\/div><br \/>\r\n<input type=\"button\" id=\"next-question\" value=\"Suivant &gt;\"  \/><br \/>\r\n\r\n<input type=\"submit\" name=\"action\" id=\"action-button\" value=\"Voir le r\u00e9sultat\"  \/>\r\n<input type=\"hidden\" name=\"quiz_id\" value=\"45\" \/>\r\n<\/form>\r\n<\/div>\r\n\r\n\n","protected":false},"excerpt":{"rendered":"","protected":false},"author":1,"featured_media":0,"parent":2542,"menu_order":0,"comment_status":"closed","ping_status":"closed","template":"","meta":{"ngg_post_thumbnail":0,"_themeisle_gutenberg_block_has_review":false,"footnotes":""},"class_list":["post-890","page","type-page","status-publish","hentry"],"_links":{"self":[{"href":"https:\/\/www.jsp-saintmauricedebeynost.com\/index.php?rest_route=\/wp\/v2\/pages\/890","targetHints":{"allow":["GET"]}}],"collection":[{"href":"https:\/\/www.jsp-saintmauricedebeynost.com\/index.php?rest_route=\/wp\/v2\/pages"}],"about":[{"href":"https:\/\/www.jsp-saintmauricedebeynost.com\/index.php?rest_route=\/wp\/v2\/types\/page"}],"author":[{"embeddable":true,"href":"https:\/\/www.jsp-saintmauricedebeynost.com\/index.php?rest_route=\/wp\/v2\/users\/1"}],"replies":[{"embeddable":true,"href":"https:\/\/www.jsp-saintmauricedebeynost.com\/index.php?rest_route=%2Fwp%2Fv2%2Fcomments&post=890"}],"version-history":[{"count":2,"href":"https:\/\/www.jsp-saintmauricedebeynost.com\/index.php?rest_route=\/wp\/v2\/pages\/890\/revisions"}],"predecessor-version":[{"id":892,"href":"https:\/\/www.jsp-saintmauricedebeynost.com\/index.php?rest_route=\/wp\/v2\/pages\/890\/revisions\/892"}],"up":[{"embeddable":true,"href":"https:\/\/www.jsp-saintmauricedebeynost.com\/index.php?rest_route=\/wp\/v2\/pages\/2542"}],"wp:attachment":[{"href":"https:\/\/www.jsp-saintmauricedebeynost.com\/index.php?rest_route=%2Fwp%2Fv2%2Fmedia&parent=890"}],"curies":[{"name":"wp","href":"https:\/\/api.w.org\/{rel}","templated":true}]}}