{"id":886,"date":"2013-09-03T17:56:50","date_gmt":"2013-09-03T16:56:50","guid":{"rendered":"http:\/\/www.jsp-saintmauricedebeynost.com\/?page_id=886"},"modified":"2020-09-10T17:57:39","modified_gmt":"2020-09-10T16:57:39","slug":"le-sapeur-pompier-et-son-environnement-operationnel-et-institutionnel","status":"publish","type":"page","link":"https:\/\/www.jsp-saintmauricedebeynost.com\/?page_id=886","title":{"rendered":"Le sapeur-pompier et son environnement op\u00e9rationnel et institutionnel"},"content":{"rendered":"<link type=\"text\/css\" rel=\"stylesheet\" href=\"http:\/\/www.jsp-saintmauricedebeynost.com\/wp-content\/plugins\/quizzin\/style.css\" \/>\r\n<script type=\"text\/javascript\" src=\"http:\/\/www.jsp-saintmauricedebeynost.com\/wp-includes\/js\/jquery\/jquery.js\"><\/script>\r\n<script type=\"text\/javascript\" src=\"http:\/\/www.jsp-saintmauricedebeynost.com\/wp-content\/plugins\/quizzin\/script.js\"><\/script>\r\n\r\n<div class=\"quiz-area single-page-quiz\">\r\n<form action=\"\" method=\"post\" class=\"quiz-form\" id=\"quiz-44\">\r\n<div class='quizzin-question' id='question-1'><div class='question-content'>1) Les devoirs moraux sont :<\/div><br \/><input type='hidden' name='question_id[]' value='411' \/><input type='radio' name='answer-411' id='answer-id-1627' class='answer answer-1 ' value='1627' \/><label for='answer-id-1627' id='answer-label-1627' class=' answer label-1'><span>Respect des biens d\u2019autrui et du code de la route<\/span><\/label><br \/><input type='radio' name='answer-411' id='answer-id-1628' class='answer answer-1 ' value='1628' \/><label for='answer-id-1628' id='answer-label-1628' class=' answer label-1'><span>Respect de la dignit\u00e9 humaine, de la nature et de l\u2019environnement <\/span><\/label><br \/><input type='radio' name='answer-411' id='answer-id-1629' class='answer answer-1 ' value='1629' \/><label for='answer-id-1629' id='answer-label-1629' class=' answer label-1'><span>Respect de la hi\u00e9rarchie, du port de l\u2019uniforme et des r\u00e8glements<\/span><\/label><br \/><\/div><div class='quizzin-question' id='question-2'><div class='question-content'>2) Les devoirs l\u00e9gaux sont : <\/div><br \/><input type='hidden' name='question_id[]' value='412' \/><input type='radio' name='answer-412' id='answer-id-1630' class='answer answer-2 ' value='1630' \/><label for='answer-id-1630' id='answer-label-1630' class=' answer label-2'><span>Respect des biens d\u2019autrui et du code de la route<\/span><\/label><br \/><input type='radio' name='answer-412' id='answer-id-1631' class='answer answer-2 ' value='1631' \/><label for='answer-id-1631' id='answer-label-1631' class=' answer label-2'><span>Respect de la dignit\u00e9 humaine, de la nature et de l\u2019environnement <\/span><\/label><br \/><input type='radio' name='answer-412' id='answer-id-1632' class='answer answer-2 ' value='1632' \/><label for='answer-id-1632' id='answer-label-1632' class=' answer label-2'><span>Respect de la hi\u00e9rarchie, du port de l\u2019uniforme et des r\u00e8glements<\/span><\/label><br \/><\/div><div class='quizzin-question' id='question-3'><div class='question-content'>3) Les devoirs r\u00e9glementaires sont : <\/div><br \/><input type='hidden' name='question_id[]' value='413' \/><input type='radio' name='answer-413' id='answer-id-1633' class='answer answer-3 ' value='1633' \/><label for='answer-id-1633' id='answer-label-1633' class=' answer label-3'><span>Respect des biens d\u2019autrui et du code de la route<\/span><\/label><br \/><input type='radio' name='answer-413' id='answer-id-1634' class='answer answer-3 ' value='1634' \/><label for='answer-id-1634' id='answer-label-1634' class=' answer label-3'><span>Respect de la dignit\u00e9 humaine, de la nature et de l\u2019environnement <\/span><\/label><br \/><input type='radio' name='answer-413' id='answer-id-1635' class='answer answer-3 ' value='1635' \/><label for='answer-id-1635' id='answer-label-1635' class=' answer label-3'><span>Respect de la hi\u00e9rarchie, du port de l\u2019uniforme et des r\u00e8glements<\/span><\/label><br \/><\/div><div class='quizzin-question' id='question-4'><div class='question-content'>4) Face \u00e0 un journaliste, lors d\u2019une intervention, vous devez : <\/div><br \/><input type='hidden' name='question_id[]' value='414' \/><input type='radio' name='answer-414' id='answer-id-1636' class='answer answer-4 ' value='1636' \/><label for='answer-id-1636' id='answer-label-1636' class=' answer label-4'><span>Le diriger vers le Commandant des Op\u00e9rations de Secours (COS)<\/span><\/label><br \/><input type='radio' name='answer-414' id='answer-id-1637' class='answer answer-4 ' value='1637' \/><label for='answer-id-1637' id='answer-label-1637' class=' answer label-4'><span>R\u00e9pondre \u00e0 ses questions<\/span><\/label><br \/><input type='radio' name='answer-414' id='answer-id-1638' class='answer answer-4 ' value='1638' \/><label for='answer-id-1638' id='answer-label-1638' class=' answer label-4'><span>L\u2019ignorer<\/span><\/label><br \/><\/div><div class='quizzin-question' id='question-5'><div class='question-content'>5) Qu\u2019est ce que secret professionnel ?<\/div><br \/><input type='hidden' name='question_id[]' value='415' \/><input type='radio' name='answer-415' id='answer-id-1639' class='answer answer-5 ' value='1639' \/><label for='answer-id-1639' id='answer-label-1639' class=' answer label-5'><span>L\u2019interdiction de divulguer tout document ou information du service \u00e0 l\u2019ext\u00e9rieur<\/span><\/label><br \/><input type='radio' name='answer-415' id='answer-id-1640' class='answer answer-5 ' value='1640' \/><label for='answer-id-1640' id='answer-label-1640' class=' answer label-5'><span>L\u2019interdiction de divulguer des informations relatives aux personnes secourues <\/span><\/label><br \/><input type='radio' name='answer-415' id='answer-id-1641' class='answer answer-5 ' value='1641' \/><label for='answer-id-1641' id='answer-label-1641' class=' answer label-5'><span>S\u2019abstenir de porter un jugement sur les opinions ou les d\u00e9cisions des sup\u00e9rieurs<\/span><\/label><br \/><\/div><div class='quizzin-question' id='question-6'><div class='question-content'>6) Qu\u2019est ce que la discr\u00e9tion professionnelle ?<\/div><br \/><input type='hidden' name='question_id[]' value='416' \/><input type='radio' name='answer-416' id='answer-id-1642' class='answer answer-6 ' value='1642' \/><label for='answer-id-1642' id='answer-label-1642' class=' answer label-6'><span>L\u2019interdiction de divulguer tout document ou information du service \u00e0 l\u2019ext\u00e9rieur<\/span><\/label><br \/><input type='radio' name='answer-416' id='answer-id-1643' class='answer answer-6 ' value='1643' \/><label for='answer-id-1643' id='answer-label-1643' class=' answer label-6'><span>L\u2019interdiction de divulguer des informations relatives aux personnes secourues <\/span><\/label><br \/><input type='radio' name='answer-416' id='answer-id-1644' class='answer answer-6 ' value='1644' \/><label for='answer-id-1644' id='answer-label-1644' class=' answer label-6'><span>S\u2019abstenir de porter un jugement sur les opinions ou les d\u00e9cisions des sup\u00e9rieurs<\/span><\/label><br \/><\/div><div class='quizzin-question' id='question-7'><div class='question-content'>7) Qu\u2019est ce que le devoir de r\u00e9serve ?<\/div><br \/><input type='hidden' name='question_id[]' value='417' \/><input type='radio' name='answer-417' id='answer-id-1645' class='answer answer-7 ' value='1645' \/><label for='answer-id-1645' id='answer-label-1645' class=' answer label-7'><span>L\u2019interdiction de divulguer tout document ou information du service \u00e0 l\u2019ext\u00e9rieur<\/span><\/label><br \/><input type='radio' name='answer-417' id='answer-id-1646' class='answer answer-7 ' value='1646' \/><label for='answer-id-1646' id='answer-label-1646' class=' answer label-7'><span>L\u2019interdiction de divulguer des informations relatives aux personnes secourues <\/span><\/label><br \/><input type='radio' name='answer-417' id='answer-id-1647' class='answer answer-7 ' value='1647' \/><label for='answer-id-1647' id='answer-label-1647' class=' answer label-7'><span>S\u2019abstenir de porter un jugement sur les opinions ou les d\u00e9cisions des sup\u00e9rieurs<\/span><\/label><br \/><\/div><div class='quizzin-question' id='question-8'><div class='question-content'>8) La d\u00e9sob\u00e9issance au secret professionnel est puni de :<\/div><br \/><input type='hidden' name='question_id[]' value='418' \/><input type='radio' name='answer-418' id='answer-id-1648' class='answer answer-8 ' value='1648' \/><label for='answer-id-1648' id='answer-label-1648' class=' answer label-8'><span>15 000 \u20ac d\u2019amande et un an d\u2019emprisonnement <\/span><\/label><br \/><input type='radio' name='answer-418' id='answer-id-1649' class='answer answer-8 ' value='1649' \/><label for='answer-id-1649' id='answer-label-1649' class=' answer label-8'><span>1500 \u20ac d\u2019amande et un mois d\u2019emprisonnement<\/span><\/label><br \/><input type='radio' name='answer-418' id='answer-id-1650' class='answer answer-8 ' value='1650' \/><label for='answer-id-1650' id='answer-label-1650' class=' answer label-8'><span>150 \u20ac d\u2019amande et un bl\u00e2me<\/span><\/label><br \/><\/div><div class='quizzin-question' id='question-9'><div class='question-content'><ol>\r\n9) Le secret professionnel est d\u00e9voil\u00e9 seulement\u2026<\/div><br \/><input type='hidden' name='question_id[]' value='419' \/><input type='radio' name='answer-419' id='answer-id-2449' class='answer answer-9 ' value='2449' \/><label for='answer-id-2449' id='answer-label-2449' class=' answer label-9'><span>Lorsqu\u2019on est en famille<\/span><\/label><br \/><input type='radio' name='answer-419' id='answer-id-2450' class='answer answer-9 ' value='2450' \/><label for='answer-id-2450' id='answer-label-2450' class=' answer label-9'><span>Devant la demande des journalistes<\/span><\/label><br \/><input type='radio' name='answer-419' id='answer-id-2451' class='answer answer-9 ' value='2451' \/><label for='answer-id-2451' id='answer-label-2451' class=' answer label-9'><span>Pour tous les s\u00e9vices, les maltraitances, les crimes et les d\u00e9lits<\/span><\/label><br \/><\/div><div class='quizzin-question' id='question-10'><div class='question-content'>10) En plus des taches qui leurs sont confi\u00e9es, les fonctionnaires \u2026<\/div><br \/><input type='hidden' name='question_id[]' value='420' \/><input type='radio' name='answer-420' id='answer-id-1654' class='answer answer-10 ' value='1654' \/><label for='answer-id-1654' id='answer-label-1654' class=' answer label-10'><span>Peuvent exercer, \u00e0 titre professionnel, une activit\u00e9 priv\u00e9e lucrative<\/span><\/label><br \/><input type='radio' name='answer-420' id='answer-id-1655' class='answer answer-10 ' value='1655' \/><label for='answer-id-1655' id='answer-label-1655' class=' answer label-10'><span>Ne peuvent pas exercer, \u00e0 titre professionnel, une activit\u00e9 priv\u00e9e lucrative<\/span><\/label><br \/><input type='radio' name='answer-420' id='answer-id-1656' class='answer answer-10 ' value='1656' \/><label for='answer-id-1656' id='answer-label-1656' class=' answer label-10'><span>Peuvent exercer une activit\u00e9 professionnelle non d\u00e9clar\u00e9e<\/span><\/label><br \/><\/div><br \/>\r\n<input type=\"button\" id=\"next-question\" value=\"Suivant &gt;\"  \/><br \/>\r\n\r\n<input type=\"submit\" name=\"action\" id=\"action-button\" value=\"Voir le r\u00e9sultat\"  \/>\r\n<input type=\"hidden\" name=\"quiz_id\" value=\"44\" \/>\r\n<\/form>\r\n<\/div>\r\n\r\n\n","protected":false},"excerpt":{"rendered":"","protected":false},"author":1,"featured_media":0,"parent":2542,"menu_order":0,"comment_status":"closed","ping_status":"open","template":"","meta":{"ngg_post_thumbnail":0,"_themeisle_gutenberg_block_has_review":false,"footnotes":""},"class_list":["post-886","page","type-page","status-publish","hentry"],"_links":{"self":[{"href":"https:\/\/www.jsp-saintmauricedebeynost.com\/index.php?rest_route=\/wp\/v2\/pages\/886","targetHints":{"allow":["GET"]}}],"collection":[{"href":"https:\/\/www.jsp-saintmauricedebeynost.com\/index.php?rest_route=\/wp\/v2\/pages"}],"about":[{"href":"https:\/\/www.jsp-saintmauricedebeynost.com\/index.php?rest_route=\/wp\/v2\/types\/page"}],"author":[{"embeddable":true,"href":"https:\/\/www.jsp-saintmauricedebeynost.com\/index.php?rest_route=\/wp\/v2\/users\/1"}],"replies":[{"embeddable":true,"href":"https:\/\/www.jsp-saintmauricedebeynost.com\/index.php?rest_route=%2Fwp%2Fv2%2Fcomments&post=886"}],"version-history":[{"count":1,"href":"https:\/\/www.jsp-saintmauricedebeynost.com\/index.php?rest_route=\/wp\/v2\/pages\/886\/revisions"}],"predecessor-version":[{"id":887,"href":"https:\/\/www.jsp-saintmauricedebeynost.com\/index.php?rest_route=\/wp\/v2\/pages\/886\/revisions\/887"}],"up":[{"embeddable":true,"href":"https:\/\/www.jsp-saintmauricedebeynost.com\/index.php?rest_route=\/wp\/v2\/pages\/2542"}],"wp:attachment":[{"href":"https:\/\/www.jsp-saintmauricedebeynost.com\/index.php?rest_route=%2Fwp%2Fv2%2Fmedia&parent=886"}],"curies":[{"name":"wp","href":"https:\/\/api.w.org\/{rel}","templated":true}]}}