{"id":878,"date":"2013-09-03T16:13:10","date_gmt":"2013-09-03T15:13:10","guid":{"rendered":"http:\/\/www.jsp-saintmauricedebeynost.com\/?page_id=878"},"modified":"2020-09-10T17:57:39","modified_gmt":"2020-09-10T16:57:39","slug":"la-prevention-des-accidents-domestiques-et-routiers","status":"publish","type":"page","link":"https:\/\/www.jsp-saintmauricedebeynost.com\/?page_id=878","title":{"rendered":"Pr\u00e9vention des accidents domestiques et routiers"},"content":{"rendered":"<link type=\"text\/css\" rel=\"stylesheet\" href=\"http:\/\/www.jsp-saintmauricedebeynost.com\/wp-content\/plugins\/quizzin\/style.css\" \/>\r\n<script type=\"text\/javascript\" src=\"http:\/\/www.jsp-saintmauricedebeynost.com\/wp-includes\/js\/jquery\/jquery.js\"><\/script>\r\n<script type=\"text\/javascript\" src=\"http:\/\/www.jsp-saintmauricedebeynost.com\/wp-content\/plugins\/quizzin\/script.js\"><\/script>\r\n\r\n<div class=\"quiz-area single-page-quiz\">\r\n<form action=\"\" method=\"post\" class=\"quiz-form\" id=\"quiz-43\">\r\n<div class='quizzin-question' id='question-1'><div class='question-content'>1) Un tiers des accidents se produisent dans \u2026<\/div><br \/><input type='hidden' name='question_id[]' value='401' \/><input type='radio' name='answer-401' id='answer-id-1597' class='answer answer-1 ' value='1597' \/><label for='answer-id-1597' id='answer-label-1597' class=' answer label-1'><span>Une chambre<\/span><\/label><br \/><input type='radio' name='answer-401' id='answer-id-1598' class='answer answer-1 ' value='1598' \/><label for='answer-id-1598' id='answer-label-1598' class=' answer label-1'><span>Une salle de bain<\/span><\/label><br \/><input type='radio' name='answer-401' id='answer-id-1599' class='answer answer-1 ' value='1599' \/><label for='answer-id-1599' id='answer-label-1599' class=' answer label-1'><span>Une cuisine<\/span><\/label><br \/><\/div><div class='quizzin-question' id='question-2'><div class='question-content'>2) Combien de personnes meurent chaque ann\u00e9e d\u2019un accident domestique ?<\/div><br \/><input type='hidden' name='question_id[]' value='402' \/><input type='radio' name='answer-402' id='answer-id-1600' class='answer answer-2 ' value='1600' \/><label for='answer-id-1600' id='answer-label-1600' class=' answer label-2'><span>35 000<\/span><\/label><br \/><input type='radio' name='answer-402' id='answer-id-1601' class='answer answer-2 ' value='1601' \/><label for='answer-id-1601' id='answer-label-1601' class=' answer label-2'><span>3500<\/span><\/label><br \/><input type='radio' name='answer-402' id='answer-id-1602' class='answer answer-2 ' value='1602' \/><label for='answer-id-1602' id='answer-label-1602' class=' answer label-2'><span>350<\/span><\/label><br \/><\/div><div class='quizzin-question' id='question-3'><div class='question-content'>3) 55% des morts sont :<\/div><br \/><input type='hidden' name='question_id[]' value='403' \/><input type='radio' name='answer-403' id='answer-id-1603' class='answer answer-3 ' value='1603' \/><label for='answer-id-1603' id='answer-label-1603' class=' answer label-3'><span>Des personnes \u00e2g\u00e9es<\/span><\/label><br \/><input type='radio' name='answer-403' id='answer-id-1604' class='answer answer-3 ' value='1604' \/><label for='answer-id-1604' id='answer-label-1604' class=' answer label-3'><span>Des adultes de 18\/25 ans<\/span><\/label><br \/><input type='radio' name='answer-403' id='answer-id-1605' class='answer answer-3 ' value='1605' \/><label for='answer-id-1605' id='answer-label-1605' class=' answer label-3'><span>Des enfants de moins de 18 ans<\/span><\/label><br \/><\/div><div class='quizzin-question' id='question-4'><div class='question-content'>4) Combien de personnes se blessent chaque ann\u00e9e plus ou moins gravement d\u2019un accident domestique ?<\/div><br \/><input type='hidden' name='question_id[]' value='404' \/><input type='radio' name='answer-404' id='answer-id-1606' class='answer answer-4 ' value='1606' \/><label for='answer-id-1606' id='answer-label-1606' class=' answer label-4'><span>300 000<\/span><\/label><br \/><input type='radio' name='answer-404' id='answer-id-1607' class='answer answer-4 ' value='1607' \/><label for='answer-id-1607' id='answer-label-1607' class=' answer label-4'><span>200 000<\/span><\/label><br \/><input type='radio' name='answer-404' id='answer-id-1608' class='answer answer-4 ' value='1608' \/><label for='answer-id-1608' id='answer-label-1608' class=' answer label-4'><span>100 000<\/span><\/label><br \/><\/div><div class='quizzin-question' id='question-5'><div class='question-content'>5) La distance d\u2019arr\u00eat d\u2019un v\u00e9hicule roulant \u00e0 90km \/h est de :<\/div><br \/><input type='hidden' name='question_id[]' value='405' \/><input type='radio' name='answer-405' id='answer-id-1609' class='answer answer-5 ' value='1609' \/><label for='answer-id-1609' id='answer-label-1609' class=' answer label-5'><span>28 m<\/span><\/label><br \/><input type='radio' name='answer-405' id='answer-id-1610' class='answer answer-5 ' value='1610' \/><label for='answer-id-1610' id='answer-label-1610' class=' answer label-5'><span>70 m<\/span><\/label><br \/><input type='radio' name='answer-405' id='answer-id-1611' class='answer answer-5 ' value='1611' \/><label for='answer-id-1611' id='answer-label-1611' class=' answer label-5'><span>129 m<\/span><\/label><br \/><\/div><div class='quizzin-question' id='question-6'><div class='question-content'>6) L\u2019effet d\u2019un v\u00e9hicule roulant \u00e0 130km\/h freinant brutalement est comparable pour l\u2019occupant \u00e0 une chute libre de \u2026<\/div><br \/><input type='hidden' name='question_id[]' value='406' \/><input type='radio' name='answer-406' id='answer-id-1612' class='answer answer-6 ' value='1612' \/><label for='answer-id-1612' id='answer-label-1612' class=' answer label-6'><span>10 m<\/span><\/label><br \/><input type='radio' name='answer-406' id='answer-id-1613' class='answer answer-6 ' value='1613' \/><label for='answer-id-1613' id='answer-label-1613' class=' answer label-6'><span>32 m<\/span><\/label><br \/><input type='radio' name='answer-406' id='answer-id-1614' class='answer answer-6 ' value='1614' \/><label for='answer-id-1614' id='answer-label-1614' class=' answer label-6'><span>66 m<\/span><\/label><br \/><\/div><div class='quizzin-question' id='question-7'><div class='question-content'>7) La distance d\u2019arr\u00eat sur route mouill\u00e9e est multipli\u00e9e par :<\/div><br \/><input type='hidden' name='question_id[]' value='407' \/><input type='radio' name='answer-407' id='answer-id-1615' class='answer answer-7 ' value='1615' \/><label for='answer-id-1615' id='answer-label-1615' class=' answer label-7'><span>1,5<\/span><\/label><br \/><input type='radio' name='answer-407' id='answer-id-1616' class='answer answer-7 ' value='1616' \/><label for='answer-id-1616' id='answer-label-1616' class=' answer label-7'><span>2<\/span><\/label><br \/><input type='radio' name='answer-407' id='answer-id-1617' class='answer answer-7 ' value='1617' \/><label for='answer-id-1617' id='answer-label-1617' class=' answer label-7'><span>3<\/span><\/label><br \/><\/div><div class='quizzin-question' id='question-8'><div class='question-content'>8) Le temps de r\u00e9action sur un freinage d\u2019urgence est de :<\/div><br \/><input type='hidden' name='question_id[]' value='408' \/><input type='radio' name='answer-408' id='answer-id-1618' class='answer answer-8 ' value='1618' \/><label for='answer-id-1618' id='answer-label-1618' class=' answer label-8'><span>1 seconde<\/span><\/label><br \/><input type='radio' name='answer-408' id='answer-id-1619' class='answer answer-8 ' value='1619' \/><label for='answer-id-1619' id='answer-label-1619' class=' answer label-8'><span>2 secondes<\/span><\/label><br \/><input type='radio' name='answer-408' id='answer-id-1620' class='answer answer-8 ' value='1620' \/><label for='answer-id-1620' id='answer-label-1620' class=' answer label-8'><span>3 secondes<\/span><\/label><br \/><\/div><div class='quizzin-question' id='question-9'><div class='question-content'>9) Le taux d\u2019alcool maximum tol\u00e9r\u00e9, en France, est de :<\/div><br \/><input type='hidden' name='question_id[]' value='409' \/><input type='radio' name='answer-409' id='answer-id-1621' class='answer answer-9 ' value='1621' \/><label for='answer-id-1621' id='answer-label-1621' class=' answer label-9'><span>0,25g par litre de sang<\/span><\/label><br \/><input type='radio' name='answer-409' id='answer-id-1622' class='answer answer-9 ' value='1622' \/><label for='answer-id-1622' id='answer-label-1622' class=' answer label-9'><span>0,5g par litre de sang<\/span><\/label><br \/><input type='radio' name='answer-409' id='answer-id-1623' class='answer answer-9 ' value='1623' \/><label for='answer-id-1623' id='answer-label-1623' class=' answer label-9'><span>0,8g par litre de sang<\/span><\/label><br \/><\/div><div class='quizzin-question' id='question-10'><div class='question-content'>10) Lors d\u2019un long trajet, il faut faire une pause toute les :<\/div><br \/><input type='hidden' name='question_id[]' value='410' \/><input type='radio' name='answer-410' id='answer-id-1624' class='answer answer-10 ' value='1624' \/><label for='answer-id-1624' id='answer-label-1624' class=' answer label-10'><span>Heures<\/span><\/label><br \/><input type='radio' name='answer-410' id='answer-id-1625' class='answer answer-10 ' value='1625' \/><label for='answer-id-1625' id='answer-label-1625' class=' answer label-10'><span>2 heures<\/span><\/label><br \/><input type='radio' name='answer-410' id='answer-id-1626' class='answer answer-10 ' value='1626' \/><label for='answer-id-1626' id='answer-label-1626' class=' answer label-10'><span>4 heures<\/span><\/label><br \/><\/div><br \/>\r\n<input type=\"button\" id=\"next-question\" value=\"Suivant &gt;\"  \/><br \/>\r\n\r\n<input type=\"submit\" name=\"action\" id=\"action-button\" value=\"Voir le r\u00e9sultat\"  \/>\r\n<input type=\"hidden\" name=\"quiz_id\" value=\"43\" \/>\r\n<\/form>\r\n<\/div>\r\n\r\n\n","protected":false},"excerpt":{"rendered":"","protected":false},"author":1,"featured_media":0,"parent":2542,"menu_order":0,"comment_status":"closed","ping_status":"open","template":"","meta":{"ngg_post_thumbnail":0,"_themeisle_gutenberg_block_has_review":false,"footnotes":""},"class_list":["post-878","page","type-page","status-publish","hentry"],"_links":{"self":[{"href":"https:\/\/www.jsp-saintmauricedebeynost.com\/index.php?rest_route=\/wp\/v2\/pages\/878","targetHints":{"allow":["GET"]}}],"collection":[{"href":"https:\/\/www.jsp-saintmauricedebeynost.com\/index.php?rest_route=\/wp\/v2\/pages"}],"about":[{"href":"https:\/\/www.jsp-saintmauricedebeynost.com\/index.php?rest_route=\/wp\/v2\/types\/page"}],"author":[{"embeddable":true,"href":"https:\/\/www.jsp-saintmauricedebeynost.com\/index.php?rest_route=\/wp\/v2\/users\/1"}],"replies":[{"embeddable":true,"href":"https:\/\/www.jsp-saintmauricedebeynost.com\/index.php?rest_route=%2Fwp%2Fv2%2Fcomments&post=878"}],"version-history":[{"count":3,"href":"https:\/\/www.jsp-saintmauricedebeynost.com\/index.php?rest_route=\/wp\/v2\/pages\/878\/revisions"}],"predecessor-version":[{"id":889,"href":"https:\/\/www.jsp-saintmauricedebeynost.com\/index.php?rest_route=\/wp\/v2\/pages\/878\/revisions\/889"}],"up":[{"embeddable":true,"href":"https:\/\/www.jsp-saintmauricedebeynost.com\/index.php?rest_route=\/wp\/v2\/pages\/2542"}],"wp:attachment":[{"href":"https:\/\/www.jsp-saintmauricedebeynost.com\/index.php?rest_route=%2Fwp%2Fv2%2Fmedia&parent=878"}],"curies":[{"name":"wp","href":"https:\/\/api.w.org\/{rel}","templated":true}]}}