{"id":875,"date":"2013-09-03T16:10:01","date_gmt":"2013-09-03T15:10:01","guid":{"rendered":"http:\/\/www.jsp-saintmauricedebeynost.com\/?page_id=875"},"modified":"2020-09-10T17:57:39","modified_gmt":"2020-09-10T16:57:39","slug":"grades-et-decorations","status":"publish","type":"page","link":"https:\/\/www.jsp-saintmauricedebeynost.com\/?page_id=875","title":{"rendered":"Grades et d\u00e9corations"},"content":{"rendered":"<link type=\"text\/css\" rel=\"stylesheet\" href=\"http:\/\/www.jsp-saintmauricedebeynost.com\/wp-content\/plugins\/quizzin\/style.css\" \/>\r\n<script type=\"text\/javascript\" src=\"http:\/\/www.jsp-saintmauricedebeynost.com\/wp-includes\/js\/jquery\/jquery.js\"><\/script>\r\n<script type=\"text\/javascript\" src=\"http:\/\/www.jsp-saintmauricedebeynost.com\/wp-content\/plugins\/quizzin\/script.js\"><\/script>\r\n\r\n<div class=\"quiz-area single-page-quiz\">\r\n<form action=\"\" method=\"post\" class=\"quiz-form\" id=\"quiz-42\">\r\n<div class='quizzin-question' id='question-1'><div class='question-content'>1) Les hommes du rang sont : <\/div><br \/><input type='hidden' name='question_id[]' value='391' \/><input type='radio' name='answer-391' id='answer-id-2422' class='answer answer-1 ' value='2422' \/><label for='answer-id-2422' id='answer-label-2422' class=' answer label-1'><span>Sergent, sergent \/C, adjudant, adjudant \/C<\/span><\/label><br \/><input type='radio' name='answer-391' id='answer-id-2423' class='answer answer-1 ' value='2423' \/><label for='answer-id-2423' id='answer-label-2423' class=' answer label-1'><span>Sapeur 2\u00e8me cl, 1\u00e8re cl, caporal, caporal \/C<\/span><\/label><br \/><input type='radio' name='answer-391' id='answer-id-2424' class='answer answer-1 ' value='2424' \/><label for='answer-id-2424' id='answer-label-2424' class=' answer label-1'><span>lieutenant 2\u00e8me cl et 1\u00e8re cl, capitaine<\/span><\/label><br \/><\/div><div class='quizzin-question' id='question-2'><div class='question-content'>2) Les officiers sup\u00e9rieurs sont : <\/div><br \/><input type='hidden' name='question_id[]' value='392' \/><input type='radio' name='answer-392' id='answer-id-2425' class='answer answer-2 ' value='2425' \/><label for='answer-id-2425' id='answer-label-2425' class=' answer label-2'><span>Sergent, sergent \/C, adjudant, adjudant \/C<\/span><\/label><br \/><input type='radio' name='answer-392' id='answer-id-2426' class='answer answer-2 ' value='2426' \/><label for='answer-id-2426' id='answer-label-2426' class=' answer label-2'><span>lieutenant 2\u00e8me cl et 1\u00e8re cl, capitaine<\/span><\/label><br \/><input type='radio' name='answer-392' id='answer-id-2427' class='answer answer-2 ' value='2427' \/><label for='answer-id-2427' id='answer-label-2427' class=' answer label-2'><span>Commandant, lieut \/colonel, colonel<\/span><\/label><br \/><\/div><div class='quizzin-question' id='question-3'><div class='question-content'>3) Les sous officiers sont : <\/div><br \/><input type='hidden' name='question_id[]' value='393' \/><input type='radio' name='answer-393' id='answer-id-2428' class='answer answer-3 ' value='2428' \/><label for='answer-id-2428' id='answer-label-2428' class=' answer label-3'><span>Sergent, sergent \/C, adjudant, adjudant \/C<\/span><\/label><br \/><input type='radio' name='answer-393' id='answer-id-2429' class='answer answer-3 ' value='2429' \/><label for='answer-id-2429' id='answer-label-2429' class=' answer label-3'><span>lieutenant 2\u00e8me cl et 1\u00e8re cl, capitaine<\/span><\/label><br \/><input type='radio' name='answer-393' id='answer-id-2430' class='answer answer-3 ' value='2430' \/><label for='answer-id-2430' id='answer-label-2430' class=' answer label-3'><span>Commandant, lieut \/colonel, colonel<\/span><\/label><br \/><\/div><div class='quizzin-question' id='question-4'><div class='question-content'>4) Les officiers sont : <\/div><br \/><input type='hidden' name='question_id[]' value='394' \/><input type='radio' name='answer-394' id='answer-id-2431' class='answer answer-4 ' value='2431' \/><label for='answer-id-2431' id='answer-label-2431' class=' answer label-4'><span>Sergent, sergent \/C, adjudant, adjudant \/C<\/span><\/label><br \/><input type='radio' name='answer-394' id='answer-id-2432' class='answer answer-4 ' value='2432' \/><label for='answer-id-2432' id='answer-label-2432' class=' answer label-4'><span>lieutenant 2\u00e8me cl et 1\u00e8re cl, capitaine<\/span><\/label><br \/><input type='radio' name='answer-394' id='answer-id-2433' class='answer answer-4 ' value='2433' \/><label for='answer-id-2433' id='answer-label-2433' class=' answer label-4'><span>Commandant, lieut \/colonel, colonel<\/span><\/label><br \/><\/div><div class='quizzin-question' id='question-5'><div class='question-content'>5) De quelle couleur sont les grades d\u2019infirmiers ?<\/div><br \/><input type='hidden' name='question_id[]' value='395' \/><input type='radio' name='answer-395' id='answer-id-1579' class='answer answer-5 ' value='1579' \/><label for='answer-id-1579' id='answer-label-1579' class=' answer label-5'><span>Bleu<\/span><\/label><br \/><input type='radio' name='answer-395' id='answer-id-1580' class='answer answer-5 ' value='1580' \/><label for='answer-id-1580' id='answer-label-1580' class=' answer label-5'><span>Blanc<\/span><\/label><br \/><input type='radio' name='answer-395' id='answer-id-1581' class='answer answer-5 ' value='1581' \/><label for='answer-id-1581' id='answer-label-1581' class=' answer label-5'><span>Jaune<\/span><\/label><br \/><\/div><div class='quizzin-question' id='question-6'><div class='question-content'>6) De quelle couleur sont les grades de m\u00e9decin ?<\/div><br \/><input type='hidden' name='question_id[]' value='396' \/><input type='radio' name='answer-396' id='answer-id-1582' class='answer answer-6 ' value='1582' \/><label for='answer-id-1582' id='answer-label-1582' class=' answer label-6'><span>Bleu<\/span><\/label><br \/><input type='radio' name='answer-396' id='answer-id-1583' class='answer answer-6 ' value='1583' \/><label for='answer-id-1583' id='answer-label-1583' class=' answer label-6'><span>Blanc<\/span><\/label><br \/><input type='radio' name='answer-396' id='answer-id-1584' class='answer answer-6 ' value='1584' \/><label for='answer-id-1584' id='answer-label-1584' class=' answer label-6'><span>Jaune<\/span><\/label><br \/><\/div><div class='quizzin-question' id='question-7'><div class='question-content'>7) Quelle est la d\u00e9coration la plus \u00e9lev\u00e9e ?<\/div><br \/><input type='hidden' name='question_id[]' value='397' \/><input type='radio' name='answer-397' id='answer-id-1585' class='answer answer-7 ' value='1585' \/><label for='answer-id-1585' id='answer-label-1585' class=' answer label-7'><span>M\u00e9daille d\u2019honneur des sapeurs-pompiers vermeil<\/span><\/label><br \/><input type='radio' name='answer-397' id='answer-id-1586' class='answer answer-7 ' value='1586' \/><label for='answer-id-1586' id='answer-label-1586' class=' answer label-7'><span>M\u00e9daille de la l\u00e9gion d\u2019honneur<\/span><\/label><br \/><input type='radio' name='answer-397' id='answer-id-1587' class='answer answer-7 ' value='1587' \/><label for='answer-id-1587' id='answer-label-1587' class=' answer label-7'><span>M\u00e9daille d\u2019honneur pour actes de courage et de d\u00e9vouement<\/span><\/label><br \/><\/div><div class='quizzin-question' id='question-8'><div class='question-content'>8) A partir de quel \u00e2ge nous recevons la 1\u00e8re m\u00e9daille d\u2019anciennet\u00e9 ?<\/div><br \/><input type='hidden' name='question_id[]' value='398' \/><input type='radio' name='answer-398' id='answer-id-1588' class='answer answer-8 ' value='1588' \/><label for='answer-id-1588' id='answer-label-1588' class=' answer label-8'><span>15 ans<\/span><\/label><br \/><input type='radio' name='answer-398' id='answer-id-1589' class='answer answer-8 ' value='1589' \/><label for='answer-id-1589' id='answer-label-1589' class=' answer label-8'><span>20 ans<\/span><\/label><br \/><input type='radio' name='answer-398' id='answer-id-1590' class='answer answer-8 ' value='1590' \/><label for='answer-id-1590' id='answer-label-1590' class=' answer label-8'><span>35 ans<\/span><\/label><br \/><\/div><div class='quizzin-question' id='question-9'><div class='question-content'>9) Quels sont, par ordre hi\u00e9rarchique, les cat\u00e9gories de grade chez les sapeurs-pompiers ?<\/div><br \/><input type='hidden' name='question_id[]' value='399' \/><input type='radio' name='answer-399' id='answer-id-2434' class='answer answer-9 ' value='2434' \/><label for='answer-id-2434' id='answer-label-2434' class=' answer label-9'><span>Sous-officiers \/ officiers \/ homme du rang<\/span><\/label><br \/><input type='radio' name='answer-399' id='answer-id-2435' class='answer answer-9 ' value='2435' \/><label for='answer-id-2435' id='answer-label-2435' class=' answer label-9'><span>Homme du rang \/ sous-officiers \/ officiers<\/span><\/label><br \/><input type='radio' name='answer-399' id='answer-id-2436' class='answer answer-9 ' value='2436' \/><label for='answer-id-2436' id='answer-label-2436' class=' answer label-9'><span>Officiers \/ g\u00e9n\u00e9raux \/ sous-officiers<\/span><\/label><br \/><\/div><div class='quizzin-question' id='question-10'><div class='question-content'>10) 3 barres blanches horizontales correspondent au grade de :<\/div><br \/><input type='hidden' name='question_id[]' value='400' \/><input type='radio' name='answer-400' id='answer-id-2440' class='answer answer-10 ' value='2440' \/><label for='answer-id-2440' id='answer-label-2440' class=' answer label-10'><span>Lieutenant<\/span><\/label><br \/><input type='radio' name='answer-400' id='answer-id-2441' class='answer answer-10 ' value='2441' \/><label for='answer-id-2441' id='answer-label-2441' class=' answer label-10'><span>Commandant<\/span><\/label><br \/><input type='radio' name='answer-400' id='answer-id-2442' class='answer answer-10 ' value='2442' \/><label for='answer-id-2442' id='answer-label-2442' class=' answer label-10'><span>Capitaine<\/span><\/label><br \/><\/div><br \/>\r\n<input type=\"button\" id=\"next-question\" value=\"Suivant &gt;\"  \/><br \/>\r\n\r\n<input type=\"submit\" name=\"action\" id=\"action-button\" value=\"Voir le r\u00e9sultat\"  \/>\r\n<input type=\"hidden\" name=\"quiz_id\" value=\"42\" \/>\r\n<\/form>\r\n<\/div>\r\n\r\n\n","protected":false},"excerpt":{"rendered":"","protected":false},"author":1,"featured_media":0,"parent":2542,"menu_order":0,"comment_status":"closed","ping_status":"open","template":"","meta":{"ngg_post_thumbnail":0,"_themeisle_gutenberg_block_has_review":false,"footnotes":""},"class_list":["post-875","page","type-page","status-publish","hentry"],"_links":{"self":[{"href":"https:\/\/www.jsp-saintmauricedebeynost.com\/index.php?rest_route=\/wp\/v2\/pages\/875","targetHints":{"allow":["GET"]}}],"collection":[{"href":"https:\/\/www.jsp-saintmauricedebeynost.com\/index.php?rest_route=\/wp\/v2\/pages"}],"about":[{"href":"https:\/\/www.jsp-saintmauricedebeynost.com\/index.php?rest_route=\/wp\/v2\/types\/page"}],"author":[{"embeddable":true,"href":"https:\/\/www.jsp-saintmauricedebeynost.com\/index.php?rest_route=\/wp\/v2\/users\/1"}],"replies":[{"embeddable":true,"href":"https:\/\/www.jsp-saintmauricedebeynost.com\/index.php?rest_route=%2Fwp%2Fv2%2Fcomments&post=875"}],"version-history":[{"count":1,"href":"https:\/\/www.jsp-saintmauricedebeynost.com\/index.php?rest_route=\/wp\/v2\/pages\/875\/revisions"}],"predecessor-version":[{"id":876,"href":"https:\/\/www.jsp-saintmauricedebeynost.com\/index.php?rest_route=\/wp\/v2\/pages\/875\/revisions\/876"}],"up":[{"embeddable":true,"href":"https:\/\/www.jsp-saintmauricedebeynost.com\/index.php?rest_route=\/wp\/v2\/pages\/2542"}],"wp:attachment":[{"href":"https:\/\/www.jsp-saintmauricedebeynost.com\/index.php?rest_route=%2Fwp%2Fv2%2Fmedia&parent=875"}],"curies":[{"name":"wp","href":"https:\/\/api.w.org\/{rel}","templated":true}]}}