{"id":871,"date":"2013-09-03T10:48:09","date_gmt":"2013-09-03T09:48:09","guid":{"rendered":"http:\/\/www.jsp-saintmauricedebeynost.com\/?page_id=871"},"modified":"2020-09-10T17:57:39","modified_gmt":"2020-09-10T16:57:39","slug":"devidoir","status":"publish","type":"page","link":"https:\/\/www.jsp-saintmauricedebeynost.com\/?page_id=871","title":{"rendered":"D\u00e9vidoir"},"content":{"rendered":"<link type=\"text\/css\" rel=\"stylesheet\" href=\"http:\/\/www.jsp-saintmauricedebeynost.com\/wp-content\/plugins\/quizzin\/style.css\" \/>\r\n<script type=\"text\/javascript\" src=\"http:\/\/www.jsp-saintmauricedebeynost.com\/wp-includes\/js\/jquery\/jquery.js\"><\/script>\r\n<script type=\"text\/javascript\" src=\"http:\/\/www.jsp-saintmauricedebeynost.com\/wp-content\/plugins\/quizzin\/script.js\"><\/script>\r\n\r\n<div class=\"quiz-area single-page-quiz\">\r\n<form action=\"\" method=\"post\" class=\"quiz-form\" id=\"quiz-41\">\r\n<div class='quizzin-question' id='question-1'><div class='question-content'>1) Les d\u00e9vidoirs servent \u00e0 :<\/div><br \/><input type='hidden' name='question_id[]' value='381' \/><input type='radio' name='answer-381' id='answer-id-1531' class='answer answer-1 ' value='1531' \/><label for='answer-id-1531' id='answer-label-1531' class=' answer label-1'><span>Gagner de la place dans les engins<\/span><\/label><br \/><input type='radio' name='answer-381' id='answer-id-1532' class='answer answer-1 ' value='1532' \/><label for='answer-id-1532' id='answer-label-1532' class=' answer label-1'><span>Amener l\u2019eau le plus rapidement possible sur les lieux du sinistre<\/span><\/label><br \/><input type='radio' name='answer-381' id='answer-id-1533' class='answer answer-1 ' value='1533' \/><label for='answer-id-1533' id='answer-label-1533' class=' answer label-1'><span>Prot\u00e9ger les tuyaux<\/span><\/label><br \/><\/div><div class='quizzin-question' id='question-2'><div class='question-content'>2) Les d\u00e9vidoirs tournants sont \u00e9quip\u00e9s de :<\/div><br \/><input type='hidden' name='question_id[]' value='382' \/><input type='radio' name='answer-382' id='answer-id-1534' class='answer answer-2 ' value='1534' \/><label for='answer-id-1534' id='answer-label-1534' class=' answer label-2'><span>Tuyaux de diam\u00e8tre 22mm<\/span><\/label><br \/><input type='radio' name='answer-382' id='answer-id-1535' class='answer answer-2 ' value='1535' \/><label for='answer-id-1535' id='answer-label-1535' class=' answer label-2'><span>Tuyaux de diam\u00e8tre 70mm<\/span><\/label><br \/><input type='radio' name='answer-382' id='answer-id-1536' class='answer answer-2 ' value='1536' \/><label for='answer-id-1536' id='answer-label-1536' class=' answer label-2'><span>Tuyaux de diam\u00e8tre 110mm<\/span><\/label><br \/><\/div><div class='quizzin-question' id='question-3'><div class='question-content'>3) Les d\u00e9vidoirs automobiles sont \u00e9quip\u00e9s de : <\/div><br \/><input type='hidden' name='question_id[]' value='383' \/><input type='radio' name='answer-383' id='answer-id-1537' class='answer answer-3 ' value='1537' \/><label for='answer-id-1537' id='answer-label-1537' class=' answer label-3'><span>Tuyaux de diam\u00e8tre 22mm<\/span><\/label><br \/><input type='radio' name='answer-383' id='answer-id-1538' class='answer answer-3 ' value='1538' \/><label for='answer-id-1538' id='answer-label-1538' class=' answer label-3'><span>Tuyaux de diam\u00e8tre 70mm<\/span><\/label><br \/><input type='radio' name='answer-383' id='answer-id-1539' class='answer answer-3 ' value='1539' \/><label for='answer-id-1539' id='answer-label-1539' class=' answer label-3'><span>Tuyaux de diam\u00e8tre 110mm<\/span><\/label><br \/><\/div><div class='quizzin-question' id='question-4'><div class='question-content'>4) Les d\u00e9vidoirs mobiles sont \u00e9quip\u00e9s de :<\/div><br \/><input type='hidden' name='question_id[]' value='384' \/><input type='radio' name='answer-384' id='answer-id-1540' class='answer answer-4 ' value='1540' \/><label for='answer-id-1540' id='answer-label-1540' class=' answer label-4'><span>Tuyaux de diam\u00e8tre 22mm<\/span><\/label><br \/><input type='radio' name='answer-384' id='answer-id-1541' class='answer answer-4 ' value='1541' \/><label for='answer-id-1541' id='answer-label-1541' class=' answer label-4'><span>Tuyaux de diam\u00e8tre 70mm<\/span><\/label><br \/><input type='radio' name='answer-384' id='answer-id-1542' class='answer answer-4 ' value='1542' \/><label for='answer-id-1542' id='answer-label-1542' class=' answer label-4'><span>Tuyaux de diam\u00e8tre 110mm<\/span><\/label><br \/><\/div><div class='quizzin-question' id='question-5'><div class='question-content'>5) Sur les d\u00e9vidoirs tournants, il y a :<\/div><br \/><input type='hidden' name='question_id[]' value='385' \/><input type='radio' name='answer-385' id='answer-id-1549' class='answer answer-5 ' value='1549' \/><label for='answer-id-1549' id='answer-label-1549' class=' answer label-5'><span>Environ 1 km de tuyaux<\/span><\/label><br \/><input type='radio' name='answer-385' id='answer-id-1550' class='answer answer-5 ' value='1550' \/><label for='answer-id-1550' id='answer-label-1550' class=' answer label-5'><span>200 m de tuyaux<\/span><\/label><br \/><input type='radio' name='answer-385' id='answer-id-1551' class='answer answer-5 ' value='1551' \/><label for='answer-id-1551' id='answer-label-1551' class=' answer label-5'><span>80 m ou 40 m de tuyaux <\/span><\/label><br \/><\/div><div class='quizzin-question' id='question-6'><div class='question-content'>6) Sur les d\u00e9vidoirs mobiles, il y a :<\/div><br \/><input type='hidden' name='question_id[]' value='386' \/><input type='radio' name='answer-386' id='answer-id-1546' class='answer answer-6 ' value='1546' \/><label for='answer-id-1546' id='answer-label-1546' class=' answer label-6'><span>Environ 1 km de tuyaux<\/span><\/label><br \/><input type='radio' name='answer-386' id='answer-id-1547' class='answer answer-6 ' value='1547' \/><label for='answer-id-1547' id='answer-label-1547' class=' answer label-6'><span>200 m de tuyaux<\/span><\/label><br \/><input type='radio' name='answer-386' id='answer-id-1548' class='answer answer-6 ' value='1548' \/><label for='answer-id-1548' id='answer-label-1548' class=' answer label-6'><span>80 m ou 40m de tuyaux <\/span><\/label><br \/><\/div><div class='quizzin-question' id='question-7'><div class='question-content'>7) Sur les d\u00e9vidoirs automobiles, il y a :<\/div><br \/><input type='hidden' name='question_id[]' value='387' \/><input type='radio' name='answer-387' id='answer-id-1552' class='answer answer-7 ' value='1552' \/><label for='answer-id-1552' id='answer-label-1552' class=' answer label-7'><span>Environ 1 km de tuyaux<\/span><\/label><br \/><input type='radio' name='answer-387' id='answer-id-1553' class='answer answer-7 ' value='1553' \/><label for='answer-id-1553' id='answer-label-1553' class=' answer label-7'><span>200 m de tuyaux<\/span><\/label><br \/><input type='radio' name='answer-387' id='answer-id-1554' class='answer answer-7 ' value='1554' \/><label for='answer-id-1554' id='answer-label-1554' class=' answer label-7'><span>80 m ou 40m de tuyaux <\/span><\/label><br \/><\/div><div class='quizzin-question' id='question-8'><div class='question-content'>8) Le d\u00e9vidoir tournant : <\/div><br \/><input type='hidden' name='question_id[]' value='388' \/><input type='radio' name='answer-388' id='answer-id-1558' class='answer answer-8 ' value='1558' \/><label for='answer-id-1558' id='answer-label-1558' class=' answer label-8'><span>Est fixe derri\u00e8re l\u2019engin <\/span><\/label><br \/><input type='radio' name='answer-388' id='answer-id-1559' class='answer answer-8 ' value='1559' \/><label for='answer-id-1559' id='answer-label-1559' class=' answer label-8'><span>Peut se d\u00e9tacher et \u00eatre tir\u00e9 par le personnel<\/span><\/label><br \/><input type='radio' name='answer-388' id='answer-id-1560' class='answer answer-8 ' value='1560' \/><label for='answer-id-1560' id='answer-label-1560' class=' answer label-8'><span>Est un v\u00e9hicule<\/span><\/label><br \/><\/div><div class='quizzin-question' id='question-9'><div class='question-content'>9) Le d\u00e9vidoir mobile :<\/div><br \/><input type='hidden' name='question_id[]' value='389' \/><input type='radio' name='answer-389' id='answer-id-1561' class='answer answer-9 ' value='1561' \/><label for='answer-id-1561' id='answer-label-1561' class=' answer label-9'><span>Est fixe derri\u00e8re l\u2019engin<\/span><\/label><br \/><input type='radio' name='answer-389' id='answer-id-1562' class='answer answer-9 ' value='1562' \/><label for='answer-id-1562' id='answer-label-1562' class=' answer label-9'><span>Peut se d\u00e9tacher et \u00eatre tir\u00e9 par le personnel<\/span><\/label><br \/><input type='radio' name='answer-389' id='answer-id-1563' class='answer answer-9 ' value='1563' \/><label for='answer-id-1563' id='answer-label-1563' class=' answer label-9'><span>Est un v\u00e9hicule<\/span><\/label><br \/><\/div><div class='quizzin-question' id='question-10'><div class='question-content'>10) Le d\u00e9vidoir automobile :<\/div><br \/><input type='hidden' name='question_id[]' value='390' \/><input type='radio' name='answer-390' id='answer-id-1564' class='answer answer-10 ' value='1564' \/><label for='answer-id-1564' id='answer-label-1564' class=' answer label-10'><span>Est fixe derri\u00e8re l\u2019engin<\/span><\/label><br \/><input type='radio' name='answer-390' id='answer-id-1565' class='answer answer-10 ' value='1565' \/><label for='answer-id-1565' id='answer-label-1565' class=' answer label-10'><span>Peut se d\u00e9tacher et \u00eatre tir\u00e9 par le personnel<\/span><\/label><br \/><input type='radio' name='answer-390' id='answer-id-1566' class='answer answer-10 ' value='1566' \/><label for='answer-id-1566' id='answer-label-1566' class=' answer label-10'><span>Est un v\u00e9hicule<\/span><\/label><br \/><\/div><br \/>\r\n<input type=\"button\" id=\"next-question\" value=\"Suivant &gt;\"  \/><br \/>\r\n\r\n<input type=\"submit\" name=\"action\" id=\"action-button\" value=\"Voir le r\u00e9sultat\"  \/>\r\n<input type=\"hidden\" name=\"quiz_id\" value=\"41\" \/>\r\n<\/form>\r\n<\/div>\r\n\r\n\n","protected":false},"excerpt":{"rendered":"","protected":false},"author":1,"featured_media":0,"parent":2542,"menu_order":0,"comment_status":"closed","ping_status":"closed","template":"","meta":{"ngg_post_thumbnail":0,"_themeisle_gutenberg_block_has_review":false,"footnotes":""},"class_list":["post-871","page","type-page","status-publish","hentry"],"_links":{"self":[{"href":"https:\/\/www.jsp-saintmauricedebeynost.com\/index.php?rest_route=\/wp\/v2\/pages\/871","targetHints":{"allow":["GET"]}}],"collection":[{"href":"https:\/\/www.jsp-saintmauricedebeynost.com\/index.php?rest_route=\/wp\/v2\/pages"}],"about":[{"href":"https:\/\/www.jsp-saintmauricedebeynost.com\/index.php?rest_route=\/wp\/v2\/types\/page"}],"author":[{"embeddable":true,"href":"https:\/\/www.jsp-saintmauricedebeynost.com\/index.php?rest_route=\/wp\/v2\/users\/1"}],"replies":[{"embeddable":true,"href":"https:\/\/www.jsp-saintmauricedebeynost.com\/index.php?rest_route=%2Fwp%2Fv2%2Fcomments&post=871"}],"version-history":[{"count":2,"href":"https:\/\/www.jsp-saintmauricedebeynost.com\/index.php?rest_route=\/wp\/v2\/pages\/871\/revisions"}],"predecessor-version":[{"id":873,"href":"https:\/\/www.jsp-saintmauricedebeynost.com\/index.php?rest_route=\/wp\/v2\/pages\/871\/revisions\/873"}],"up":[{"embeddable":true,"href":"https:\/\/www.jsp-saintmauricedebeynost.com\/index.php?rest_route=\/wp\/v2\/pages\/2542"}],"wp:attachment":[{"href":"https:\/\/www.jsp-saintmauricedebeynost.com\/index.php?rest_route=%2Fwp%2Fv2%2Fmedia&parent=871"}],"curies":[{"name":"wp","href":"https:\/\/api.w.org\/{rel}","templated":true}]}}