{"id":855,"date":"2013-08-30T02:24:14","date_gmt":"2013-08-30T01:24:14","guid":{"rendered":"http:\/\/www.jsp-saintmauricedebeynost.com\/?page_id=855"},"modified":"2020-09-10T17:57:39","modified_gmt":"2020-09-10T16:57:39","slug":"regles-et-precautions-demploi-pour-letablissement-des-tuyaux","status":"publish","type":"page","link":"https:\/\/www.jsp-saintmauricedebeynost.com\/?page_id=855","title":{"rendered":"R\u00e8gles et pr\u00e9cautions d&#8217;emploi pour l&rsquo;\u00e9tablissement des tuyaux"},"content":{"rendered":"<link type=\"text\/css\" rel=\"stylesheet\" href=\"http:\/\/www.jsp-saintmauricedebeynost.com\/wp-content\/plugins\/quizzin\/style.css\" \/>\r\n<script type=\"text\/javascript\" src=\"http:\/\/www.jsp-saintmauricedebeynost.com\/wp-includes\/js\/jquery\/jquery.js\"><\/script>\r\n<script type=\"text\/javascript\" src=\"http:\/\/www.jsp-saintmauricedebeynost.com\/wp-content\/plugins\/quizzin\/script.js\"><\/script>\r\n\r\n<div class=\"quiz-area single-page-quiz\">\r\n<form action=\"\" method=\"post\" class=\"quiz-form\" id=\"quiz-37\">\r\n<div class='quizzin-question' id='question-1'><div class='question-content'>1) Lors d\u2019un \u00e9tablissement, j\u2019emploie :<\/div><br \/><input type='hidden' name='question_id[]' value='341' \/><input type='radio' name='answer-341' id='answer-id-1408' class='answer answer-1 ' value='1408' \/><label for='answer-id-1408' id='answer-label-1408' class=' answer label-1'><span>Le plus de tuyaux possible, on ne sait jamais <\/span><\/label><br \/><input type='radio' name='answer-341' id='answer-id-1409' class='answer answer-1 ' value='1409' \/><label for='answer-id-1409' id='answer-label-1409' class=' answer label-1'><span>Le moins de tuyaux possible<\/span><\/label><br \/><input type='radio' name='answer-341' id='answer-id-1410' class='answer answer-1 ' value='1410' \/><label for='answer-id-1410' id='answer-label-1410' class=' answer label-1'><span>Aucuns tuyaux<\/span><\/label><br \/><\/div><div class='quizzin-question' id='question-2'><div class='question-content'>2) Pendant l\u2019\u00e9tablissement <\/div><br \/><input type='hidden' name='question_id[]' value='342' \/><input type='radio' name='answer-342' id='answer-id-1411' class='answer answer-2 ' value='1411' \/><label for='answer-id-1411' id='answer-label-1411' class=' answer label-2'><span>J\u2019\u00e9vite de croiser les tuyaux<\/span><\/label><br \/><input type='radio' name='answer-342' id='answer-id-1412' class='answer answer-2 ' value='1412' \/><label for='answer-id-1412' id='answer-label-1412' class=' answer label-2'><span>Les coudes vont s\u2019enlever tout seul<\/span><\/label><br \/><input type='radio' name='answer-342' id='answer-id-1413' class='answer answer-2 ' value='1413' \/><label for='answer-id-1413' id='answer-label-1413' class=' answer label-2'><span>L\u2019essentiel c\u2019est aller vite m\u00eame si tous les tuyaux se chevauchent <\/span><\/label><br \/><\/div><div class='quizzin-question' id='question-3'><div class='question-content'>3) Lorsque j\u2019\u00e9tablie ma lance la r\u00e9serve sert \u00e0 :<\/div><br \/><input type='hidden' name='question_id[]' value='343' \/><input type='radio' name='answer-343' id='answer-id-1414' class='answer answer-3 ' value='1414' \/><label for='answer-id-1414' id='answer-label-1414' class=' answer label-3'><span>Avoir de l\u2019eau en plus<\/span><\/label><br \/><input type='radio' name='answer-343' id='answer-id-1415' class='answer answer-3 ' value='1415' \/><label for='answer-id-1415' id='answer-label-1415' class=' answer label-3'><span>A changer un tuyau perc\u00e9<\/span><\/label><br \/><input type='radio' name='answer-343' id='answer-id-1416' class='answer answer-3 ' value='1416' \/><label for='answer-id-1416' id='answer-label-1416' class=' answer label-3'><span>\u00c0 progresser dans l\u2019incendie<\/span><\/label><br \/><\/div><div class='quizzin-question' id='question-4'><div class='question-content'>4) Sur route, mon \u00e9tablissement \u2026<\/div><br \/><input type='hidden' name='question_id[]' value='344' \/><input type='radio' name='answer-344' id='answer-id-1417' class='answer answer-4 ' value='1417' \/><label for='answer-id-1417' id='answer-label-1417' class=' answer label-4'><span>Doit serrer le plus possible la bordure du trottoir<\/span><\/label><br \/><input type='radio' name='answer-344' id='answer-id-1418' class='answer answer-4 ' value='1418' \/><label for='answer-id-1418' id='answer-label-1418' class=' answer label-4'><span>Doit passer au milieu de la route pour faite 2 sens de circulation<\/span><\/label><br \/><input type='radio' name='answer-344' id='answer-id-1419' class='answer answer-4 ' value='1419' \/><label for='answer-id-1419' id='answer-label-1419' class=' answer label-4'><span>Ne doit pas serrer la bordure du trottoir pour les pi\u00e9tons<\/span><\/label><br \/><\/div><div class='quizzin-question' id='question-5'><div class='question-content'>5) Si je suis oblig\u00e9 de couper une route avec l\u2019\u00e9tablissement <\/div><br \/><input type='hidden' name='question_id[]' value='345' \/><input type='radio' name='answer-345' id='answer-id-1420' class='answer answer-5 ' value='1420' \/><label for='answer-id-1420' id='answer-label-1420' class=' answer label-5'><span>Je barre la rue <\/span><\/label><br \/><input type='radio' name='answer-345' id='answer-id-1421' class='answer answer-5 ' value='1421' \/><label for='answer-id-1421' id='answer-label-1421' class=' answer label-5'><span>Je laisse passer les v\u00e9hicules sur le tuyau<\/span><\/label><br \/><input type='radio' name='answer-345' id='answer-id-1422' class='answer answer-5 ' value='1422' \/><label for='answer-id-1422' id='answer-label-1422' class=' answer label-5'><span>J\u2019emploi des dispositifs de franchissement <\/span><\/label><br \/><\/div><div class='quizzin-question' id='question-6'><div class='question-content'>6) Pendant l\u2019attaque \u2026<\/div><br \/><input type='hidden' name='question_id[]' value='346' \/><input type='radio' name='answer-346' id='answer-id-1423' class='answer answer-6 ' value='1423' \/><label for='answer-id-1423' id='answer-label-1423' class=' answer label-6'><span>Les tuyaux r\u00e9sistent aux d\u00e9combres brulants<\/span><\/label><br \/><input type='radio' name='answer-346' id='answer-id-1424' class='answer answer-6 ' value='1424' \/><label for='answer-id-1424' id='answer-label-1424' class=' answer label-6'><span>Je dois faire attention aux mat\u00e9riaux coupants, pointus et brulants<\/span><\/label><br \/><input type='radio' name='answer-346' id='answer-id-1425' class='answer answer-6 ' value='1425' \/><label for='answer-id-1425' id='answer-label-1425' class=' answer label-6'><span>Les tuyaux peuvent traverser des d\u00e9bris de verre<\/span><\/label><br \/><\/div><div class='quizzin-question' id='question-7'><div class='question-content'>7) Les tuyaux \u2026<\/div><br \/><input type='hidden' name='question_id[]' value='347' \/><input type='radio' name='answer-347' id='answer-id-1426' class='answer answer-7 ' value='1426' \/><label for='answer-id-1426' id='answer-label-1426' class=' answer label-7'><span>R\u00e9sistent \u00e0 la chute de mat\u00e9riaux<\/span><\/label><br \/><input type='radio' name='answer-347' id='answer-id-1427' class='answer answer-7 ' value='1427' \/><label for='answer-id-1427' id='answer-label-1427' class=' answer label-7'><span>\u00c9clate syst\u00e9matiquement \u00e0 la chute de mat\u00e9riaux<\/span><\/label><br \/><input type='radio' name='answer-347' id='answer-id-1428' class='answer answer-7 ' value='1428' \/><label for='answer-id-1428' id='answer-label-1428' class=' answer label-7'><span>Peuvent se percer ou \u00e9clater \u00e0 la chute de mat\u00e9riaux<\/span><\/label><br \/><\/div><div class='quizzin-question' id='question-8'><div class='question-content'>8) A l\u2019ouverture de la lance, le coup de b\u00e9lier \u2026<\/div><br \/><input type='hidden' name='question_id[]' value='348' \/><input type='radio' name='answer-348' id='answer-id-1429' class='answer answer-8 ' value='1429' \/><label for='answer-id-1429' id='answer-label-1429' class=' answer label-8'><span>Peut d\u00e9t\u00e9riorer les tuyaux<\/span><\/label><br \/><input type='radio' name='answer-348' id='answer-id-1430' class='answer answer-8 ' value='1430' \/><label for='answer-id-1430' id='answer-label-1430' class=' answer label-8'><span>Sert \u00e0 casser la porte<\/span><\/label><br \/><input type='radio' name='answer-348' id='answer-id-1431' class='answer answer-8 ' value='1431' \/><label for='answer-id-1431' id='answer-label-1431' class=' answer label-8'><span>Permet d\u2019envoyer de l\u2019eau plus loin<\/span><\/label><br \/><\/div><div class='quizzin-question' id='question-9'><div class='question-content'>9) En p\u00e9riode de gel les lances doivent \u00eatre \u2026<\/div><br \/><input type='hidden' name='question_id[]' value='349' \/><input type='radio' name='answer-349' id='answer-id-1432' class='answer answer-9 ' value='1432' \/><label for='answer-id-1432' id='answer-label-1432' class=' answer label-9'><span>ferm\u00e9es<\/span><\/label><br \/><input type='radio' name='answer-349' id='answer-id-1433' class='answer answer-9 ' value='1433' \/><label for='answer-id-1433' id='answer-label-1433' class=' answer label-9'><span>en jet b\u00e2ton<\/span><\/label><br \/><input type='radio' name='answer-349' id='answer-id-1434' class='answer answer-9 ' value='1434' \/><label for='answer-id-1434' id='answer-label-1434' class=' answer label-9'><span>partiellement ouvertes<\/span><\/label><br \/><\/div><div class='quizzin-question' id='question-10'><div class='question-content'>10) Pendant l\u2019\u00e9tablissement et le rangement <\/div><br \/><input type='hidden' name='question_id[]' value='350' \/><input type='radio' name='answer-350' id='answer-id-1435' class='answer answer-10 ' value='1435' \/><label for='answer-id-1435' id='answer-label-1435' class=' answer label-10'><span>Les v\u00e9hicules peuvent rouler que sur les raccords<\/span><\/label><br \/><input type='radio' name='answer-350' id='answer-id-1436' class='answer answer-10 ' value='1436' \/><label for='answer-id-1436' id='answer-label-1436' class=' answer label-10'><span>\u00c9viter de d\u00e9t\u00e9riorer les raccords<\/span><\/label><br \/><input type='radio' name='answer-350' id='answer-id-1437' class='answer answer-10 ' value='1437' \/><label for='answer-id-1437' id='answer-label-1437' class=' answer label-10'><span>Les raccords peuvent frotter le sol<\/span><\/label><br \/><\/div><br \/>\r\n<input type=\"button\" id=\"next-question\" value=\"Suivant &gt;\"  \/><br \/>\r\n\r\n<input type=\"submit\" name=\"action\" id=\"action-button\" value=\"Voir le r\u00e9sultat\"  \/>\r\n<input type=\"hidden\" name=\"quiz_id\" value=\"37\" \/>\r\n<\/form>\r\n<\/div>\r\n\r\n\n","protected":false},"excerpt":{"rendered":"","protected":false},"author":1,"featured_media":0,"parent":2542,"menu_order":0,"comment_status":"closed","ping_status":"closed","template":"","meta":{"ngg_post_thumbnail":0,"_themeisle_gutenberg_block_has_review":false,"footnotes":""},"class_list":["post-855","page","type-page","status-publish","hentry"],"_links":{"self":[{"href":"https:\/\/www.jsp-saintmauricedebeynost.com\/index.php?rest_route=\/wp\/v2\/pages\/855","targetHints":{"allow":["GET"]}}],"collection":[{"href":"https:\/\/www.jsp-saintmauricedebeynost.com\/index.php?rest_route=\/wp\/v2\/pages"}],"about":[{"href":"https:\/\/www.jsp-saintmauricedebeynost.com\/index.php?rest_route=\/wp\/v2\/types\/page"}],"author":[{"embeddable":true,"href":"https:\/\/www.jsp-saintmauricedebeynost.com\/index.php?rest_route=\/wp\/v2\/users\/1"}],"replies":[{"embeddable":true,"href":"https:\/\/www.jsp-saintmauricedebeynost.com\/index.php?rest_route=%2Fwp%2Fv2%2Fcomments&post=855"}],"version-history":[{"count":2,"href":"https:\/\/www.jsp-saintmauricedebeynost.com\/index.php?rest_route=\/wp\/v2\/pages\/855\/revisions"}],"predecessor-version":[{"id":857,"href":"https:\/\/www.jsp-saintmauricedebeynost.com\/index.php?rest_route=\/wp\/v2\/pages\/855\/revisions\/857"}],"up":[{"embeddable":true,"href":"https:\/\/www.jsp-saintmauricedebeynost.com\/index.php?rest_route=\/wp\/v2\/pages\/2542"}],"wp:attachment":[{"href":"https:\/\/www.jsp-saintmauricedebeynost.com\/index.php?rest_route=%2Fwp%2Fv2%2Fmedia&parent=855"}],"curies":[{"name":"wp","href":"https:\/\/api.w.org\/{rel}","templated":true}]}}