{"id":851,"date":"2013-08-30T02:11:13","date_gmt":"2013-08-30T01:11:13","guid":{"rendered":"http:\/\/www.jsp-saintmauricedebeynost.com\/?page_id=851"},"modified":"2020-09-10T17:57:39","modified_gmt":"2020-09-10T16:57:39","slug":"propagation-et-effets-generalites-sur-les-procedes-dextinction","status":"publish","type":"page","link":"https:\/\/www.jsp-saintmauricedebeynost.com\/?page_id=851","title":{"rendered":"Propagation et effets, G\u00e9n\u00e9ralit\u00e9s sur les proc\u00e9d\u00e9s d&rsquo;extinction"},"content":{"rendered":"<link type=\"text\/css\" rel=\"stylesheet\" href=\"http:\/\/www.jsp-saintmauricedebeynost.com\/wp-content\/plugins\/quizzin\/style.css\" \/>\r\n<script type=\"text\/javascript\" src=\"http:\/\/www.jsp-saintmauricedebeynost.com\/wp-includes\/js\/jquery\/jquery.js\"><\/script>\r\n<script type=\"text\/javascript\" src=\"http:\/\/www.jsp-saintmauricedebeynost.com\/wp-content\/plugins\/quizzin\/script.js\"><\/script>\r\n\r\n<div class=\"quiz-area single-page-quiz\">\r\n<form action=\"\" method=\"post\" class=\"quiz-form\" id=\"quiz-36\">\r\n<div class='quizzin-question' id='question-1'><div class='question-content'>1) Le rayonnement thermique c\u2019est :<\/div><br \/><input type='hidden' name='question_id[]' value='331' \/><input type='radio' name='answer-331' id='answer-id-1378' class='answer answer-1 ' value='1378' \/><label for='answer-id-1378' id='answer-label-1378' class=' answer label-1'><span>La transmission de la chaleur par les mat\u00e9riaux en contacts direct avec le feu<\/span><\/label><br \/><input type='radio' name='answer-331' id='answer-id-1379' class='answer answer-1 ' value='1379' \/><label for='answer-id-1379' id='answer-label-1379' class=' answer label-1'><span>La transmission de la chaleur \u00e0 distance et absorb\u00e9 par un corps r\u00e9cepteur<\/span><\/label><br \/><input type='radio' name='answer-331' id='answer-id-1380' class='answer answer-1 ' value='1380' \/><label for='answer-id-1380' id='answer-label-1380' class=' answer label-1'><span>La transmission de la chaleur par le d\u00e9placement des gaz chauds<\/span><\/label><br \/><\/div><div class='quizzin-question' id='question-2'><div class='question-content'>2) La conduction c\u2019est :<\/div><br \/><input type='hidden' name='question_id[]' value='332' \/><input type='radio' name='answer-332' id='answer-id-1381' class='answer answer-2 ' value='1381' \/><label for='answer-id-1381' id='answer-label-1381' class=' answer label-2'><span>La transmission de la chaleur par les mat\u00e9riaux en contacts direct avec le feu<\/span><\/label><br \/><input type='radio' name='answer-332' id='answer-id-1382' class='answer answer-2 ' value='1382' \/><label for='answer-id-1382' id='answer-label-1382' class=' answer label-2'><span>La transmission de la chaleur \u00e0 distance et absorb\u00e9 par un corps r\u00e9cepteur<\/span><\/label><br \/><input type='radio' name='answer-332' id='answer-id-1383' class='answer answer-2 ' value='1383' \/><label for='answer-id-1383' id='answer-label-1383' class=' answer label-2'><span>La transmission de la chaleur par le d\u00e9placement des gaz chauds<\/span><\/label><br \/><\/div><div class='quizzin-question' id='question-3'><div class='question-content'>3) La convection c\u2019est :<\/div><br \/><input type='hidden' name='question_id[]' value='333' \/><input type='radio' name='answer-333' id='answer-id-1384' class='answer answer-3 ' value='1384' \/><label for='answer-id-1384' id='answer-label-1384' class=' answer label-3'><span>La transmission de la chaleur par les mat\u00e9riaux en contacts direct avec le feu<\/span><\/label><br \/><input type='radio' name='answer-333' id='answer-id-1385' class='answer answer-3 ' value='1385' \/><label for='answer-id-1385' id='answer-label-1385' class=' answer label-3'><span>La transmission de la chaleur \u00e0 distance et absorb\u00e9 par un corps r\u00e9cepteur<\/span><\/label><br \/><input type='radio' name='answer-333' id='answer-id-1386' class='answer answer-3 ' value='1386' \/><label for='answer-id-1386' id='answer-label-1386' class=' answer label-3'><span>La transmission de la chaleur par le d\u00e9placement des gaz chauds<\/span><\/label><br \/><\/div><div class='quizzin-question' id='question-4'><div class='question-content'>4) Le feu peut \u00e9galement se propager par :<\/div><br \/><input type='hidden' name='question_id[]' value='334' \/><input type='radio' name='answer-334' id='answer-id-1387' class='answer answer-4 ' value='1387' \/><label for='answer-id-1387' id='answer-label-1387' class=' answer label-4'><span>Le d\u00e9placement de liquide non combustible<\/span><\/label><br \/><input type='radio' name='answer-334' id='answer-id-1388' class='answer answer-4 ' value='1388' \/><label for='answer-id-1388' id='answer-label-1388' class=' answer label-4'><span>Le d\u00e9placement de solide \u00e9teint <\/span><\/label><br \/><input type='radio' name='answer-334' id='answer-id-1389' class='answer answer-4 ' value='1389' \/><label for='answer-id-1389' id='answer-label-1389' class=' answer label-4'><span>Le d\u00e9placement de solide, liquide ou gaz en combustion<\/span><\/label><br \/><\/div><div class='quizzin-question' id='question-5'><div class='question-content'>5) J\u2019\u00e9teins par inhibition lorsque :<\/div><br \/><input type='hidden' name='question_id[]' value='335' \/><input type='radio' name='answer-335' id='answer-id-1390' class='answer answer-5 ' value='1390' \/><label for='answer-id-1390' id='answer-label-1390' class=' answer label-5'><span>J\u2019abaisse la temp\u00e9rature d\u2019inflammation<\/span><\/label><br \/><input type='radio' name='answer-335' id='answer-id-1391' class='answer answer-5 ' value='1391' \/><label for='answer-id-1391' id='answer-label-1391' class=' answer label-5'><span>Je remplace l\u2019oxyg\u00e8ne par un gaz inerte<\/span><\/label><br \/><input type='radio' name='answer-335' id='answer-id-1392' class='answer answer-5 ' value='1392' \/><label for='answer-id-1392' id='answer-label-1392' class=' answer label-5'><span>Je supprime l\u2019alimentation du combustible<\/span><\/label><br \/><\/div><div class='quizzin-question' id='question-6'><div class='question-content'>6) Lorsque je refroidis, je supprime :<\/div><br \/><input type='hidden' name='question_id[]' value='336' \/><input type='radio' name='answer-336' id='answer-id-1393' class='answer answer-6 ' value='1393' \/><label for='answer-id-1393' id='answer-label-1393' class=' answer label-6'><span>L\u2019oxyg\u00e8ne<\/span><\/label><br \/><input type='radio' name='answer-336' id='answer-id-1394' class='answer answer-6 ' value='1394' \/><label for='answer-id-1394' id='answer-label-1394' class=' answer label-6'><span>Le combustible<\/span><\/label><br \/><input type='radio' name='answer-336' id='answer-id-1395' class='answer answer-6 ' value='1395' \/><label for='answer-id-1395' id='answer-label-1395' class=' answer label-6'><span>L\u2019\u00e9nergie d\u2019activation<\/span><\/label><br \/><\/div><div class='quizzin-question' id='question-7'><div class='question-content'>7) L\u2019eau + additif agit :<\/div><br \/><input type='hidden' name='question_id[]' value='337' \/><input type='radio' name='answer-337' id='answer-id-1396' class='answer answer-7 ' value='1396' \/><label for='answer-id-1396' id='answer-label-1396' class=' answer label-7'><span>Par refroidissement et \u00e9touffement<\/span><\/label><br \/><input type='radio' name='answer-337' id='answer-id-1397' class='answer answer-7 ' value='1397' \/><label for='answer-id-1397' id='answer-label-1397' class=' answer label-7'><span>Par refroidissement et inhibition<\/span><\/label><br \/><input type='radio' name='answer-337' id='answer-id-1398' class='answer answer-7 ' value='1398' \/><label for='answer-id-1398' id='answer-label-1398' class=' answer label-7'><span>En faisant la part du feu et refroidit<\/span><\/label><br \/><\/div><div class='quizzin-question' id='question-8'><div class='question-content'>8) La poudre polyvalente agit par : <\/div><br \/><input type='hidden' name='question_id[]' value='338' \/><input type='radio' name='answer-338' id='answer-id-1399' class='answer answer-8 ' value='1399' \/><label for='answer-id-1399' id='answer-label-1399' class=' answer label-8'><span>Refroidissement et \u00e9touffement<\/span><\/label><br \/><input type='radio' name='answer-338' id='answer-id-1400' class='answer answer-8 ' value='1400' \/><label for='answer-id-1400' id='answer-label-1400' class=' answer label-8'><span>Etouffement<\/span><\/label><br \/><input type='radio' name='answer-338' id='answer-id-1401' class='answer answer-8 ' value='1401' \/><label for='answer-id-1401' id='answer-label-1401' class=' answer label-8'><span>Dispersion <\/span><\/label><br \/><\/div><div class='quizzin-question' id='question-9'><div class='question-content'>9) Le dioxyde de carbone (CO2) agit par :<\/div><br \/><input type='hidden' name='question_id[]' value='339' \/><input type='radio' name='answer-339' id='answer-id-1402' class='answer answer-9 ' value='1402' \/><label for='answer-id-1402' id='answer-label-1402' class=' answer label-9'><span>Dispersion <\/span><\/label><br \/><input type='radio' name='answer-339' id='answer-id-1403' class='answer answer-9 ' value='1403' \/><label for='answer-id-1403' id='answer-label-1403' class=' answer label-9'><span>Coupure d\u2019alimentation <\/span><\/label><br \/><input type='radio' name='answer-339' id='answer-id-1404' class='answer answer-9 ' value='1404' \/><label for='answer-id-1404' id='answer-label-1404' class=' answer label-9'><span>Etouffement, soufflage et refroidissement<\/span><\/label><br \/><\/div><div class='quizzin-question' id='question-10'><div class='question-content'>10) La mousse agit par :<\/div><br \/><input type='hidden' name='question_id[]' value='340' \/><input type='radio' name='answer-340' id='answer-id-1405' class='answer answer-10 ' value='1405' \/><label for='answer-id-1405' id='answer-label-1405' class=' answer label-10'><span>Soufflage <\/span><\/label><br \/><input type='radio' name='answer-340' id='answer-id-1406' class='answer answer-10 ' value='1406' \/><label for='answer-id-1406' id='answer-label-1406' class=' answer label-10'><span>Refroidissement et \u00e9touffement <\/span><\/label><br \/><input type='radio' name='answer-340' id='answer-id-1407' class='answer answer-10 ' value='1407' \/><label for='answer-id-1407' id='answer-label-1407' class=' answer label-10'><span>Refroidissement et dispersion<\/span><\/label><br \/><\/div><br \/>\r\n<input type=\"button\" id=\"next-question\" value=\"Suivant &gt;\"  \/><br \/>\r\n\r\n<input type=\"submit\" name=\"action\" id=\"action-button\" value=\"Voir le r\u00e9sultat\"  \/>\r\n<input type=\"hidden\" name=\"quiz_id\" value=\"36\" \/>\r\n<\/form>\r\n<\/div>\r\n\r\n\n","protected":false},"excerpt":{"rendered":"","protected":false},"author":1,"featured_media":0,"parent":2542,"menu_order":0,"comment_status":"closed","ping_status":"closed","template":"","meta":{"ngg_post_thumbnail":0,"_themeisle_gutenberg_block_has_review":false,"footnotes":""},"class_list":["post-851","page","type-page","status-publish","hentry"],"_links":{"self":[{"href":"https:\/\/www.jsp-saintmauricedebeynost.com\/index.php?rest_route=\/wp\/v2\/pages\/851","targetHints":{"allow":["GET"]}}],"collection":[{"href":"https:\/\/www.jsp-saintmauricedebeynost.com\/index.php?rest_route=\/wp\/v2\/pages"}],"about":[{"href":"https:\/\/www.jsp-saintmauricedebeynost.com\/index.php?rest_route=\/wp\/v2\/types\/page"}],"author":[{"embeddable":true,"href":"https:\/\/www.jsp-saintmauricedebeynost.com\/index.php?rest_route=\/wp\/v2\/users\/1"}],"replies":[{"embeddable":true,"href":"https:\/\/www.jsp-saintmauricedebeynost.com\/index.php?rest_route=%2Fwp%2Fv2%2Fcomments&post=851"}],"version-history":[{"count":2,"href":"https:\/\/www.jsp-saintmauricedebeynost.com\/index.php?rest_route=\/wp\/v2\/pages\/851\/revisions"}],"predecessor-version":[{"id":853,"href":"https:\/\/www.jsp-saintmauricedebeynost.com\/index.php?rest_route=\/wp\/v2\/pages\/851\/revisions\/853"}],"up":[{"embeddable":true,"href":"https:\/\/www.jsp-saintmauricedebeynost.com\/index.php?rest_route=\/wp\/v2\/pages\/2542"}],"wp:attachment":[{"href":"https:\/\/www.jsp-saintmauricedebeynost.com\/index.php?rest_route=%2Fwp%2Fv2%2Fmedia&parent=851"}],"curies":[{"name":"wp","href":"https:\/\/api.w.org\/{rel}","templated":true}]}}