{"id":843,"date":"2013-08-29T20:58:33","date_gmt":"2013-08-29T19:58:33","guid":{"rendered":"http:\/\/www.jsp-saintmauricedebeynost.com\/?page_id=843"},"modified":"2020-09-10T17:57:39","modified_gmt":"2020-09-10T16:57:39","slug":"mise-en-oeuvre-des-dispositifs-dalimentation-procedure-pour-le-controle-des-hydrants","status":"publish","type":"page","link":"https:\/\/www.jsp-saintmauricedebeynost.com\/?page_id=843","title":{"rendered":"Mise en \u0153uvre des dispositifs d\u2019alimentation, proc\u00e9dure pour le contr\u00f4le des hydrants"},"content":{"rendered":"<link type=\"text\/css\" rel=\"stylesheet\" href=\"http:\/\/www.jsp-saintmauricedebeynost.com\/wp-content\/plugins\/quizzin\/style.css\" \/>\r\n<script type=\"text\/javascript\" src=\"http:\/\/www.jsp-saintmauricedebeynost.com\/wp-includes\/js\/jquery\/jquery.js\"><\/script>\r\n<script type=\"text\/javascript\" src=\"http:\/\/www.jsp-saintmauricedebeynost.com\/wp-content\/plugins\/quizzin\/script.js\"><\/script>\r\n\r\n<div class=\"quiz-area single-page-quiz\">\r\n<form action=\"\" method=\"post\" class=\"quiz-form\" id=\"quiz-34\">\r\n<div class='quizzin-question' id='question-1'><div class='question-content'>1) Apr\u00e8s avoir ouvert le coffre la bouche d\u2019incendie ou le poteau d\u2019incendie, il faut :<\/div><br \/><input type='hidden' name='question_id[]' value='311' \/><input type='radio' name='answer-311' id='answer-id-1318' class='answer answer-1 ' value='1318' \/><label for='answer-id-1318' id='answer-label-1318' class=' answer label-1'><span>Raccorder le tuyau<\/span><\/label><br \/><input type='radio' name='answer-311' id='answer-id-1319' class='answer answer-1 ' value='1319' \/><label for='answer-id-1319' id='answer-label-1319' class=' answer label-1'><span>Purger en faisant jaillir l\u2019eau puis refermer <\/span><\/label><br \/><input type='radio' name='answer-311' id='answer-id-1320' class='answer answer-1 ' value='1320' \/><label for='answer-id-1320' id='answer-label-1320' class=' answer label-1'><span>Enlever les sangles<\/span><\/label><br \/><\/div><div class='quizzin-question' id='question-2'><div class='question-content'>2) La retenue est utilis\u00e9e sur :<\/div><br \/><input type='hidden' name='question_id[]' value='312' \/><input type='radio' name='answer-312' id='answer-id-1321' class='answer answer-2 ' value='1321' \/><label for='answer-id-1321' id='answer-label-1321' class=' answer label-2'><span>La bouche d\u2019incendie<\/span><\/label><br \/><input type='radio' name='answer-312' id='answer-id-1322' class='answer answer-2 ' value='1322' \/><label for='answer-id-1322' id='answer-label-1322' class=' answer label-2'><span>Le poteau d\u2019incendie<\/span><\/label><br \/><input type='radio' name='answer-312' id='answer-id-1323' class='answer answer-2 ' value='1323' \/><label for='answer-id-1323' id='answer-label-1323' class=' answer label-2'><span>La bouche de lavage<\/span><\/label><br \/><\/div><div class='quizzin-question' id='question-3'><div class='question-content'>3) Les hydrants sont v\u00e9rifi\u00e9s :<\/div><br \/><input type='hidden' name='question_id[]' value='313' \/><input type='radio' name='answer-313' id='answer-id-1324' class='answer answer-3 ' value='1324' \/><label for='answer-id-1324' id='answer-label-1324' class=' answer label-3'><span>Tous les 2 ans<\/span><\/label><br \/><input type='radio' name='answer-313' id='answer-id-1325' class='answer answer-3 ' value='1325' \/><label for='answer-id-1325' id='answer-label-1325' class=' answer label-3'><span>Tous les ans<\/span><\/label><br \/><input type='radio' name='answer-313' id='answer-id-1326' class='answer answer-3 ' value='1326' \/><label for='answer-id-1326' id='answer-label-1326' class=' answer label-3'><span>Tous les 10 ans<\/span><\/label><br \/><\/div><div class='quizzin-question' id='question-4'><div class='question-content'>4) D\u2019apr\u00e8s l\u2019arr\u00eat\u00e9 du 1er f\u00e9vrier 1978, l\u2019\u00e9preuve des BI et PI doivent \u00eatre faites par :<\/div><br \/><input type='hidden' name='question_id[]' value='314' \/><input type='radio' name='answer-314' id='answer-id-2473' class='answer answer-4 ' value='2473' \/><label for='answer-id-2473' id='answer-label-2473' class=' answer label-4'><span>Les sapeurs pompiers<\/span><\/label><br \/><input type='radio' name='answer-314' id='answer-id-2474' class='answer answer-4 ' value='2474' \/><label for='answer-id-2474' id='answer-label-2474' class=' answer label-4'><span>Le service des eaux<\/span><\/label><br \/><input type='radio' name='answer-314' id='answer-id-2475' class='answer answer-4 ' value='2475' \/><label for='answer-id-2475' id='answer-label-2475' class=' answer label-4'><span>Une entreprise priv\u00e9e<\/span><\/label><br \/><\/div><div class='quizzin-question' id='question-5'><div class='question-content'>5) Le CCGC est tr\u00e8s souvent utilis\u00e9 sur<\/div><br \/><input type='hidden' name='question_id[]' value='315' \/><input type='radio' name='answer-315' id='answer-id-1330' class='answer answer-5 ' value='1330' \/><label for='answer-id-1330' id='answer-label-1330' class=' answer label-5'><span>Un feu d\u2019appartement<\/span><\/label><br \/><input type='radio' name='answer-315' id='answer-id-1331' class='answer answer-5 ' value='1331' \/><label for='answer-id-1331' id='answer-label-1331' class=' answer label-5'><span>Un feu dans un ERP\/IGH<\/span><\/label><br \/><input type='radio' name='answer-315' id='answer-id-1332' class='answer answer-5 ' value='1332' \/><label for='answer-id-1332' id='answer-label-1332' class=' answer label-5'><span>Un feu de for\u00eat<\/span><\/label><br \/><\/div><div class='quizzin-question' id='question-6'><div class='question-content'>6) La mesure de la pression statique est faite lorsque :<\/div><br \/><input type='hidden' name='question_id[]' value='316' \/><input type='radio' name='answer-316' id='answer-id-1333' class='answer answer-6 ' value='1333' \/><label for='answer-id-1333' id='answer-label-1333' class=' answer label-6'><span>La vanne est ferm\u00e9e<\/span><\/label><br \/><input type='radio' name='answer-316' id='answer-id-1334' class='answer answer-6 ' value='1334' \/><label for='answer-id-1334' id='answer-label-1334' class=' answer label-6'><span>La vanne est ouverte<\/span><\/label><br \/><input type='radio' name='answer-316' id='answer-id-1335' class='answer answer-6 ' value='1335' \/><label for='answer-id-1335' id='answer-label-1335' class=' answer label-6'><span>La vanne est partiellement ouverte avec un d\u00e9bit de 60m3\/h<\/span><\/label><br \/><\/div><div class='quizzin-question' id='question-7'><div class='question-content'>7) La mesure de la pression dynamique est faite lorsque :<\/div><br \/><input type='hidden' name='question_id[]' value='317' \/><input type='radio' name='answer-317' id='answer-id-1336' class='answer answer-7 ' value='1336' \/><label for='answer-id-1336' id='answer-label-1336' class=' answer label-7'><span>La vanne est ferm\u00e9e<\/span><\/label><br \/><input type='radio' name='answer-317' id='answer-id-1337' class='answer answer-7 ' value='1337' \/><label for='answer-id-1337' id='answer-label-1337' class=' answer label-7'><span>La vanne est ouverte<\/span><\/label><br \/><input type='radio' name='answer-317' id='answer-id-1338' class='answer answer-7 ' value='1338' \/><label for='answer-id-1338' id='answer-label-1338' class=' answer label-7'><span>La vanne est partiellement ouverte avec un d\u00e9bit de 60m3\/h<\/span><\/label><br \/><\/div><div class='quizzin-question' id='question-8'><div class='question-content'>8) La mesure du d\u00e9bit en m3 est fa\u00eete lorsque :<\/div><br \/><input type='hidden' name='question_id[]' value='318' \/><input type='radio' name='answer-318' id='answer-id-1339' class='answer answer-8 ' value='1339' \/><label for='answer-id-1339' id='answer-label-1339' class=' answer label-8'><span>La vanne est ferm\u00e9e<\/span><\/label><br \/><input type='radio' name='answer-318' id='answer-id-1340' class='answer answer-8 ' value='1340' \/><label for='answer-id-1340' id='answer-label-1340' class=' answer label-8'><span>La vanne est ouverte<\/span><\/label><br \/><input type='radio' name='answer-318' id='answer-id-1341' class='answer answer-8 ' value='1341' \/><label for='answer-id-1341' id='answer-label-1341' class=' answer label-8'><span>La vanne est partiellement ouverte avec un d\u00e9bit de 60m3\/h<\/span><\/label><br \/><\/div><div class='quizzin-question' id='question-9'><div class='question-content'>9) L\u2019unit\u00e9 de valeur de la pression utilis\u00e9e par les sapeurs-pompiers est :<\/div><br \/><input type='hidden' name='question_id[]' value='319' \/><input type='radio' name='answer-319' id='answer-id-1342' class='answer answer-9 ' value='1342' \/><label for='answer-id-1342' id='answer-label-1342' class=' answer label-9'><span>Le bar<\/span><\/label><br \/><input type='radio' name='answer-319' id='answer-id-1343' class='answer answer-9 ' value='1343' \/><label for='answer-id-1343' id='answer-label-1343' class=' answer label-9'><span>Le m3\/h ou l \/m<\/span><\/label><br \/><input type='radio' name='answer-319' id='answer-id-1344' class='answer answer-9 ' value='1344' \/><label for='answer-id-1344' id='answer-label-1344' class=' answer label-9'><span>Le m2<\/span><\/label><br \/><\/div><div class='quizzin-question' id='question-10'><div class='question-content'>10) L\u2019unit\u00e9 de valeur du d\u00e9bit utilis\u00e9e par les sapeurs-pompiers est :<\/div><br \/><input type='hidden' name='question_id[]' value='320' \/><input type='radio' name='answer-320' id='answer-id-1345' class='answer answer-10 ' value='1345' \/><label for='answer-id-1345' id='answer-label-1345' class=' answer label-10'><span>Le bar<\/span><\/label><br \/><input type='radio' name='answer-320' id='answer-id-1346' class='answer answer-10 ' value='1346' \/><label for='answer-id-1346' id='answer-label-1346' class=' answer label-10'><span>Le m3\/h ou l\/m<\/span><\/label><br \/><input type='radio' name='answer-320' id='answer-id-1347' class='answer answer-10 ' value='1347' \/><label for='answer-id-1347' id='answer-label-1347' class=' answer label-10'><span>Le m2<\/span><\/label><br \/><\/div><br \/>\r\n<input type=\"button\" id=\"next-question\" value=\"Suivant &gt;\"  \/><br \/>\r\n\r\n<input type=\"submit\" name=\"action\" id=\"action-button\" value=\"Voir le r\u00e9sultat\"  \/>\r\n<input type=\"hidden\" name=\"quiz_id\" value=\"34\" \/>\r\n<\/form>\r\n<\/div>\r\n\r\n\n","protected":false},"excerpt":{"rendered":"","protected":false},"author":1,"featured_media":0,"parent":2542,"menu_order":0,"comment_status":"closed","ping_status":"open","template":"","meta":{"ngg_post_thumbnail":0,"_themeisle_gutenberg_block_has_review":false,"footnotes":""},"class_list":["post-843","page","type-page","status-publish","hentry"],"_links":{"self":[{"href":"https:\/\/www.jsp-saintmauricedebeynost.com\/index.php?rest_route=\/wp\/v2\/pages\/843","targetHints":{"allow":["GET"]}}],"collection":[{"href":"https:\/\/www.jsp-saintmauricedebeynost.com\/index.php?rest_route=\/wp\/v2\/pages"}],"about":[{"href":"https:\/\/www.jsp-saintmauricedebeynost.com\/index.php?rest_route=\/wp\/v2\/types\/page"}],"author":[{"embeddable":true,"href":"https:\/\/www.jsp-saintmauricedebeynost.com\/index.php?rest_route=\/wp\/v2\/users\/1"}],"replies":[{"embeddable":true,"href":"https:\/\/www.jsp-saintmauricedebeynost.com\/index.php?rest_route=%2Fwp%2Fv2%2Fcomments&post=843"}],"version-history":[{"count":1,"href":"https:\/\/www.jsp-saintmauricedebeynost.com\/index.php?rest_route=\/wp\/v2\/pages\/843\/revisions"}],"predecessor-version":[{"id":844,"href":"https:\/\/www.jsp-saintmauricedebeynost.com\/index.php?rest_route=\/wp\/v2\/pages\/843\/revisions\/844"}],"up":[{"embeddable":true,"href":"https:\/\/www.jsp-saintmauricedebeynost.com\/index.php?rest_route=\/wp\/v2\/pages\/2542"}],"wp:attachment":[{"href":"https:\/\/www.jsp-saintmauricedebeynost.com\/index.php?rest_route=%2Fwp%2Fv2%2Fmedia&parent=843"}],"curies":[{"name":"wp","href":"https:\/\/api.w.org\/{rel}","templated":true}]}}