{"id":838,"date":"2013-08-29T20:14:27","date_gmt":"2013-08-29T19:14:27","guid":{"rendered":"http:\/\/www.jsp-saintmauricedebeynost.com\/?page_id=838"},"modified":"2020-09-10T17:57:39","modified_gmt":"2020-09-10T16:57:39","slug":"les-tuyaux","status":"publish","type":"page","link":"https:\/\/www.jsp-saintmauricedebeynost.com\/?page_id=838","title":{"rendered":"Les tuyaux"},"content":{"rendered":"<link type=\"text\/css\" rel=\"stylesheet\" href=\"http:\/\/www.jsp-saintmauricedebeynost.com\/wp-content\/plugins\/quizzin\/style.css\" \/>\r\n<script type=\"text\/javascript\" src=\"http:\/\/www.jsp-saintmauricedebeynost.com\/wp-includes\/js\/jquery\/jquery.js\"><\/script>\r\n<script type=\"text\/javascript\" src=\"http:\/\/www.jsp-saintmauricedebeynost.com\/wp-content\/plugins\/quizzin\/script.js\"><\/script>\r\n\r\n<div class=\"quiz-area single-page-quiz\">\r\n<form action=\"\" method=\"post\" class=\"quiz-form\" id=\"quiz-33\">\r\n<div class='quizzin-question' id='question-1'><div class='question-content'>1) Les tuyaux de refoulement sont : <\/div><br \/><input type='hidden' name='question_id[]' value='301' \/><input type='radio' name='answer-301' id='answer-id-1285' class='answer answer-1 ' value='1285' \/><label for='answer-id-1285' id='answer-label-1285' class=' answer label-1'><span>Souple<\/span><\/label><br \/><input type='radio' name='answer-301' id='answer-id-1286' class='answer answer-1 ' value='1286' \/><label for='answer-id-1286' id='answer-label-1286' class=' answer label-1'><span>Semi rigide<\/span><\/label><br \/><input type='radio' name='answer-301' id='answer-id-1287' class='answer answer-1 ' value='1287' \/><label for='answer-id-1287' id='answer-label-1287' class=' answer label-1'><span>Rigide<\/span><\/label><br \/><\/div><div class='quizzin-question' id='question-2'><div class='question-content'>2) Les tuyaux d\u2019alimentation sont : <\/div><br \/><input type='hidden' name='question_id[]' value='302' \/><input type='radio' name='answer-302' id='answer-id-1288' class='answer answer-2 ' value='1288' \/><label for='answer-id-1288' id='answer-label-1288' class=' answer label-2'><span>Souple<\/span><\/label><br \/><input type='radio' name='answer-302' id='answer-id-1289' class='answer answer-2 ' value='1289' \/><label for='answer-id-1289' id='answer-label-1289' class=' answer label-2'><span>Semi rigide<\/span><\/label><br \/><input type='radio' name='answer-302' id='answer-id-1290' class='answer answer-2 ' value='1290' \/><label for='answer-id-1290' id='answer-label-1290' class=' answer label-2'><span>Rigide<\/span><\/label><br \/><\/div><div class='quizzin-question' id='question-3'><div class='question-content'>3)Les tuyaux d\u2019aspirations sont : <\/div><br \/><input type='hidden' name='question_id[]' value='303' \/><input type='radio' name='answer-303' id='answer-id-1291' class='answer answer-3 ' value='1291' \/><label for='answer-id-1291' id='answer-label-1291' class=' answer label-3'><span>Souple<\/span><\/label><br \/><input type='radio' name='answer-303' id='answer-id-1292' class='answer answer-3 ' value='1292' \/><label for='answer-id-1292' id='answer-label-1292' class=' answer label-3'><span>Semi rigide<\/span><\/label><br \/><input type='radio' name='answer-303' id='answer-id-1293' class='answer answer-3 ' value='1293' \/><label for='answer-id-1293' id='answer-label-1293' class=' answer label-3'><span>Rigide<\/span><\/label><br \/><\/div><div class='quizzin-question' id='question-4'><div class='question-content'>4) Les tuyaux de refoulement servent \u00e0 :<\/div><br \/><input type='hidden' name='question_id[]' value='304' \/><input type='radio' name='answer-304' id='answer-id-1294' class='answer answer-4 ' value='1294' \/><label for='answer-id-1294' id='answer-label-1294' class=' answer label-4'><span>Acheminer l\u2019eau de l\u2019hydrant \u00e0 la prise d\u2019eau (engin pompe\u2026)<\/span><\/label><br \/><input type='radio' name='answer-304' id='answer-id-1295' class='answer answer-4 ' value='1295' \/><label for='answer-id-1295' id='answer-label-1295' class=' answer label-4'><span>Acheminer l\u2019eau de la prise d\u2019eau aux lances<\/span><\/label><br \/><input type='radio' name='answer-304' id='answer-id-1296' class='answer answer-4 ' value='1296' \/><label for='answer-id-1296' id='answer-label-1296' class=' answer label-4'><span>Acheminer l\u2019eau d\u2019un point d\u2019eau naturel ou artificielle \u00e0 l\u2019engin pompe<\/span><\/label><br \/><\/div><div class='quizzin-question' id='question-5'><div class='question-content'>5) Les tuyaux d\u2019alimentation servent \u00e0 : <\/div><br \/><input type='hidden' name='question_id[]' value='305' \/><input type='radio' name='answer-305' id='answer-id-1297' class='answer answer-5 ' value='1297' \/><label for='answer-id-1297' id='answer-label-1297' class=' answer label-5'><span>Acheminer l\u2019eau de l\u2019hydrant \u00e0 la prise d\u2019eau (engin pompe\u2026)<\/span><\/label><br \/><input type='radio' name='answer-305' id='answer-id-1298' class='answer answer-5 ' value='1298' \/><label for='answer-id-1298' id='answer-label-1298' class=' answer label-5'><span>Acheminer l\u2019eau de la prise d\u2019eau aux lances<\/span><\/label><br \/><input type='radio' name='answer-305' id='answer-id-1299' class='answer answer-5 ' value='1299' \/><label for='answer-id-1299' id='answer-label-1299' class=' answer label-5'><span>Acheminer l\u2019eau d\u2019un point d\u2019eau naturel ou artificielle \u00e0 l\u2019engin pompe<\/span><\/label><br \/><\/div><div class='quizzin-question' id='question-6'><div class='question-content'>6) Les tuyaux d\u2019aspirations servent \u00e0 : <\/div><br \/><input type='hidden' name='question_id[]' value='306' \/><input type='radio' name='answer-306' id='answer-id-1300' class='answer answer-6 ' value='1300' \/><label for='answer-id-1300' id='answer-label-1300' class=' answer label-6'><span>Acheminer l\u2019eau de l\u2019hydrant \u00e0 la prise d\u2019eau (engin pompe\u2026)<\/span><\/label><br \/><input type='radio' name='answer-306' id='answer-id-1301' class='answer answer-6 ' value='1301' \/><label for='answer-id-1301' id='answer-label-1301' class=' answer label-6'><span>Acheminer l\u2019eau de la prise d\u2019eau aux lances<\/span><\/label><br \/><input type='radio' name='answer-306' id='answer-id-1302' class='answer answer-6 ' value='1302' \/><label for='answer-id-1302' id='answer-label-1302' class=' answer label-6'><span>Acheminer l\u2019eau d\u2019un point d\u2019eau naturel ou artificielle \u00e0 l\u2019engin pompe<\/span><\/label><br \/><\/div><div class='quizzin-question' id='question-7'><div class='question-content'>7) De quel diam\u00e8tre sont les tuyaux de refoulement ?<\/div><br \/><input type='hidden' name='question_id[]' value='307' \/><input type='radio' name='answer-307' id='answer-id-1303' class='answer answer-7 ' value='1303' \/><label for='answer-id-1303' id='answer-label-1303' class=' answer label-7'><span>Diam\u00e8tre 110 mm<\/span><\/label><br \/><input type='radio' name='answer-307' id='answer-id-1304' class='answer answer-7 ' value='1304' \/><label for='answer-id-1304' id='answer-label-1304' class=' answer label-7'><span>Diam\u00e8tre 25mm, diam\u00e8tre 45mm, diam\u00e8tre 70mm, diam\u00e8tre 110mm<\/span><\/label><br \/><input type='radio' name='answer-307' id='answer-id-1305' class='answer answer-7 ' value='1305' \/><label for='answer-id-1305' id='answer-label-1305' class=' answer label-7'><span>Diam\u00e8tre 70mm, diam\u00e8tre 110mm, diam\u00e8tre 152mm<\/span><\/label><br \/><\/div><div class='quizzin-question' id='question-8'><div class='question-content'>8) De quelle longueur sont les tuyaux d\u2019alimentation ?<\/div><br \/><input type='hidden' name='question_id[]' value='308' \/><input type='radio' name='answer-308' id='answer-id-1306' class='answer answer-8 ' value='1306' \/><label for='answer-id-1306' id='answer-label-1306' class=' answer label-8'><span>2m et 4m <\/span><\/label><br \/><input type='radio' name='answer-308' id='answer-id-1307' class='answer answer-8 ' value='1307' \/><label for='answer-id-1307' id='answer-label-1307' class=' answer label-8'><span>20m et 40m<\/span><\/label><br \/><input type='radio' name='answer-308' id='answer-id-1308' class='answer answer-8 ' value='1308' \/><label for='answer-id-1308' id='answer-label-1308' class=' answer label-8'><span>5m \u00e0 10m, 20m et 40m<\/span><\/label><br \/><\/div><div class='quizzin-question' id='question-9'><div class='question-content'>9) Que signifie PIL ?<\/div><br \/><input type='hidden' name='question_id[]' value='309' \/><input type='radio' name='answer-309' id='answer-id-1309' class='answer answer-9 ' value='1309' \/><label for='answer-id-1309' id='answer-label-1309' class=' answer label-9'><span>Pression interne aux lances<\/span><\/label><br \/><input type='radio' name='answer-309' id='answer-id-1310' class='answer answer-9 ' value='1310' \/><label for='answer-id-1310' id='answer-label-1310' class=' answer label-9'><span>Perte interne l\u00e9g\u00e8re<\/span><\/label><br \/><input type='radio' name='answer-309' id='answer-id-1311' class='answer answer-9 ' value='1311' \/><label for='answer-id-1311' id='answer-label-1311' class=' answer label-9'><span>Parois interne lisse<\/span><\/label><br \/><\/div><div class='quizzin-question' id='question-10'><div class='question-content'>10) De quelle longueur sont les tuyaux d\u2019aspiration ?<\/div><br \/><input type='hidden' name='question_id[]' value='310' \/><input type='radio' name='answer-310' id='answer-id-1312' class='answer answer-10 ' value='1312' \/><label for='answer-id-1312' id='answer-label-1312' class=' answer label-10'><span>2m et 4m<\/span><\/label><br \/><input type='radio' name='answer-310' id='answer-id-1313' class='answer answer-10 ' value='1313' \/><label for='answer-id-1313' id='answer-label-1313' class=' answer label-10'><span>20m et 40m<\/span><\/label><br \/><input type='radio' name='answer-310' id='answer-id-1314' class='answer answer-10 ' value='1314' \/><label for='answer-id-1314' id='answer-label-1314' class=' answer label-10'><span>5m \u00e0 10m, 20m et 40m<\/span><\/label><br \/><\/div><br \/>\r\n<input type=\"button\" id=\"next-question\" value=\"Suivant &gt;\"  \/><br \/>\r\n\r\n<input type=\"submit\" name=\"action\" id=\"action-button\" value=\"Voir le r\u00e9sultat\"  \/>\r\n<input type=\"hidden\" name=\"quiz_id\" value=\"33\" \/>\r\n<\/form>\r\n<\/div>\r\n\r\n\n","protected":false},"excerpt":{"rendered":"","protected":false},"author":1,"featured_media":0,"parent":2542,"menu_order":0,"comment_status":"closed","ping_status":"open","template":"","meta":{"ngg_post_thumbnail":0,"_themeisle_gutenberg_block_has_review":false,"footnotes":""},"class_list":["post-838","page","type-page","status-publish","hentry"],"_links":{"self":[{"href":"https:\/\/www.jsp-saintmauricedebeynost.com\/index.php?rest_route=\/wp\/v2\/pages\/838","targetHints":{"allow":["GET"]}}],"collection":[{"href":"https:\/\/www.jsp-saintmauricedebeynost.com\/index.php?rest_route=\/wp\/v2\/pages"}],"about":[{"href":"https:\/\/www.jsp-saintmauricedebeynost.com\/index.php?rest_route=\/wp\/v2\/types\/page"}],"author":[{"embeddable":true,"href":"https:\/\/www.jsp-saintmauricedebeynost.com\/index.php?rest_route=\/wp\/v2\/users\/1"}],"replies":[{"embeddable":true,"href":"https:\/\/www.jsp-saintmauricedebeynost.com\/index.php?rest_route=%2Fwp%2Fv2%2Fcomments&post=838"}],"version-history":[{"count":2,"href":"https:\/\/www.jsp-saintmauricedebeynost.com\/index.php?rest_route=\/wp\/v2\/pages\/838\/revisions"}],"predecessor-version":[{"id":840,"href":"https:\/\/www.jsp-saintmauricedebeynost.com\/index.php?rest_route=\/wp\/v2\/pages\/838\/revisions\/840"}],"up":[{"embeddable":true,"href":"https:\/\/www.jsp-saintmauricedebeynost.com\/index.php?rest_route=\/wp\/v2\/pages\/2542"}],"wp:attachment":[{"href":"https:\/\/www.jsp-saintmauricedebeynost.com\/index.php?rest_route=%2Fwp%2Fv2%2Fmedia&parent=838"}],"curies":[{"name":"wp","href":"https:\/\/api.w.org\/{rel}","templated":true}]}}