{"id":729,"date":"2013-06-19T17:11:06","date_gmt":"2013-06-19T16:11:06","guid":{"rendered":"http:\/\/www.jsp-saintmauricedebeynost.com\/?page_id=729"},"modified":"2020-09-10T17:57:39","modified_gmt":"2020-09-10T16:57:39","slug":"equipements-de-protection-individuelle","status":"publish","type":"page","link":"https:\/\/www.jsp-saintmauricedebeynost.com\/?page_id=729","title":{"rendered":"Equipements de Protection individuelle"},"content":{"rendered":"<link type=\"text\/css\" rel=\"stylesheet\" href=\"http:\/\/www.jsp-saintmauricedebeynost.com\/wp-content\/plugins\/quizzin\/style.css\" \/>\r\n<script type=\"text\/javascript\" src=\"http:\/\/www.jsp-saintmauricedebeynost.com\/wp-includes\/js\/jquery\/jquery.js\"><\/script>\r\n<script type=\"text\/javascript\" src=\"http:\/\/www.jsp-saintmauricedebeynost.com\/wp-content\/plugins\/quizzin\/script.js\"><\/script>\r\n\r\n<div class=\"quiz-area single-page-quiz\">\r\n<form action=\"\" method=\"post\" class=\"quiz-form\" id=\"quiz-28\">\r\n<div class='quizzin-question' id='question-1'><div class='question-content'>1) La tenue de secours \u00e0 personne contre les risques infectieux est : <\/div><br \/><input type='hidden' name='question_id[]' value='251' \/><input type='radio' name='answer-251' id='answer-id-1129' class='answer answer-1 ' value='1129' \/><label for='answer-id-1129' id='answer-label-1129' class=' answer label-1'><span>La tenue SPF1<\/span><\/label><br \/><input type='radio' name='answer-251' id='answer-id-1130' class='answer answer-1 ' value='1130' \/><label for='answer-id-1130' id='answer-label-1130' class=' answer label-1'><span>La tenue de feu<\/span><\/label><br \/><input type='radio' name='answer-251' id='answer-id-1131' class='answer answer-1 ' value='1131' \/><label for='answer-id-1131' id='answer-label-1131' class=' answer label-1'><span>Une tenue jetable<\/span><\/label><br \/><\/div><div class='quizzin-question' id='question-2'><div class='question-content'>2) Pour toutes interventions sur route, le SP doit porter en plus de sa tenue d\u2019intervention :<\/div><br \/><input type='hidden' name='question_id[]' value='252' \/><input type='radio' name='answer-252' id='answer-id-1132' class='answer answer-2 ' value='1132' \/><label for='answer-id-1132' id='answer-label-1132' class=' answer label-2'><span>Un gilet haute visibilit\u00e9<\/span><\/label><br \/><input type='radio' name='answer-252' id='answer-id-1133' class='answer answer-2 ' value='1133' \/><label for='answer-id-1133' id='answer-label-1133' class=' answer label-2'><span>Le casque<\/span><\/label><br \/><input type='radio' name='answer-252' id='answer-id-1134' class='answer answer-2 ' value='1134' \/><label for='answer-id-1134' id='answer-label-1134' class=' answer label-2'><span>Des gants<\/span><\/label><br \/><\/div><div class='quizzin-question' id='question-3'><div class='question-content'>3) Afin de pouvoir respirer dans la fum\u00e9e il faut porter :<\/div><br \/><input type='hidden' name='question_id[]' value='253' \/><input type='radio' name='answer-253' id='answer-id-1135' class='answer answer-3 ' value='1135' \/><label for='answer-id-1135' id='answer-label-1135' class=' answer label-3'><span>Une cagoule<\/span><\/label><br \/><input type='radio' name='answer-253' id='answer-id-1136' class='answer answer-3 ' value='1136' \/><label for='answer-id-1136' id='answer-label-1136' class=' answer label-3'><span>Un ARI <\/span><\/label><br \/><input type='radio' name='answer-253' id='answer-id-1137' class='answer answer-3 ' value='1137' \/><label for='answer-id-1137' id='answer-label-1137' class=' answer label-3'><span>Un masque haute concentration<\/span><\/label><br \/><\/div><div class='quizzin-question' id='question-4'><div class='question-content'>4) On porte des gants jetables (en vinyle ou nitrile) pour se prot\u00e9ger \u2026<\/div><br \/><input type='hidden' name='question_id[]' value='254' \/><input type='radio' name='answer-254' id='answer-id-1138' class='answer answer-4 ' value='1138' \/><label for='answer-id-1138' id='answer-label-1138' class=' answer label-4'><span>D\u2019un accident d\u2019exposition au sang<\/span><\/label><br \/><input type='radio' name='answer-254' id='answer-id-1139' class='answer answer-4 ' value='1139' \/><label for='answer-id-1139' id='answer-label-1139' class=' answer label-4'><span>Des bact\u00e9ries<\/span><\/label><br \/><input type='radio' name='answer-254' id='answer-id-1140' class='answer answer-4 ' value='1140' \/><label for='answer-id-1140' id='answer-label-1140' class=' answer label-4'><span>De la chaleur<\/span><\/label><br \/><\/div><div class='quizzin-question' id='question-5'><div class='question-content'>5) L\u2019\u00e9cran facial sur le casque F1 sert \u00e0 se prot\u00e9ger :<\/div><br \/><input type='hidden' name='question_id[]' value='255' \/><input type='radio' name='answer-255' id='answer-id-1141' class='answer answer-5 ' value='1141' \/><label for='answer-id-1141' id='answer-label-1141' class=' answer label-5'><span>Des fum\u00e9es<\/span><\/label><br \/><input type='radio' name='answer-255' id='answer-id-1142' class='answer answer-5 ' value='1142' \/><label for='answer-id-1142' id='answer-label-1142' class=' answer label-5'><span>Des projections lors de l\u2019utilisation de la tron\u00e7onneuse<\/span><\/label><br \/><input type='radio' name='answer-255' id='answer-id-1143' class='answer answer-5 ' value='1143' \/><label for='answer-id-1143' id='answer-label-1143' class=' answer label-5'><span>Du rayonnement thermique<\/span><\/label><br \/><\/div><div class='quizzin-question' id='question-6'><div class='question-content'>6) Lors d\u2019une intervention sur l\u2019\u00e9chelle a\u00e9rienne, il ne faut pas oublier :<\/div><br \/><input type='hidden' name='question_id[]' value='256' \/><input type='radio' name='answer-256' id='answer-id-1144' class='answer answer-6 ' value='1144' \/><label for='answer-id-1144' id='answer-label-1144' class=' answer label-6'><span>L\u2019ARI<\/span><\/label><br \/><input type='radio' name='answer-256' id='answer-id-1145' class='answer answer-6 ' value='1145' \/><label for='answer-id-1145' id='answer-label-1145' class=' answer label-6'><span>Le ceinturon avec la longe de maintien<\/span><\/label><br \/><input type='radio' name='answer-256' id='answer-id-1146' class='answer answer-6 ' value='1146' \/><label for='answer-id-1146' id='answer-label-1146' class=' answer label-6'><span>Un gilet haute visibilit\u00e9<\/span><\/label><br \/><\/div><div class='quizzin-question' id='question-7'><div class='question-content'>7) En feux de for\u00eat on utilise :<\/div><br \/><input type='hidden' name='question_id[]' value='257' \/><input type='radio' name='answer-257' id='answer-id-1147' class='answer answer-7 ' value='1147' \/><label for='answer-id-1147' id='answer-label-1147' class=' answer label-7'><span>Le casque F1<\/span><\/label><br \/><input type='radio' name='answer-257' id='answer-id-1148' class='answer answer-7 ' value='1148' \/><label for='answer-id-1148' id='answer-label-1148' class=' answer label-7'><span>Le casque F2<\/span><\/label><br \/><input type='radio' name='answer-257' id='answer-id-1149' class='answer answer-7 ' value='1149' \/><label for='answer-id-1149' id='answer-label-1149' class=' answer label-7'><span>Le casque F3<\/span><\/label><br \/><\/div><div class='quizzin-question' id='question-8'><div class='question-content'>8) Lors d\u2019un incendie on porte des gants en<\/div><br \/><input type='hidden' name='question_id[]' value='258' \/><input type='radio' name='answer-258' id='answer-id-1150' class='answer answer-8 ' value='1150' \/><label for='answer-id-1150' id='answer-label-1150' class=' answer label-8'><span>Textile<\/span><\/label><br \/><input type='radio' name='answer-258' id='answer-id-1151' class='answer answer-8 ' value='1151' \/><label for='answer-id-1151' id='answer-label-1151' class=' answer label-8'><span>Cuir<\/span><\/label><br \/><input type='radio' name='answer-258' id='answer-id-1152' class='answer answer-8 ' value='1152' \/><label for='answer-id-1152' id='answer-label-1152' class=' answer label-8'><span>Vinyle<\/span><\/label><br \/><\/div><div class='quizzin-question' id='question-9'><div class='question-content'>9) Avant la s\u00e9ance de sport, afin de gagner du temps pour partir en intervention, on peut :<\/div><br \/><input type='hidden' name='question_id[]' value='259' \/><input type='radio' name='answer-259' id='answer-id-1153' class='answer answer-9 ' value='1153' \/><label for='answer-id-1153' id='answer-label-1153' class=' answer label-9'><span>Rester en tenue d\u2019intervention<\/span><\/label><br \/><input type='radio' name='answer-259' id='answer-id-1154' class='answer answer-9 ' value='1154' \/><label for='answer-id-1154' id='answer-label-1154' class=' answer label-9'><span>Replier en accord\u00e9on le pantalon sur les bottes<\/span><\/label><br \/><input type='radio' name='answer-259' id='answer-id-1155' class='answer answer-9 ' value='1155' \/><label for='answer-id-1155' id='answer-label-1155' class=' answer label-9'><span>Manger<\/span><\/label><br \/><\/div><div class='quizzin-question' id='question-10'><div class='question-content'>10) En partant en intervention, chaque \u00e9quipier <\/div><br \/><input type='hidden' name='question_id[]' value='260' \/><input type='radio' name='answer-260' id='answer-id-2443' class='answer answer-10 ' value='2443' \/><label for='answer-id-2443' id='answer-label-2443' class=' answer label-10'><span>Doit s\u2019\u00e9quiper seul sans contr\u00f4le<\/span><\/label><br \/><input type='radio' name='answer-260' id='answer-id-2444' class='answer answer-10 ' value='2444' \/><label for='answer-id-2444' id='answer-label-2444' class=' answer label-10'><span>Doit s\u2019\u00e9quiper seul et contr\u00f4ler son \u00e9quipement<\/span><\/label><br \/><input type='radio' name='answer-260' id='answer-id-2445' class='answer answer-10 ' value='2445' \/><label for='answer-id-2445' id='answer-label-2445' class=' answer label-10'><span>Doit s\u2019\u00e9quiper seul et effectuer un contr\u00f4le crois\u00e9 avec son bin\u00f4me <\/span><\/label><br \/><\/div><br \/>\r\n<input type=\"button\" id=\"next-question\" value=\"Suivant &gt;\"  \/><br \/>\r\n\r\n<input type=\"submit\" name=\"action\" id=\"action-button\" value=\"Voir le r\u00e9sultat\"  \/>\r\n<input type=\"hidden\" name=\"quiz_id\" value=\"28\" \/>\r\n<\/form>\r\n<\/div>\r\n\r\n\n","protected":false},"excerpt":{"rendered":"","protected":false},"author":1,"featured_media":0,"parent":2542,"menu_order":0,"comment_status":"closed","ping_status":"open","template":"","meta":{"ngg_post_thumbnail":0,"_themeisle_gutenberg_block_has_review":false,"footnotes":""},"class_list":["post-729","page","type-page","status-publish","hentry"],"_links":{"self":[{"href":"https:\/\/www.jsp-saintmauricedebeynost.com\/index.php?rest_route=\/wp\/v2\/pages\/729","targetHints":{"allow":["GET"]}}],"collection":[{"href":"https:\/\/www.jsp-saintmauricedebeynost.com\/index.php?rest_route=\/wp\/v2\/pages"}],"about":[{"href":"https:\/\/www.jsp-saintmauricedebeynost.com\/index.php?rest_route=\/wp\/v2\/types\/page"}],"author":[{"embeddable":true,"href":"https:\/\/www.jsp-saintmauricedebeynost.com\/index.php?rest_route=\/wp\/v2\/users\/1"}],"replies":[{"embeddable":true,"href":"https:\/\/www.jsp-saintmauricedebeynost.com\/index.php?rest_route=%2Fwp%2Fv2%2Fcomments&post=729"}],"version-history":[{"count":3,"href":"https:\/\/www.jsp-saintmauricedebeynost.com\/index.php?rest_route=\/wp\/v2\/pages\/729\/revisions"}],"predecessor-version":[{"id":2450,"href":"https:\/\/www.jsp-saintmauricedebeynost.com\/index.php?rest_route=\/wp\/v2\/pages\/729\/revisions\/2450"}],"up":[{"embeddable":true,"href":"https:\/\/www.jsp-saintmauricedebeynost.com\/index.php?rest_route=\/wp\/v2\/pages\/2542"}],"wp:attachment":[{"href":"https:\/\/www.jsp-saintmauricedebeynost.com\/index.php?rest_route=%2Fwp%2Fv2%2Fmedia&parent=729"}],"curies":[{"name":"wp","href":"https:\/\/api.w.org\/{rel}","templated":true}]}}