{"id":726,"date":"2013-06-19T16:45:36","date_gmt":"2013-06-19T15:45:36","guid":{"rendered":"http:\/\/www.jsp-saintmauricedebeynost.com\/?page_id=726"},"modified":"2020-09-10T17:57:39","modified_gmt":"2020-09-10T16:57:39","slug":"besoins-et-ressources-en-eau","status":"publish","type":"page","link":"https:\/\/www.jsp-saintmauricedebeynost.com\/?page_id=726","title":{"rendered":"Besoins et ressources en eau"},"content":{"rendered":"<link type=\"text\/css\" rel=\"stylesheet\" href=\"http:\/\/www.jsp-saintmauricedebeynost.com\/wp-content\/plugins\/quizzin\/style.css\" \/>\r\n<script type=\"text\/javascript\" src=\"http:\/\/www.jsp-saintmauricedebeynost.com\/wp-includes\/js\/jquery\/jquery.js\"><\/script>\r\n<script type=\"text\/javascript\" src=\"http:\/\/www.jsp-saintmauricedebeynost.com\/wp-content\/plugins\/quizzin\/script.js\"><\/script>\r\n\r\n<div class=\"quiz-area single-page-quiz\">\r\n<form action=\"\" method=\"post\" class=\"quiz-form\" id=\"quiz-27\">\r\n<div class='quizzin-question' id='question-1'><div class='question-content'>1) Les sapeurs-pompiers doivent disposer d\u2019un d\u00e9bit minimal de :<\/div><br \/><input type='hidden' name='question_id[]' value='241' \/><input type='radio' name='answer-241' id='answer-id-1099' class='answer answer-1 ' value='1099' \/><label for='answer-id-1099' id='answer-label-1099' class=' answer label-1'><span>30 m3\/h<\/span><\/label><br \/><input type='radio' name='answer-241' id='answer-id-1100' class='answer answer-1 ' value='1100' \/><label for='answer-id-1100' id='answer-label-1100' class=' answer label-1'><span>60 m3\/h<\/span><\/label><br \/><input type='radio' name='answer-241' id='answer-id-1101' class='answer answer-1 ' value='1101' \/><label for='answer-id-1101' id='answer-label-1101' class=' answer label-1'><span>120 m3\/h<\/span><\/label><br \/><\/div><div class='quizzin-question' id='question-2'><div class='question-content'>2) Un P.P.I est un :<\/div><br \/><input type='hidden' name='question_id[]' value='242' \/><input type='radio' name='answer-242' id='answer-id-1102' class='answer answer-2 ' value='1102' \/><label for='answer-id-1102' id='answer-label-1102' class=' answer label-2'><span>Plan particulier d\u2019intervention<\/span><\/label><br \/><input type='radio' name='answer-242' id='answer-id-1103' class='answer answer-2 ' value='1103' \/><label for='answer-id-1103' id='answer-label-1103' class=' answer label-2'><span>Petit poteau d\u2019incendie<\/span><\/label><br \/><input type='radio' name='answer-242' id='answer-id-1104' class='answer answer-2 ' value='1104' \/><label for='answer-id-1104' id='answer-label-1104' class=' answer label-2'><span>Plan particulier industriel<\/span><\/label><br \/><\/div><div class='quizzin-question' id='question-3'><div class='question-content'>3) Un r\u00e9seau \u00e9toil\u00e9 ou ramifi\u00e9 est compos\u00e9 de :<\/div><br \/><input type='hidden' name='question_id[]' value='243' \/><input type='radio' name='answer-243' id='answer-id-1105' class='answer answer-3 ' value='1105' \/><label for='answer-id-1105' id='answer-label-1105' class=' answer label-3'><span>Canalisations reli\u00e9es entre elles formant un quadrillage permettant la continuit\u00e9 de l\u2019\u00e9coulement de l\u2019eau dans tous les sens<\/span><\/label><br \/><input type='radio' name='answer-243' id='answer-id-1106' class='answer answer-3 ' value='1106' \/><label for='answer-id-1106' id='answer-label-1106' class=' answer label-3'><span>Canalisations partant d\u2019un seul r\u00e9servoir jusqu\u2019en bout de conduite en cul de sac<\/span><\/label><br \/><input type='radio' name='answer-243' id='answer-id-1107' class='answer answer-3 ' value='1107' \/><label for='answer-id-1107' id='answer-label-1107' class=' answer label-3'><span>Canalisations s\u00e8ches alimentant des poteaux relais<\/span><\/label><br \/><\/div><div class='quizzin-question' id='question-4'><div class='question-content'>4) Un r\u00e9seau maill\u00e9 est compos\u00e9 de :<\/div><br \/><input type='hidden' name='question_id[]' value='244' \/><input type='radio' name='answer-244' id='answer-id-1108' class='answer answer-4 ' value='1108' \/><label for='answer-id-1108' id='answer-label-1108' class=' answer label-4'><span>Canalisations reli\u00e9es entre elles formant un quadrillage permettant la continuit\u00e9 de l\u2019\u00e9coulement de l\u2019eau dans tous les sens<\/span><\/label><br \/><input type='radio' name='answer-244' id='answer-id-1109' class='answer answer-4 ' value='1109' \/><label for='answer-id-1109' id='answer-label-1109' class=' answer label-4'><span>Canalisations partant d\u2019un seul r\u00e9servoir jusqu\u2019en bout de conduite en cul de sac<\/span><\/label><br \/><input type='radio' name='answer-244' id='answer-id-1110' class='answer answer-4 ' value='1110' \/><label for='answer-id-1110' id='answer-label-1110' class=' answer label-4'><span>Canalisations s\u00e8ches alimentant des poteaux relais<\/span><\/label><br \/><\/div><div class='quizzin-question' id='question-5'><div class='question-content'>5) Une r\u00e9serve naturelle ?<\/div><br \/><input type='hidden' name='question_id[]' value='245' \/><input type='radio' name='answer-245' id='answer-id-1111' class='answer answer-5 ' value='1111' \/><label for='answer-id-1111' id='answer-label-1111' class=' answer label-5'><span>Un puisard<\/span><\/label><br \/><input type='radio' name='answer-245' id='answer-id-1112' class='answer answer-5 ' value='1112' \/><label for='answer-id-1112' id='answer-label-1112' class=' answer label-5'><span>Un lavoir<\/span><\/label><br \/><input type='radio' name='answer-245' id='answer-id-1113' class='answer answer-5 ' value='1113' \/><label for='answer-id-1113' id='answer-label-1113' class=' answer label-5'><span>Un canal<\/span><\/label><br \/><\/div><div class='quizzin-question' id='question-6'><div class='question-content'>6) Une r\u00e9serve artificielle ?<\/div><br \/><input type='hidden' name='question_id[]' value='246' \/><input type='radio' name='answer-246' id='answer-id-1114' class='answer answer-6 ' value='1114' \/><label for='answer-id-1114' id='answer-label-1114' class=' answer label-6'><span>Un forage<\/span><\/label><br \/><input type='radio' name='answer-246' id='answer-id-1115' class='answer answer-6 ' value='1115' \/><label for='answer-id-1115' id='answer-label-1115' class=' answer label-6'><span>Un barrage<\/span><\/label><br \/><input type='radio' name='answer-246' id='answer-id-1116' class='answer answer-6 ' value='1116' \/><label for='answer-id-1116' id='answer-label-1116' class=' answer label-6'><span>Une rivi\u00e8re<\/span><\/label><br \/><\/div><div class='quizzin-question' id='question-7'><div class='question-content'>7) Un point d\u2019eau artificiel ?<\/div><br \/><input type='hidden' name='question_id[]' value='247' \/><input type='radio' name='answer-247' id='answer-id-1117' class='answer answer-7 ' value='1117' \/><label for='answer-id-1117' id='answer-label-1117' class=' answer label-7'><span>Une citerne<\/span><\/label><br \/><input type='radio' name='answer-247' id='answer-id-1118' class='answer answer-7 ' value='1118' \/><label for='answer-id-1118' id='answer-label-1118' class=' answer label-7'><span>Une piscine<\/span><\/label><br \/><input type='radio' name='answer-247' id='answer-id-1119' class='answer answer-7 ' value='1119' \/><label for='answer-id-1119' id='answer-label-1119' class=' answer label-7'><span>Un \u00e9tang<\/span><\/label><br \/><\/div><div class='quizzin-question' id='question-8'><div class='question-content'>8) La hauteur d\u2019aspiration maximale en pratique est de : <\/div><br \/><input type='hidden' name='question_id[]' value='248' \/><input type='radio' name='answer-248' id='answer-id-1120' class='answer answer-8 ' value='1120' \/><label for='answer-id-1120' id='answer-label-1120' class=' answer label-8'><span>6 m<\/span><\/label><br \/><input type='radio' name='answer-248' id='answer-id-1121' class='answer answer-8 ' value='1121' \/><label for='answer-id-1121' id='answer-label-1121' class=' answer label-8'><span>8 m<\/span><\/label><br \/><input type='radio' name='answer-248' id='answer-id-1122' class='answer answer-8 ' value='1122' \/><label for='answer-id-1122' id='answer-label-1122' class=' answer label-8'><span>10 m<\/span><\/label><br \/><\/div><div class='quizzin-question' id='question-9'><div class='question-content'>9) Le poteau d\u2019incendie de 100 est compos\u00e9 de :<\/div><br \/><input type='hidden' name='question_id[]' value='249' \/><input type='radio' name='answer-249' id='answer-id-1123' class='answer answer-9 ' value='1123' \/><label for='answer-id-1123' id='answer-label-1123' class=' answer label-9'><span>1 prise centrale de diam\u00e8tre 100 mm<\/span><\/label><br \/><input type='radio' name='answer-249' id='answer-id-1124' class='answer answer-9 ' value='1124' \/><label for='answer-id-1124' id='answer-label-1124' class=' answer label-9'><span>1 prise centrale de diam\u00e8tre 65 mm et 2 prises lat\u00e9rales de 100 mm<\/span><\/label><br \/><input type='radio' name='answer-249' id='answer-id-1125' class='answer answer-9 ' value='1125' \/><label for='answer-id-1125' id='answer-label-1125' class=' answer label-9'><span>1 prise centrale de diam\u00e8tre 100 mm et 2 prises lat\u00e9rales de 65 mm<\/span><\/label><br \/><\/div><div class='quizzin-question' id='question-10'><div class='question-content'>10) La pression minimale d\u2019un hydrant est de :<\/div><br \/><input type='hidden' name='question_id[]' value='250' \/><input type='radio' name='answer-250' id='answer-id-1126' class='answer answer-10 ' value='1126' \/><label for='answer-id-1126' id='answer-label-1126' class=' answer label-10'><span>1 bar<\/span><\/label><br \/><input type='radio' name='answer-250' id='answer-id-1127' class='answer answer-10 ' value='1127' \/><label for='answer-id-1127' id='answer-label-1127' class=' answer label-10'><span>2 bar<\/span><\/label><br \/><input type='radio' name='answer-250' id='answer-id-1128' class='answer answer-10 ' value='1128' \/><label for='answer-id-1128' id='answer-label-1128' class=' answer label-10'><span>3 bar<\/span><\/label><br \/><\/div><br \/>\r\n<input type=\"button\" id=\"next-question\" value=\"Suivant &gt;\"  \/><br \/>\r\n\r\n<input type=\"submit\" name=\"action\" id=\"action-button\" value=\"Voir le r\u00e9sultat\"  \/>\r\n<input type=\"hidden\" name=\"quiz_id\" value=\"27\" \/>\r\n<\/form>\r\n<\/div>\r\n\r\n\n","protected":false},"excerpt":{"rendered":"","protected":false},"author":1,"featured_media":0,"parent":2542,"menu_order":0,"comment_status":"closed","ping_status":"open","template":"","meta":{"ngg_post_thumbnail":0,"_themeisle_gutenberg_block_has_review":false,"footnotes":""},"class_list":["post-726","page","type-page","status-publish","hentry"],"_links":{"self":[{"href":"https:\/\/www.jsp-saintmauricedebeynost.com\/index.php?rest_route=\/wp\/v2\/pages\/726","targetHints":{"allow":["GET"]}}],"collection":[{"href":"https:\/\/www.jsp-saintmauricedebeynost.com\/index.php?rest_route=\/wp\/v2\/pages"}],"about":[{"href":"https:\/\/www.jsp-saintmauricedebeynost.com\/index.php?rest_route=\/wp\/v2\/types\/page"}],"author":[{"embeddable":true,"href":"https:\/\/www.jsp-saintmauricedebeynost.com\/index.php?rest_route=\/wp\/v2\/users\/1"}],"replies":[{"embeddable":true,"href":"https:\/\/www.jsp-saintmauricedebeynost.com\/index.php?rest_route=%2Fwp%2Fv2%2Fcomments&post=726"}],"version-history":[{"count":3,"href":"https:\/\/www.jsp-saintmauricedebeynost.com\/index.php?rest_route=\/wp\/v2\/pages\/726\/revisions"}],"predecessor-version":[{"id":942,"href":"https:\/\/www.jsp-saintmauricedebeynost.com\/index.php?rest_route=\/wp\/v2\/pages\/726\/revisions\/942"}],"up":[{"embeddable":true,"href":"https:\/\/www.jsp-saintmauricedebeynost.com\/index.php?rest_route=\/wp\/v2\/pages\/2542"}],"wp:attachment":[{"href":"https:\/\/www.jsp-saintmauricedebeynost.com\/index.php?rest_route=%2Fwp%2Fv2%2Fmedia&parent=726"}],"curies":[{"name":"wp","href":"https:\/\/api.w.org\/{rel}","templated":true}]}}