{"id":1797,"date":"2015-08-24T07:46:05","date_gmt":"2015-08-24T06:46:05","guid":{"rendered":"http:\/\/www.jsp-saintmauricedebeynost.com\/?page_id=1797"},"modified":"2020-09-10T17:57:38","modified_gmt":"2020-09-10T16:57:38","slug":"cours","status":"publish","type":"page","link":"https:\/\/www.jsp-saintmauricedebeynost.com\/?page_id=1797","title":{"rendered":"Cours"},"content":{"rendered":"<h3><span style=\"color: #000000;\"><em><strong>Ci-dessous, la liste des cours JSP \u00e0 votre disposition :<\/strong><\/em><\/span><\/h3>\n<center>\n<table width=\"100%\">\n<tbody>\n<tr>\n<td valign=\"top\" width=\"25%\">\n<p><span style=\"font-size: x-large;\"><span style=\"color: #ff8000;\"><strong>Sport<\/strong><\/span><\/span><\/p>\n<ul>\n<li><a href=\"http:\/\/www.jsp-saintmauricedebeynost.com\/wp-content\/uploads\/2015\/08\/test-de-recrutement.pdf\">test de recrutement<\/a><\/li>\n<li><a href=\"http:\/\/www.jsp-saintmauricedebeynost.com\/wp-content\/uploads\/2015\/08\/Luc-l\u00e9ger1.pdf\">Luc l\u00e9ger<\/a><\/li>\n<li><a href=\"http:\/\/www.jsp-saintmauricedebeynost.com\/wp-content\/uploads\/2015\/08\/resultat-luc-leger.pdf\">resultat luc leger<\/a><\/li>\n<li><a href=\"http:\/\/www.jsp-saintmauricedebeynost.com\/wp-content\/uploads\/2015\/08\/Cross-1.pdf\">Cross 1<\/a><\/li>\n<li><a href=\"http:\/\/www.jsp-saintmauricedebeynost.com\/wp-content\/uploads\/2015\/08\/Cross-1-fiche-resultat.pdf\">Cross 1 fiche resultat<\/a><\/li>\n<li><a href=\"http:\/\/www.jsp-saintmauricedebeynost.com\/wp-content\/uploads\/2015\/08\/Cross-2.pdf\">Cross 2<\/a><\/li>\n<li><a href=\"http:\/\/www.jsp-saintmauricedebeynost.com\/wp-content\/uploads\/2015\/08\/Cross-3.pdf\">Cross 3<\/a><\/li>\n<li><a href=\"http:\/\/www.jsp-saintmauricedebeynost.com\/wp-content\/uploads\/2015\/08\/Cross-4.pdf\">Cross 4<\/a><\/li>\n<li><a href=\"http:\/\/www.jsp-saintmauricedebeynost.com\/wp-content\/uploads\/2015\/08\/Natation.pdf\">Natation<\/a><\/li>\n<\/ul>\n<hr><\/td>\n<\/tr>\n<\/tbody>\n<\/table>\n<table width=\"100%\">\n<tbody>\n<tr>\n<td valign=\"top\" width=\"25%\">\n<p><span style=\"font-size: x-large;\"><span style=\"color: #0101df;\"><strong>JSP 1<\/strong><\/span><\/span><\/p>\n<ul>\n<li><a href=\"http:\/\/www.jsp-saintmauricedebeynost.com\/wp-content\/uploads\/2015\/08\/JSPCORRECTION-2\u00e8me-\u00e9valuation-2015-2016.pdf\">JSPCORRECTION 2\u00e8me \u00e9valuation 2015-2016<\/a><\/li>\n<\/ul>\n<hr><\/td>\n<\/tr>\n<\/tbody>\n<\/table>\n<table width=\"100%\">\n<tbody>\n<tr>\n<td valign=\"top\" width=\"25%\">\n<p><span style=\"font-size: x-large;\"><span style=\"color: #ff8000;\"><strong><span style=\"color: #ffff00;\">JSP 2<\/span><\/strong><\/span><\/span><\/p>\n<hr><\/td>\n<\/tr>\n<\/tbody>\n<\/table>\n<p><\/p>\n<center>\n<p><\/p>\n<table width=\"100%\">\n<tbody>\n<tr>\n<td valign=\"top\" width=\"25%\">\n<p><span style=\"font-size: x-large;\"><span style=\"color: #ff8000;\"><strong><span style=\"color: #ffff00;\"><span style=\"color: #3adf00;\">JSP 3<\/span><\/span><\/strong><\/span><\/span><\/p>\n<hr><\/td>\n<\/tr>\n<\/tbody>\n<\/table>\n<table width=\"100%\">\n<tbody>\n<tr>\n<td valign=\"top\" width=\"25%\">\n<p><span style=\"font-size: x-large;\"><span style=\"color: fa0c0c;\"><strong>JSP 4<\/strong><\/span><\/span><\/p>\n<\/td>\n<\/tr>\n<\/tbody>\n<\/table>\n<hr>\n<p><\/p>\n<\/center><\/center>\n<p><\/p>\n\n\n<p><\/p>\n","protected":false},"excerpt":{"rendered":"<p>Ci-dessous, la liste des cours JSP \u00e0 votre disposition : Sport test de recrutement Luc l\u00e9ger resultat luc leger Cross 1 Cross 1 fiche resultat Cross 2 Cross 3 Cross 4 Natation JSP 1 JSPCORRECTION 2\u00e8me \u00e9valuation 2015-2016 JSP 2 JSP 3 JSP 4<\/p>\n","protected":false},"author":2,"featured_media":0,"parent":0,"menu_order":0,"comment_status":"closed","ping_status":"closed","template":"","meta":{"ngg_post_thumbnail":0,"_themeisle_gutenberg_block_has_review":false,"footnotes":""},"class_list":["post-1797","page","type-page","status-publish","hentry"],"_links":{"self":[{"href":"https:\/\/www.jsp-saintmauricedebeynost.com\/index.php?rest_route=\/wp\/v2\/pages\/1797","targetHints":{"allow":["GET"]}}],"collection":[{"href":"https:\/\/www.jsp-saintmauricedebeynost.com\/index.php?rest_route=\/wp\/v2\/pages"}],"about":[{"href":"https:\/\/www.jsp-saintmauricedebeynost.com\/index.php?rest_route=\/wp\/v2\/types\/page"}],"author":[{"embeddable":true,"href":"https:\/\/www.jsp-saintmauricedebeynost.com\/index.php?rest_route=\/wp\/v2\/users\/2"}],"replies":[{"embeddable":true,"href":"https:\/\/www.jsp-saintmauricedebeynost.com\/index.php?rest_route=%2Fwp%2Fv2%2Fcomments&post=1797"}],"version-history":[{"count":37,"href":"https:\/\/www.jsp-saintmauricedebeynost.com\/index.php?rest_route=\/wp\/v2\/pages\/1797\/revisions"}],"predecessor-version":[{"id":2633,"href":"https:\/\/www.jsp-saintmauricedebeynost.com\/index.php?rest_route=\/wp\/v2\/pages\/1797\/revisions\/2633"}],"wp:attachment":[{"href":"https:\/\/www.jsp-saintmauricedebeynost.com\/index.php?rest_route=%2Fwp%2Fv2%2Fmedia&parent=1797"}],"curies":[{"name":"wp","href":"https:\/\/api.w.org\/{rel}","templated":true}]}}