{"id":128,"date":"2010-10-25T08:37:30","date_gmt":"2010-10-25T06:37:30","guid":{"rendered":"http:\/\/www.jsp-saintmauricedebeynost.com\/?page_id=128"},"modified":"2023-09-15T12:41:42","modified_gmt":"2023-09-15T11:41:42","slug":"caserne","status":"publish","type":"page","link":"https:\/\/www.jsp-saintmauricedebeynost.com\/?page_id=128","title":{"rendered":"Saisons JSP"},"content":{"rendered":"<h1>L\u2019association de Jeunes Sapeurs Pompiers<\/h1>\n<div>La section a \u00e9t\u00e9 cr\u00e9\u00e9e en juin 1988, regroupant des jeunes \u00e2g\u00e9s de 11 \u00e0 18 ans dans le but de former des Sapeurs Pompiers Volontaires et les amener par la suite \u00e0 devenir professionnel s\u2019ils r\u00e9ussissent le concours national de cat\u00e9gorie C.<\/div>\n<div>Les cours th\u00e9oriques et pratiques ont lieux tous les mercredis de 18h a 20h et le samedi de 9h \u00e0 12h30.<br \/>\nDes comp\u00e9titions sportives et techniques au niveau d\u00e9partemental, r\u00e9gional et national sont \u00e9galement au programme.<\/div>\n<div>A l\u2019issue de cette formation, ces jeunes sapeurs pompiers int\u00e8grent les diff\u00e9rents centres de secours de la c\u00f4ti\u00e8re.<\/div>\n<h3>Cliquez ici pour voir<br \/>\n<a href=\"http:\/\/www.jsp-saintmauricedebeynost.com\/wp-content\/uploads\/2010\/10\/SAISON-JSP-2007-2008.pdf\">SAISON JSP 2007-2008<\/a><br \/>\n<a href=\"http:\/\/www.jsp-saintmauricedebeynost.com\/wp-content\/uploads\/2010\/10\/SAISON-JSP-2008-2009.pdf\">SAISON JSP 2008-2009<\/a><br \/>\n<a href=\"http:\/\/www.jsp-saintmauricedebeynost.com\/wp-content\/uploads\/2010\/10\/COMPTE-RENDU-DU-CONCOURS-INTERNATIONAL-2009.pdf\">COMPTE RENDU DU CONCOURS INTERNATIONAL 2009<\/a><br \/>\n<a href=\"http:\/\/www.jsp-saintmauricedebeynost.com\/wp-content\/uploads\/2010\/10\/SAISON-JSP-2009-2010.pdf\">SAISON JSP 2009-2010<\/a><br \/>\n<a href=\"http:\/\/www.jsp-saintmauricedebeynost.com\/wp-content\/uploads\/2010\/10\/SAISON-JSP-2010-2011.pdf\">SAISON JSP 2010-2011<\/a><br \/>\n<a href=\"http:\/\/www.jsp-saintmauricedebeynost.com\/wp-content\/uploads\/2010\/10\/SAISON-JSP-2011-2012.pdf\">SAISON JSP 2011-2012<\/a><br \/>\n<a href=\"http:\/\/www.jsp-saintmauricedebeynost.com\/wp-content\/uploads\/2010\/10\/SAISON-JSP-2012-2013.pdf\">SAISON JSP 2012-2013<\/a><br \/>\n<a href=\"http:\/\/www.jsp-saintmauricedebeynost.com\/wp-content\/uploads\/2010\/10\/SAISON-JSP-2013-20141.pdf\">SAISON JSP 2013-2014<\/a><br \/>\n<a href=\"http:\/\/www.jsp-saintmauricedebeynost.com\/wp-content\/uploads\/2010\/10\/SAISON-JSP-2014-20151.pdf\">SAISON JSP 2014-2015<\/a><br \/>\n<a href=\"http:\/\/www.jsp-saintmauricedebeynost.com\/wp-content\/uploads\/2010\/10\/SAISON-JSP-2015-20161.pdf\">SAISON JSP 2015-2016<\/a><\/h3>\n<h2>Le Centre de Premi\u00e8re Intervention de St Maurice de Beynost<\/h2>\n<p><a href=\"http:\/\/www.jsp-saintmauricedebeynost.com\/wp-content\/uploads\/2010\/10\/caserne.jpg\"><img loading=\"lazy\" decoding=\"async\" class=\"aligncenter  wp-image-1872\" src=\"http:\/\/www.jsp-saintmauricedebeynost.com\/wp-content\/uploads\/2010\/10\/caserne.jpg\" alt=\"caserne\" width=\"502\" height=\"376\"><\/a><\/p>\n<p>Le CPI a \u00e9t\u00e9 cr\u00e9\u00e9 en 1934. Actuellement le centre ex\u00e9cute environ 230 interventions \u00e0 l\u2019ann\u00e9e sur la commune de St Maurice de Beynost. Elles sont assur\u00e9es par 13 Sapeurs Pompiers Volontaires (dont 9 sont issus de la section des jeunes sapeurs pompiers), command\u00e9s par le lieutenant Jean Luc MILLET.<\/p>\n<h2>Le centre dispose :<\/h2>\n<table border=\"0\" cellspacing=\"5\">\n<tbody>\n<tr>\n<th>D\u2019un Fourgon Pompe Tonne destin\u00e9 \u00e0 la lutte contre les incendies.<\/th>\n<th>D\u2019un V\u00e9hicule de Tout Usage destin\u00e9 au secours \u00e0 personne (bless\u00e9s, malaises, d\u00e9tresse vitale&#8230;) ainsi qu&rsquo;\u00e0 toutes Diverse pour la destruction d\u2019hym\u00e9nopt\u00e8res, inondation, protection sur voie publique&#8230;<\/th>\n<\/tr>\n<tr>\n<td><a href=\"http:\/\/www.jsp-saintmauricedebeynost.com\/wp-content\/uploads\/2010\/10\/FPT.jpg\"><img loading=\"lazy\" decoding=\"async\" class=\"aligncenter size-full wp-image-1874\" src=\"http:\/\/www.jsp-saintmauricedebeynost.com\/wp-content\/uploads\/2010\/10\/FPT.jpg\" alt=\"FPT\" width=\"300\" height=\"225\"><\/a><\/td>\n<td><img loading=\"lazy\" decoding=\"async\" src=\"http:\/\/www.jsp-saintmauricedebeynost.com\/wp-content\/uploads\/2023\/09\/VTU-CPI-Saint-Maurice-de-Beynost-300x211.jpg\" alt=\"\" width=\"300\" height=\"211\" class=\"size-medium wp-image-3079 aligncenter\" srcset=\"https:\/\/www.jsp-saintmauricedebeynost.com\/wp-content\/uploads\/2023\/09\/VTU-CPI-Saint-Maurice-de-Beynost-300x211.jpg 300w, https:\/\/www.jsp-saintmauricedebeynost.com\/wp-content\/uploads\/2023\/09\/VTU-CPI-Saint-Maurice-de-Beynost.jpg 323w\" sizes=\"auto, (max-width: 300px) 100vw, 300px\" \/><\/td>\n<\/tr>\n<tr>\n<th>D\u2019une moto pompe d\u2019\u00e9puisement utilis\u00e9e pour aspirer de l\u2019eau dans les rivi\u00e8res, \u00e9tangs, caves\u2026 \u00e0 une hauteur maxi de 8 m\u00e8tres<\/th>\n<th>D\u2019un Premier Secours, ancien v\u00e9hicule de lutte contre les incendies, utilis\u00e9 pour certains entra\u00eenements des Jeunes Sapeurs Pompiers.<\/th>\n<\/tr>\n<tr>\n<td><a href=\"http:\/\/www.jsp-saintmauricedebeynost.com\/wp-content\/uploads\/2010\/10\/MPE-CPI-Saint-Maurice-de-Beynost.jpg\"><img loading=\"lazy\" decoding=\"async\" class=\"aligncenter size-medium wp-image-133\" title=\"MPE-CPI-Saint-Maurice-de-Beynost\" src=\"http:\/\/www.jsp-saintmauricedebeynost.com\/wp-content\/uploads\/2010\/10\/MPE-CPI-Saint-Maurice-de-Beynost-300x225.jpg\" alt=\"\" width=\"300\" height=\"225\"><\/a><\/td>\n<td><a href=\"http:\/\/www.jsp-saintmauricedebeynost.com\/wp-content\/uploads\/2010\/10\/VPI-CPI-Saint-Maurice-de-Beynost.jpg\"><img loading=\"lazy\" decoding=\"async\" class=\"aligncenter size-medium wp-image-134\" title=\"VPI-CPI-Saint-Maurice-de-Beynost\" src=\"http:\/\/www.jsp-saintmauricedebeynost.com\/wp-content\/uploads\/2010\/10\/VPI-CPI-Saint-Maurice-de-Beynost-300x225.jpg\" alt=\"\" width=\"300\" height=\"225\"><\/a><\/td>\n<\/tr>\n<\/tbody>\n<\/table>\n<div>\n<\/div>\n","protected":false},"excerpt":{"rendered":"<p>L\u2019association de Jeunes Sapeurs Pompiers La section a \u00e9t\u00e9 cr\u00e9\u00e9e en juin 1988, regroupant des jeunes \u00e2g\u00e9s de 11 \u00e0 18 ans dans le but de former des Sapeurs Pompiers Volontaires et les amener par la suite \u00e0 devenir professionnel s\u2019ils r\u00e9ussissent le concours national de cat\u00e9gorie C. Les cours [&hellip;]<\/p>\n","protected":false},"author":1,"featured_media":0,"parent":0,"menu_order":0,"comment_status":"closed","ping_status":"open","template":"","meta":{"ngg_post_thumbnail":0,"_themeisle_gutenberg_block_has_review":false,"footnotes":""},"class_list":["post-128","page","type-page","status-publish","hentry"],"_links":{"self":[{"href":"https:\/\/www.jsp-saintmauricedebeynost.com\/index.php?rest_route=\/wp\/v2\/pages\/128","targetHints":{"allow":["GET"]}}],"collection":[{"href":"https:\/\/www.jsp-saintmauricedebeynost.com\/index.php?rest_route=\/wp\/v2\/pages"}],"about":[{"href":"https:\/\/www.jsp-saintmauricedebeynost.com\/index.php?rest_route=\/wp\/v2\/types\/page"}],"author":[{"embeddable":true,"href":"https:\/\/www.jsp-saintmauricedebeynost.com\/index.php?rest_route=\/wp\/v2\/users\/1"}],"replies":[{"embeddable":true,"href":"https:\/\/www.jsp-saintmauricedebeynost.com\/index.php?rest_route=%2Fwp%2Fv2%2Fcomments&post=128"}],"version-history":[{"count":46,"href":"https:\/\/www.jsp-saintmauricedebeynost.com\/index.php?rest_route=\/wp\/v2\/pages\/128\/revisions"}],"predecessor-version":[{"id":3082,"href":"https:\/\/www.jsp-saintmauricedebeynost.com\/index.php?rest_route=\/wp\/v2\/pages\/128\/revisions\/3082"}],"wp:attachment":[{"href":"https:\/\/www.jsp-saintmauricedebeynost.com\/index.php?rest_route=%2Fwp%2Fv2%2Fmedia&parent=128"}],"curies":[{"name":"wp","href":"https:\/\/api.w.org\/{rel}","templated":true}]}}