{"id":1176,"date":"2014-10-06T16:15:41","date_gmt":"2014-10-06T15:15:41","guid":{"rendered":"http:\/\/www.jsp-saintmauricedebeynost.com\/?page_id=1176"},"modified":"2020-09-10T17:57:40","modified_gmt":"2020-09-10T16:57:40","slug":"notion-de-groupe","status":"publish","type":"page","link":"https:\/\/www.jsp-saintmauricedebeynost.com\/?page_id=1176","title":{"rendered":"Notion de groupe"},"content":{"rendered":"<link type=\"text\/css\" rel=\"stylesheet\" href=\"http:\/\/www.jsp-saintmauricedebeynost.com\/wp-content\/plugins\/quizzin\/style.css\" \/>\r\n<script type=\"text\/javascript\" src=\"http:\/\/www.jsp-saintmauricedebeynost.com\/wp-includes\/js\/jquery\/jquery.js\"><\/script>\r\n<script type=\"text\/javascript\" src=\"http:\/\/www.jsp-saintmauricedebeynost.com\/wp-content\/plugins\/quizzin\/script.js\"><\/script>\r\n\r\n<div class=\"quiz-area single-page-quiz\">\r\n<form action=\"\" method=\"post\" class=\"quiz-form\" id=\"quiz-81\">\r\n<div class='quizzin-question' id='question-1'><div class='question-content'>1. Les sapeurs-pompiers volontaires et professionnels effectuent des gardes post\u00e9es en caserne de :<\/div><br \/><input type='hidden' name='question_id[]' value='782' \/><input type='radio' name='answer-782' id='answer-id-2918' class='answer answer-1 ' value='2918' \/><label for='answer-id-2918' id='answer-label-2918' class=' answer label-1'><span>8h.<\/span><\/label><br \/><input type='radio' name='answer-782' id='answer-id-2919' class='answer answer-1 ' value='2919' \/><label for='answer-id-2919' id='answer-label-2919' class=' answer label-1'><span>12h ou 24h.<\/span><\/label><br \/><input type='radio' name='answer-782' id='answer-id-2920' class='answer answer-1 ' value='2920' \/><label for='answer-id-2920' id='answer-label-2920' class=' answer label-1'><span>48h.<\/span><\/label><br \/><\/div><div class='quizzin-question' id='question-2'><div class='question-content'>2. La premi\u00e8re chose \u00e0 faire \u00e0 la garde est :<\/div><br \/><input type='hidden' name='question_id[]' value='783' \/><input type='radio' name='answer-783' id='answer-id-2915' class='answer answer-2 ' value='2915' \/><label for='answer-id-2915' id='answer-label-2915' class=' answer label-2'><span>Le rassemblement.<\/span><\/label><br \/><input type='radio' name='answer-783' id='answer-id-2916' class='answer answer-2 ' value='2916' \/><label for='answer-id-2916' id='answer-label-2916' class=' answer label-2'><span>L'inventaire des v\u00e9hicules.<\/span><\/label><br \/><input type='radio' name='answer-783' id='answer-id-2917' class='answer answer-2 ' value='2917' \/><label for='answer-id-2917' id='answer-label-2917' class=' answer label-2'><span>La man\u0153uvre.<\/span><\/label><br \/><\/div><div class='quizzin-question' id='question-3'><div class='question-content'>3. La s\u00e9ance de sport:<\/div><br \/><input type='hidden' name='question_id[]' value='784' \/><input type='radio' name='answer-784' id='answer-id-2912' class='answer answer-3 ' value='2912' \/><label for='answer-id-2912' id='answer-label-2912' class=' answer label-3'><span>Est obligatoire pour tous.<\/span><\/label><br \/><input type='radio' name='answer-784' id='answer-id-2913' class='answer answer-3 ' value='2913' \/><label for='answer-id-2913' id='answer-label-2913' class=' answer label-3'><span>N'est pas obligatoire.<\/span><\/label><br \/><input type='radio' name='answer-784' id='answer-id-2914' class='answer answer-3 ' value='2914' \/><label for='answer-id-2914' id='answer-label-2914' class=' answer label-3'><span>N'est pas obligatoire pour le chef de garde.  <\/span><\/label><br \/><\/div><div class='quizzin-question' id='question-4'><div class='question-content'>4. Les sapeurs-pompiers n'ayant pas valid\u00e9 tous leurs modules de la FMA en fin d'ann\u00e9e :  <\/div><br \/><input type='hidden' name='question_id[]' value='785' \/><input type='radio' name='answer-785' id='answer-id-2921' class='answer answer-4 ' value='2921' \/><label for='answer-id-2921' id='answer-label-2921' class=' answer label-4'><span>Devront passer des rattrapages.<\/span><\/label><br \/><input type='radio' name='answer-785' id='answer-id-2922' class='answer answer-4 ' value='2922' \/><label for='answer-id-2922' id='answer-label-2922' class=' answer label-4'><span>Seront vir\u00e9s.<\/span><\/label><br \/><input type='radio' name='answer-785' id='answer-id-2923' class='answer answer-4 ' value='2923' \/><label for='answer-id-2923' id='answer-label-2923' class=' answer label-4'><span>Ne seront plus op\u00e9rationnels.<\/span><\/label><br \/><\/div><div class='quizzin-question' id='question-5'><div class='question-content'>5. Le stationnaire :<\/div><br \/><input type='hidden' name='question_id[]' value='786' \/><input type='radio' name='answer-786' id='answer-id-2924' class='answer answer-5 ' value='2924' \/><label for='answer-id-2924' id='answer-label-2924' class=' answer label-5'><span>Prend les appels du 18.<\/span><\/label><br \/><input type='radio' name='answer-786' id='answer-id-2925' class='answer answer-5 ' value='2925' \/><label for='answer-id-2925' id='answer-label-2925' class=' answer label-5'><span>Prend les appels du centre.<\/span><\/label><br \/><input type='radio' name='answer-786' id='answer-id-2926' class='answer answer-5 ' value='2926' \/><label for='answer-id-2926' id='answer-label-2926' class=' answer label-5'><span>Distribue les t\u00e2ches et contr\u00f4le leurs ex\u00e9cutions.<\/span><\/label><br \/><\/div><div class='quizzin-question' id='question-6'><div class='question-content'>6. Un groupe constitue :<\/div><br \/><input type='hidden' name='question_id[]' value='787' \/><input type='radio' name='answer-787' id='answer-id-2927' class='answer answer-6 ' value='2927' \/><label for='answer-id-2927' id='answer-label-2927' class=' answer label-6'><span>Plusieurs personnes et un chef.<\/span><\/label><br \/><input type='radio' name='answer-787' id='answer-id-2928' class='answer answer-6 ' value='2928' \/><label for='answer-id-2928' id='answer-label-2928' class=' answer label-6'><span>Plusieurs personnes ayant un but et un objectif commun.<\/span><\/label><br \/><input type='radio' name='answer-787' id='answer-id-2929' class='answer answer-6 ' value='2929' \/><label for='answer-id-2929' id='answer-label-2929' class=' answer label-6'><span>Deux personnes.<\/span><\/label><br \/><\/div><div class='quizzin-question' id='question-7'><div class='question-content'>7. Les besoins du plus au moins importants selon la pyramide d'Abraham MASLOW sont les besoins ...<\/div><br \/><input type='hidden' name='question_id[]' value='788' \/><input type='radio' name='answer-788' id='answer-id-2930' class='answer answer-7 ' value='2930' \/><label for='answer-id-2930' id='answer-label-2930' class=' answer label-7'><span>De r\u00e9alisation de soi, de reconnaissance, sociaux, de s\u00e9curit\u00e9, vitaux.<\/span><\/label><br \/><input type='radio' name='answer-788' id='answer-id-2931' class='answer answer-7 ' value='2931' \/><label for='answer-id-2931' id='answer-label-2931' class=' answer label-7'><span>De s\u00e9curit\u00e9, vitaux, sociaux, de r\u00e9alisation de soi, de reconnaissance.<\/span><\/label><br \/><input type='radio' name='answer-788' id='answer-id-2932' class='answer answer-7 ' value='2932' \/><label for='answer-id-2932' id='answer-label-2932' class=' answer label-7'><span>Vitaux, de s\u00e9curit\u00e9, sociaux, de reconnaissance, de r\u00e9alisation de soi.<\/span><\/label><br \/><\/div><div class='quizzin-question' id='question-8'><div class='question-content'>8. Le besoin de s\u00e9curit\u00e9 c'est :<\/div><br \/><input type='hidden' name='question_id[]' value='789' \/><input type='radio' name='answer-789' id='answer-id-2933' class='answer answer-8 ' value='2933' \/><label for='answer-id-2933' id='answer-label-2933' class=' answer label-8'><span>Physique, \u00e9conomique, psychologique.<\/span><\/label><br \/><input type='radio' name='answer-789' id='answer-id-2934' class='answer answer-8 ' value='2934' \/><label for='answer-id-2934' id='answer-label-2934' class=' answer label-8'><span>Boire, manger, dormir.<\/span><\/label><br \/><input type='radio' name='answer-789' id='answer-id-2935' class='answer answer-8 ' value='2935' \/><label for='answer-id-2935' id='answer-label-2935' class=' answer label-8'><span>Appartenir \u00e0 un groupe, s'exprimer.<\/span><\/label><br \/><\/div><div class='quizzin-question' id='question-9'><div class='question-content'>9. Le besoin sociaux c'est :  <\/div><br \/><input type='hidden' name='question_id[]' value='790' \/><input type='radio' name='answer-790' id='answer-id-2936' class='answer answer-9 ' value='2936' \/><label for='answer-id-2936' id='answer-label-2936' class=' answer label-9'><span>Physique, \u00e9conomique, psychologique.<\/span><\/label><br \/><input type='radio' name='answer-790' id='answer-id-2937' class='answer answer-9 ' value='2937' \/><label for='answer-id-2937' id='answer-label-2937' class=' answer label-9'><span>Boire, manger, dormir.<\/span><\/label><br \/><input type='radio' name='answer-790' id='answer-id-2938' class='answer answer-9 ' value='2938' \/><label for='answer-id-2938' id='answer-label-2938' class=' answer label-9'><span>Appartenir \u00e0 un groupe, s'exprimer.<\/span><\/label><br \/><\/div><div class='quizzin-question' id='question-10'><div class='question-content'>10. Les besoin vitaux sont :<\/div><br \/><input type='hidden' name='question_id[]' value='791' \/><input type='radio' name='answer-791' id='answer-id-2939' class='answer answer-10 ' value='2939' \/><label for='answer-id-2939' id='answer-label-2939' class=' answer label-10'><span>Physique, \u00e9conomique, psychologique.<\/span><\/label><br \/><input type='radio' name='answer-791' id='answer-id-2940' class='answer answer-10 ' value='2940' \/><label for='answer-id-2940' id='answer-label-2940' class=' answer label-10'><span>Boire, manger, dormir.<\/span><\/label><br \/><input type='radio' name='answer-791' id='answer-id-2941' class='answer answer-10 ' value='2941' \/><label for='answer-id-2941' id='answer-label-2941' class=' answer label-10'><span>Appartenir \u00e0 un groupe, s\u2019exprimer. <\/span><\/label><br \/><\/div><br \/>\r\n<input type=\"button\" id=\"next-question\" value=\"Suivant &gt;\"  \/><br \/>\r\n\r\n<input type=\"submit\" name=\"action\" id=\"action-button\" value=\"Voir le r\u00e9sultat\"  \/>\r\n<input type=\"hidden\" name=\"quiz_id\" value=\"81\" \/>\r\n<\/form>\r\n<\/div>\r\n\r\n\n","protected":false},"excerpt":{"rendered":"","protected":false},"author":1,"featured_media":0,"parent":2546,"menu_order":0,"comment_status":"closed","ping_status":"closed","template":"","meta":{"ngg_post_thumbnail":0,"_themeisle_gutenberg_block_has_review":false,"footnotes":""},"class_list":["post-1176","page","type-page","status-publish","hentry"],"_links":{"self":[{"href":"https:\/\/www.jsp-saintmauricedebeynost.com\/index.php?rest_route=\/wp\/v2\/pages\/1176","targetHints":{"allow":["GET"]}}],"collection":[{"href":"https:\/\/www.jsp-saintmauricedebeynost.com\/index.php?rest_route=\/wp\/v2\/pages"}],"about":[{"href":"https:\/\/www.jsp-saintmauricedebeynost.com\/index.php?rest_route=\/wp\/v2\/types\/page"}],"author":[{"embeddable":true,"href":"https:\/\/www.jsp-saintmauricedebeynost.com\/index.php?rest_route=\/wp\/v2\/users\/1"}],"replies":[{"embeddable":true,"href":"https:\/\/www.jsp-saintmauricedebeynost.com\/index.php?rest_route=%2Fwp%2Fv2%2Fcomments&post=1176"}],"version-history":[{"count":2,"href":"https:\/\/www.jsp-saintmauricedebeynost.com\/index.php?rest_route=\/wp\/v2\/pages\/1176\/revisions"}],"predecessor-version":[{"id":1178,"href":"https:\/\/www.jsp-saintmauricedebeynost.com\/index.php?rest_route=\/wp\/v2\/pages\/1176\/revisions\/1178"}],"up":[{"embeddable":true,"href":"https:\/\/www.jsp-saintmauricedebeynost.com\/index.php?rest_route=\/wp\/v2\/pages\/2546"}],"wp:attachment":[{"href":"https:\/\/www.jsp-saintmauricedebeynost.com\/index.php?rest_route=%2Fwp%2Fv2%2Fmedia&parent=1176"}],"curies":[{"name":"wp","href":"https:\/\/api.w.org\/{rel}","templated":true}]}}