{"id":1137,"date":"2014-09-26T19:44:00","date_gmt":"2014-09-26T18:44:00","guid":{"rendered":"http:\/\/www.jsp-saintmauricedebeynost.com\/?page_id=1137"},"modified":"2020-09-10T17:57:40","modified_gmt":"2020-09-10T16:57:40","slug":"composition-et-caracteristiques-du-lspcc","status":"publish","type":"page","link":"https:\/\/www.jsp-saintmauricedebeynost.com\/?page_id=1137","title":{"rendered":"composition et caract\u00e9ristiques du LSPCC: le mat\u00e9riel"},"content":{"rendered":"<link type=\"text\/css\" rel=\"stylesheet\" href=\"http:\/\/www.jsp-saintmauricedebeynost.com\/wp-content\/plugins\/quizzin\/style.css\" \/>\r\n<script type=\"text\/javascript\" src=\"http:\/\/www.jsp-saintmauricedebeynost.com\/wp-includes\/js\/jquery\/jquery.js\"><\/script>\r\n<script type=\"text\/javascript\" src=\"http:\/\/www.jsp-saintmauricedebeynost.com\/wp-content\/plugins\/quizzin\/script.js\"><\/script>\r\n\r\n<div class=\"quiz-area single-page-quiz\">\r\n<form action=\"\" method=\"post\" class=\"quiz-form\" id=\"quiz-72\">\r\n<div class='quizzin-question' id='question-1'><div class='question-content'>1) De quelle couleur est le sac du lot \u00e9chelle ?<\/div><br \/><input type='hidden' name='question_id[]' value='692' \/><input type='radio' name='answer-692' id='answer-id-2615' class='answer answer-1 ' value='2615' \/><label for='answer-id-2615' id='answer-label-2615' class=' answer label-1'><span>Jaune<\/span><\/label><br \/><input type='radio' name='answer-692' id='answer-id-2616' class='answer answer-1 ' value='2616' \/><label for='answer-id-2616' id='answer-label-2616' class=' answer label-1'><span>Rouge<\/span><\/label><br \/><input type='radio' name='answer-692' id='answer-id-2617' class='answer answer-1 ' value='2617' \/><label for='answer-id-2617' id='answer-label-2617' class=' answer label-1'><span>Bleu<\/span><\/label><br \/><\/div><div class='quizzin-question' id='question-2'><div class='question-content'>2) La longueur de la corde du lot du FPT ?<\/div><br \/><input type='hidden' name='question_id[]' value='693' \/><input type='radio' name='answer-693' id='answer-id-2618' class='answer answer-2 ' value='2618' \/><label for='answer-id-2618' id='answer-label-2618' class=' answer label-2'><span>20m<\/span><\/label><br \/><input type='radio' name='answer-693' id='answer-id-2619' class='answer answer-2 ' value='2619' \/><label for='answer-id-2619' id='answer-label-2619' class=' answer label-2'><span>30m<\/span><\/label><br \/><input type='radio' name='answer-693' id='answer-id-2620' class='answer answer-2 ' value='2620' \/><label for='answer-id-2620' id='answer-label-2620' class=' answer label-2'><span>60m<\/span><\/label><br \/><\/div><div class='quizzin-question' id='question-3'><div class='question-content'>3) La r\u00e9sistance \u00e0 la rupture du mat\u00e9riel sauf de la corde ?<\/div><br \/><input type='hidden' name='question_id[]' value='694' \/><input type='radio' name='answer-694' id='answer-id-2621' class='answer answer-3 ' value='2621' \/><label for='answer-id-2621' id='answer-label-2621' class=' answer label-3'><span>1000kg<\/span><\/label><br \/><input type='radio' name='answer-694' id='answer-id-2622' class='answer answer-3 ' value='2622' \/><label for='answer-id-2622' id='answer-label-2622' class=' answer label-3'><span>2000kg<\/span><\/label><br \/><input type='radio' name='answer-694' id='answer-id-2623' class='answer answer-3 ' value='2623' \/><label for='answer-id-2623' id='answer-label-2623' class=' answer label-3'><span>3000kg<\/span><\/label><br \/><\/div><div class='quizzin-question' id='question-4'><div class='question-content'>4) Combien de mousquetons minimum y a-t-il dans le lot FPT ?<\/div><br \/><input type='hidden' name='question_id[]' value='695' \/><input type='radio' name='answer-695' id='answer-id-2624' class='answer answer-4 ' value='2624' \/><label for='answer-id-2624' id='answer-label-2624' class=' answer label-4'><span>6<\/span><\/label><br \/><input type='radio' name='answer-695' id='answer-id-2625' class='answer answer-4 ' value='2625' \/><label for='answer-id-2625' id='answer-label-2625' class=' answer label-4'><span>9<\/span><\/label><br \/><input type='radio' name='answer-695' id='answer-id-2626' class='answer answer-4 ' value='2626' \/><label for='answer-id-2626' id='answer-label-2626' class=' answer label-4'><span>12<\/span><\/label><br \/><\/div><div class='quizzin-question' id='question-5'><div class='question-content'>5) La longueur d\u2019un anneau cousu de couleur bleu ?<\/div><br \/><input type='hidden' name='question_id[]' value='696' \/><input type='radio' name='answer-696' id='answer-id-2627' class='answer answer-5 ' value='2627' \/><label for='answer-id-2627' id='answer-label-2627' class=' answer label-5'><span>0,25m<\/span><\/label><br \/><input type='radio' name='answer-696' id='answer-id-2628' class='answer answer-5 ' value='2628' \/><label for='answer-id-2628' id='answer-label-2628' class=' answer label-5'><span>0,80m<\/span><\/label><br \/><input type='radio' name='answer-696' id='answer-id-2629' class='answer answer-5 ' value='2629' \/><label for='answer-id-2629' id='answer-label-2629' class=' answer label-5'><span>1,50m<\/span><\/label><br \/><\/div><div class='quizzin-question' id='question-6'><div class='question-content'>6) Combien y a-t-il d\u2019anneaux cousus de couleur rouge dans le lot \u00e9chelle ?<\/div><br \/><input type='hidden' name='question_id[]' value='697' \/><input type='radio' name='answer-697' id='answer-id-2630' class='answer answer-6 ' value='2630' \/><label for='answer-id-2630' id='answer-label-2630' class=' answer label-6'><span>3<\/span><\/label><br \/><input type='radio' name='answer-697' id='answer-id-2631' class='answer answer-6 ' value='2631' \/><label for='answer-id-2631' id='answer-label-2631' class=' answer label-6'><span>6<\/span><\/label><br \/><input type='radio' name='answer-697' id='answer-id-2632' class='answer answer-6 ' value='2632' \/><label for='answer-id-2632' id='answer-label-2632' class=' answer label-6'><span>9<\/span><\/label><br \/><\/div><div class='quizzin-question' id='question-7'><div class='question-content'>7) La r\u00e9sistance \u00e0 la rupture de la corde ?<\/div><br \/><input type='hidden' name='question_id[]' value='698' \/><input type='radio' name='answer-698' id='answer-id-2633' class='answer answer-7 ' value='2633' \/><label for='answer-id-2633' id='answer-label-2633' class=' answer label-7'><span>1000kg<\/span><\/label><br \/><input type='radio' name='answer-698' id='answer-id-2634' class='answer answer-7 ' value='2634' \/><label for='answer-id-2634' id='answer-label-2634' class=' answer label-7'><span>2000kg<\/span><\/label><br \/><input type='radio' name='answer-698' id='answer-id-2635' class='answer answer-7 ' value='2635' \/><label for='answer-id-2635' id='answer-label-2635' class=' answer label-7'><span>3000kg<\/span><\/label><br \/><\/div><div class='quizzin-question' id='question-8'><div class='question-content'>8) Le diam\u00e8tre de la corde ?<\/div><br \/><input type='hidden' name='question_id[]' value='699' \/><input type='radio' name='answer-699' id='answer-id-2636' class='answer answer-8 ' value='2636' \/><label for='answer-id-2636' id='answer-label-2636' class=' answer label-8'><span>10 mm<\/span><\/label><br \/><input type='radio' name='answer-699' id='answer-id-2637' class='answer answer-8 ' value='2637' \/><label for='answer-id-2637' id='answer-label-2637' class=' answer label-8'><span>12 \u00e0 13 mm<\/span><\/label><br \/><input type='radio' name='answer-699' id='answer-id-2638' class='answer answer-8 ' value='2638' \/><label for='answer-id-2638' id='answer-label-2638' class=' answer label-8'><span>20 mm<\/span><\/label><br \/><\/div><div class='quizzin-question' id='question-9'><div class='question-content'>9) Dans le lot \u00e9chelle il y a :<\/div><br \/><input type='hidden' name='question_id[]' value='700' \/><input type='radio' name='answer-700' id='answer-id-2639' class='answer answer-9 ' value='2639' \/><label for='answer-id-2639' id='answer-label-2639' class=' answer label-9'><span>2 harnais<\/span><\/label><br \/><input type='radio' name='answer-700' id='answer-id-2640' class='answer answer-9 ' value='2640' \/><label for='answer-id-2640' id='answer-label-2640' class=' answer label-9'><span>1 harnais<\/span><\/label><br \/><input type='radio' name='answer-700' id='answer-id-2641' class='answer answer-9 ' value='2641' \/><label for='answer-id-2641' id='answer-label-2641' class=' answer label-9'><span>1 harnais et 1 triangle d\u2019\u00e9vacuation<\/span><\/label><br \/><\/div><div class='quizzin-question' id='question-10'><div class='question-content'>10) L\u2019allongement de la corde est de :<\/div><br \/><input type='hidden' name='question_id[]' value='701' \/><input type='radio' name='answer-701' id='answer-id-2642' class='answer answer-10 ' value='2642' \/><label for='answer-id-2642' id='answer-label-2642' class=' answer label-10'><span>Sup\u00e9rieur \u00e0 4%<\/span><\/label><br \/><input type='radio' name='answer-701' id='answer-id-2643' class='answer answer-10 ' value='2643' \/><label for='answer-id-2643' id='answer-label-2643' class=' answer label-10'><span>nul<\/span><\/label><br \/><input type='radio' name='answer-701' id='answer-id-2644' class='answer answer-10 ' value='2644' \/><label for='answer-id-2644' id='answer-label-2644' class=' answer label-10'><span>inf\u00e9rieur ou \u00e9gal \u00e0 4%<\/span><\/label><br \/><\/div><br \/>\r\n<input type=\"button\" id=\"next-question\" value=\"Suivant &gt;\"  \/><br \/>\r\n\r\n<input type=\"submit\" name=\"action\" id=\"action-button\" value=\"Voir le r\u00e9sultat\"  \/>\r\n<input type=\"hidden\" name=\"quiz_id\" value=\"72\" \/>\r\n<\/form>\r\n<\/div>\r\n\r\n\n","protected":false},"excerpt":{"rendered":"","protected":false},"author":1,"featured_media":0,"parent":2546,"menu_order":0,"comment_status":"closed","ping_status":"closed","template":"","meta":{"ngg_post_thumbnail":0,"_themeisle_gutenberg_block_has_review":false,"footnotes":""},"class_list":["post-1137","page","type-page","status-publish","hentry"],"_links":{"self":[{"href":"https:\/\/www.jsp-saintmauricedebeynost.com\/index.php?rest_route=\/wp\/v2\/pages\/1137","targetHints":{"allow":["GET"]}}],"collection":[{"href":"https:\/\/www.jsp-saintmauricedebeynost.com\/index.php?rest_route=\/wp\/v2\/pages"}],"about":[{"href":"https:\/\/www.jsp-saintmauricedebeynost.com\/index.php?rest_route=\/wp\/v2\/types\/page"}],"author":[{"embeddable":true,"href":"https:\/\/www.jsp-saintmauricedebeynost.com\/index.php?rest_route=\/wp\/v2\/users\/1"}],"replies":[{"embeddable":true,"href":"https:\/\/www.jsp-saintmauricedebeynost.com\/index.php?rest_route=%2Fwp%2Fv2%2Fcomments&post=1137"}],"version-history":[{"count":3,"href":"https:\/\/www.jsp-saintmauricedebeynost.com\/index.php?rest_route=\/wp\/v2\/pages\/1137\/revisions"}],"predecessor-version":[{"id":1141,"href":"https:\/\/www.jsp-saintmauricedebeynost.com\/index.php?rest_route=\/wp\/v2\/pages\/1137\/revisions\/1141"}],"up":[{"embeddable":true,"href":"https:\/\/www.jsp-saintmauricedebeynost.com\/index.php?rest_route=\/wp\/v2\/pages\/2546"}],"wp:attachment":[{"href":"https:\/\/www.jsp-saintmauricedebeynost.com\/index.php?rest_route=%2Fwp%2Fv2%2Fmedia&parent=1137"}],"curies":[{"name":"wp","href":"https:\/\/api.w.org\/{rel}","templated":true}]}}