{"id":1012,"date":"2013-09-15T18:11:36","date_gmt":"2013-09-15T17:11:36","guid":{"rendered":"http:\/\/www.jsp-saintmauricedebeynost.com\/?page_id=1012"},"modified":"2020-09-10T17:57:40","modified_gmt":"2020-09-10T16:57:40","slug":"notion-de-responsabilite","status":"publish","type":"page","link":"https:\/\/www.jsp-saintmauricedebeynost.com\/?page_id=1012","title":{"rendered":"Notion de responsabilit\u00e9"},"content":{"rendered":"<link type=\"text\/css\" rel=\"stylesheet\" href=\"http:\/\/www.jsp-saintmauricedebeynost.com\/wp-content\/plugins\/quizzin\/style.css\" \/>\r\n<script type=\"text\/javascript\" src=\"http:\/\/www.jsp-saintmauricedebeynost.com\/wp-includes\/js\/jquery\/jquery.js\"><\/script>\r\n<script type=\"text\/javascript\" src=\"http:\/\/www.jsp-saintmauricedebeynost.com\/wp-content\/plugins\/quizzin\/script.js\"><\/script>\r\n\r\n<div class=\"quiz-area single-page-quiz\">\r\n<form action=\"\" method=\"post\" class=\"quiz-form\" id=\"quiz-61\">\r\n<div class='quizzin-question' id='question-1'><div class='question-content'>1) La r\u00e9paration des dommages caus\u00e9s par ses agents \u00e0 une personne pour des faits ayant un lien avec le service est :<\/div><br \/><input type='hidden' name='question_id[]' value='581' \/><input type='radio' name='answer-581' id='answer-id-2149' class='answer answer-1 ' value='2149' \/><label for='answer-id-2149' id='answer-label-2149' class=' answer label-1'><span>La responsabilit\u00e9 p\u00e9nale.<\/span><\/label><br \/><input type='radio' name='answer-581' id='answer-id-2150' class='answer answer-1 ' value='2150' \/><label for='answer-id-2150' id='answer-label-2150' class=' answer label-1'><span>La responsabilit\u00e9 civile.<\/span><\/label><br \/><input type='radio' name='answer-581' id='answer-id-2151' class='answer answer-1 ' value='2151' \/><label for='answer-id-2151' id='answer-label-2151' class=' answer label-1'><span>La responsabilit\u00e9 administrative.<\/span><\/label><br \/><\/div><div class='quizzin-question' id='question-2'><div class='question-content'>2) La r\u00e9paration du dommage que l\u2019on aura caus\u00e9 \u00e0 une personne physique ou morale est :<\/div><br \/><input type='hidden' name='question_id[]' value='582' \/><input type='radio' name='answer-582' id='answer-id-2152' class='answer answer-2 ' value='2152' \/><label for='answer-id-2152' id='answer-label-2152' class=' answer label-2'><span>La responsabilit\u00e9 p\u00e9nale.<\/span><\/label><br \/><input type='radio' name='answer-582' id='answer-id-2153' class='answer answer-2 ' value='2153' \/><label for='answer-id-2153' id='answer-label-2153' class=' answer label-2'><span>La responsabilit\u00e9 civile.<\/span><\/label><br \/><input type='radio' name='answer-582' id='answer-id-2154' class='answer answer-2 ' value='2154' \/><label for='answer-id-2154' id='answer-label-2154' class=' answer label-2'><span>La responsabilit\u00e9 administrative.<\/span><\/label><br \/><\/div><div class='quizzin-question' id='question-3'><div class='question-content'>3) La r\u00e9paration du dommage caus\u00e9 \u00e0 la soci\u00e9t\u00e9 sous forme d\u2019amende ou d\u2019emprisonnement est :<\/div><br \/><input type='hidden' name='question_id[]' value='583' \/><input type='radio' name='answer-583' id='answer-id-2155' class='answer answer-3 ' value='2155' \/><label for='answer-id-2155' id='answer-label-2155' class=' answer label-3'><span>La responsabilit\u00e9 p\u00e9nale.<\/span><\/label><br \/><input type='radio' name='answer-583' id='answer-id-2156' class='answer answer-3 ' value='2156' \/><label for='answer-id-2156' id='answer-label-2156' class=' answer label-3'><span>La responsabilit\u00e9 civile.<\/span><\/label><br \/><input type='radio' name='answer-583' id='answer-id-2157' class='answer answer-3 ' value='2157' \/><label for='answer-id-2157' id='answer-label-2157' class=' answer label-3'><span>La responsabilit\u00e9 administrative.<\/span><\/label><br \/><\/div><div class='quizzin-question' id='question-4'><div class='question-content'>4) S\u2019abstenir de porter un jugement sur les op\u00e9rations ou les d\u00e9cisions prises par les sup\u00e9rieurs :<\/div><br \/><input type='hidden' name='question_id[]' value='584' \/><input type='radio' name='answer-584' id='answer-id-2158' class='answer answer-4 ' value='2158' \/><label for='answer-id-2158' id='answer-label-2158' class=' answer label-4'><span>Devoir de discr\u00e9tion.<\/span><\/label><br \/><input type='radio' name='answer-584' id='answer-id-2159' class='answer answer-4 ' value='2159' \/><label for='answer-id-2159' id='answer-label-2159' class=' answer label-4'><span>Devoir de r\u00e9serve.<\/span><\/label><br \/><input type='radio' name='answer-584' id='answer-id-2160' class='answer answer-4 ' value='2160' \/><label for='answer-id-2160' id='answer-label-2160' class=' answer label-4'><span>Secret professionnel<\/span><\/label><br \/><\/div><div class='quizzin-question' id='question-5'><div class='question-content'>5) Il est interdit de divulguer tout document du service \u00e0 l\u2019ext\u00e9rieur de celui-ci :<\/div><br \/><input type='hidden' name='question_id[]' value='585' \/><input type='radio' name='answer-585' id='answer-id-2161' class='answer answer-5 ' value='2161' \/><label for='answer-id-2161' id='answer-label-2161' class=' answer label-5'><span>Devoir de discr\u00e9tion.<\/span><\/label><br \/><input type='radio' name='answer-585' id='answer-id-2162' class='answer answer-5 ' value='2162' \/><label for='answer-id-2162' id='answer-label-2162' class=' answer label-5'><span>Devoir de r\u00e9serve.<\/span><\/label><br \/><input type='radio' name='answer-585' id='answer-id-2163' class='answer answer-5 ' value='2163' \/><label for='answer-id-2163' id='answer-label-2163' class=' answer label-5'><span>Secret professionnel.<\/span><\/label><br \/><\/div><div class='quizzin-question' id='question-6'><div class='question-content'>6) Il est interdit de divulguer des informations relatives aux personnes secourues :<\/div><br \/><input type='hidden' name='question_id[]' value='586' \/><input type='radio' name='answer-586' id='answer-id-2164' class='answer answer-6 ' value='2164' \/><label for='answer-id-2164' id='answer-label-2164' class=' answer label-6'><span>Devoir de discr\u00e9tion.<\/span><\/label><br \/><input type='radio' name='answer-586' id='answer-id-2165' class='answer answer-6 ' value='2165' \/><label for='answer-id-2165' id='answer-label-2165' class=' answer label-6'><span>Devoir de r\u00e9serve.<\/span><\/label><br \/><input type='radio' name='answer-586' id='answer-id-2166' class='answer answer-6 ' value='2166' \/><label for='answer-id-2166' id='answer-label-2166' class=' answer label-6'><span>Secret professionnel.<\/span><\/label><br \/><\/div><div class='quizzin-question' id='question-7'><div class='question-content'>7) Lors d\u2019un franchissement des feux rouges fixes :<\/div><br \/><input type='hidden' name='question_id[]' value='587' \/><input type='radio' name='answer-587' id='answer-id-2167' class='answer answer-7 ' value='2167' \/><label for='answer-id-2167' id='answer-label-2167' class=' answer label-7'><span>J\u2019actionne les gyrophares, le deux tons, les codes.<\/span><\/label><br \/><input type='radio' name='answer-587' id='answer-id-2168' class='answer answer-7 ' value='2168' \/><label for='answer-id-2168' id='answer-label-2168' class=' answer label-7'><span>J\u2019actionne les gyrophares et codes sans deux tons.<\/span><\/label><br \/><input type='radio' name='answer-587' id='answer-id-2169' class='answer answer-7 ' value='2169' \/><label for='answer-id-2169' id='answer-label-2169' class=' answer label-7'><span>J\u2019actionne seulement les gyrophares et je passe sans m\u2019arr\u00eater.<\/span><\/label><br \/><\/div><div class='quizzin-question' id='question-8'><div class='question-content'>8) Le passage en sens interdit :<\/div><br \/><input type='hidden' name='question_id[]' value='588' \/><input type='radio' name='answer-588' id='answer-id-2170' class='answer answer-8 ' value='2170' \/><label for='answer-id-2170' id='answer-label-2170' class=' answer label-8'><span>Est autoris\u00e9 pour gagner du temps.<\/span><\/label><br \/><input type='radio' name='answer-588' id='answer-id-2171' class='answer answer-8 ' value='2171' \/><label for='answer-id-2171' id='answer-label-2171' class=' answer label-8'><span>Est interdit et c\u2019est une faute.<\/span><\/label><br \/><input type='radio' name='answer-588' id='answer-id-2172' class='answer answer-8 ' value='2172' \/><label for='answer-id-2172' id='answer-label-2172' class=' answer label-8'><span>Seulement si le lieu de l\u2019intervention est \u00e0 moins de 100m.<\/span><\/label><br \/><\/div><div class='quizzin-question' id='question-9'><div class='question-content'>9) Le retour d\u2019intervention se fait :<\/div><br \/><input type='hidden' name='question_id[]' value='589' \/><input type='radio' name='answer-589' id='answer-id-2173' class='answer answer-9 ' value='2173' \/><label for='answer-id-2173' id='answer-label-2173' class=' answer label-9'><span>Comme \u00e0 l\u2019all\u00e9 avec gyrophare, deux tons et codes.<\/span><\/label><br \/><input type='radio' name='answer-589' id='answer-id-2174' class='answer answer-9 ' value='2174' \/><label for='answer-id-2174' id='answer-label-2174' class=' answer label-9'><span>Rapidement pour \u00eatre disponible tout en franchissant doucement les feux rouges.<\/span><\/label><br \/><input type='radio' name='answer-589' id='answer-id-2175' class='answer answer-9 ' value='2175' \/><label for='answer-id-2175' id='answer-label-2175' class=' answer label-9'><span>En se conformant aux dispositions du code de la route.<\/span><\/label><br \/><\/div><div class='quizzin-question' id='question-10'><div class='question-content'>10) Le taux d\u2019alcool au volant tol\u00e9r\u00e9 pour les Sapeurs-Pompiers en service est :<\/div><br \/><input type='hidden' name='question_id[]' value='590' \/><input type='radio' name='answer-590' id='answer-id-2176' class='answer answer-10 ' value='2176' \/><label for='answer-id-2176' id='answer-label-2176' class=' answer label-10'><span>0 g par litre de sang.<\/span><\/label><br \/><input type='radio' name='answer-590' id='answer-id-2177' class='answer answer-10 ' value='2177' \/><label for='answer-id-2177' id='answer-label-2177' class=' answer label-10'><span>0,25 g par litre de sang.<\/span><\/label><br \/><input type='radio' name='answer-590' id='answer-id-2178' class='answer answer-10 ' value='2178' \/><label for='answer-id-2178' id='answer-label-2178' class=' answer label-10'><span>0,5 g par litre de sang.<\/span><\/label><br \/><\/div><br \/>\r\n<input type=\"button\" id=\"next-question\" value=\"Suivant &gt;\"  \/><br \/>\r\n\r\n<input type=\"submit\" name=\"action\" id=\"action-button\" value=\"Voir le r\u00e9sultat\"  \/>\r\n<input type=\"hidden\" name=\"quiz_id\" value=\"61\" \/>\r\n<\/form>\r\n<\/div>\r\n\r\n\n","protected":false},"excerpt":{"rendered":"","protected":false},"author":1,"featured_media":0,"parent":2544,"menu_order":0,"comment_status":"closed","ping_status":"closed","template":"","meta":{"ngg_post_thumbnail":0,"_themeisle_gutenberg_block_has_review":false,"footnotes":""},"class_list":["post-1012","page","type-page","status-publish","hentry"],"_links":{"self":[{"href":"https:\/\/www.jsp-saintmauricedebeynost.com\/index.php?rest_route=\/wp\/v2\/pages\/1012","targetHints":{"allow":["GET"]}}],"collection":[{"href":"https:\/\/www.jsp-saintmauricedebeynost.com\/index.php?rest_route=\/wp\/v2\/pages"}],"about":[{"href":"https:\/\/www.jsp-saintmauricedebeynost.com\/index.php?rest_route=\/wp\/v2\/types\/page"}],"author":[{"embeddable":true,"href":"https:\/\/www.jsp-saintmauricedebeynost.com\/index.php?rest_route=\/wp\/v2\/users\/1"}],"replies":[{"embeddable":true,"href":"https:\/\/www.jsp-saintmauricedebeynost.com\/index.php?rest_route=%2Fwp%2Fv2%2Fcomments&post=1012"}],"version-history":[{"count":2,"href":"https:\/\/www.jsp-saintmauricedebeynost.com\/index.php?rest_route=\/wp\/v2\/pages\/1012\/revisions"}],"predecessor-version":[{"id":1014,"href":"https:\/\/www.jsp-saintmauricedebeynost.com\/index.php?rest_route=\/wp\/v2\/pages\/1012\/revisions\/1014"}],"up":[{"embeddable":true,"href":"https:\/\/www.jsp-saintmauricedebeynost.com\/index.php?rest_route=\/wp\/v2\/pages\/2544"}],"wp:attachment":[{"href":"https:\/\/www.jsp-saintmauricedebeynost.com\/index.php?rest_route=%2Fwp%2Fv2%2Fmedia&parent=1012"}],"curies":[{"name":"wp","href":"https:\/\/api.w.org\/{rel}","templated":true}]}}